{"id":49080,"date":"2025-04-10T12:09:50","date_gmt":"2025-04-10T10:09:50","guid":{"rendered":"https:\/\/myspainfood.com\/producto\/baklazaanitukid-la-encajera-almagro-700-grammi-120-uhikut\/"},"modified":"2025-04-10T12:09:50","modified_gmt":"2025-04-10T10:09:50","slug":"baklazaanitukid-la-encajera-almagro-700-grammi-120-uhikut","status":"publish","type":"product","link":"https:\/\/myspainfood.com\/et\/producto\/baklazaanitukid-la-encajera-almagro-700-grammi-120-uhikut\/","title":{"rendered":"Bakla\u017eaanit\u00fckid la Encajera almagro 700 grammi 120 \u00fchikut"},"content":{"rendered":"<p><a href=\"https:\/\/www.laencajera.es\/berenjenas-de-almagro\" target=\"_blank\" rel=\"noopener noreferrer nofollow\">Almagro<\/a> salatite peamine koostisosa on hakitud bakla\u017eaan. Tunnetage traditsioonilist maitset igas suut\u00e4iega. <\/p>\n<p>Tavaliselt serveeritakse seda eelroana v\u00f5i kombineerituna lusikaroogades. T\u00fckeldatud bakla\u017eaanid on p\u00e4rit Castilla la Manchast, Hispaaniast. <\/p>\n<p>Koostisained: Aubergiin &#8220;De Almagro&#8221;, vesi, sool, alkoholi\u00e4\u00e4dikas, sidrunhape (E-330), kaltsiumkloriid (E-509), naatriummetabisulfit, k\u00f6\u00f6men, paprika, naturaalne apteegitilluke, piimhape (E-270).<\/p>\n<p>S\u00e4ilitamistingimused:<\/p>\n<p>Hoida jahedas ja kuivas kohas, temperatuuril 3\u00baC kuni 10\u00baC. Kaitske p\u00e4ikesevalguse ja tugevate l\u00f5hnade eest. <\/p>\n<p>P\u00e4rast avamist hoida k\u00fclmkapis ja tarbida 30 p\u00e4eva jooksul.<\/p>\n<p>Kui soovite osta oliive v\u00f5i mis tahes muud t\u00fc\u00fcpi <a href=\"https:\/\/latiendadesami.com\/categoria-producto\/encurtidos\/\" rel=\"noopener noreferrer nofollow\" target=\"_blank\">hapukurki<\/a>, siis vaadake julgelt meie veebikataloogi, et n\u00e4ha meie laia valikut <a href=\"https:\/\/latiendadesami.com\/categoria-producto\/encurtidos\/berenjenas\/\" target=\"_blank\" rel=\"noopener noreferrer nofollow\">bakla\u017eaane<\/a>.<\/p>\n<p>Kaubam\u00e4rk on La Encajonera, 1990. aastal asutatud pereettev\u00f5te, mis asub La Mancha s\u00fcdames, Ciudad Reali provintsis asuvas ALMAGRO linnas.<\/p>\n<p>Selle toodete tootmisprotsess algab samas kasvatuspiirkonnas, kus valitakse v\u00e4lja parima kvaliteediga toode.<\/p>\n<p>Tehas on varustatud k\u00f5ige kaasaegsema tehnoloogiaga, s\u00e4ilitades samas k\u00e4sit\u00f6\u00f6liste traditsiooni ja oskusteavet.<\/p>\n","protected":false},"excerpt":{"rendered":"<p>Almagro salatite staarne koostisosa. Tunnetage traditsioonilist maitset igas suut\u00e4iega. Tavaliselt serveeritakse seda eelroana v\u00f5i kombineerituna lusikaroogadega.  <\/p>\n","protected":false},"featured_media":23082,"template":"","meta":{"_et_pb_use_builder":"","_et_pb_old_content":"","_et_gb_content_width":""},"product_brand":[1057],"product_cat":[2112,3016,1790],"product_tag":[4155],"class_list":{"0":"post-49080","1":"product","2":"type-product","3":"status-publish","4":"has-post-thumbnail","6":"product_brand-la-encajera","7":"product_cat-baklazaanid","8":"product_cat-hulgimuuk","9":"product_cat-kurgid","10":"product_tag-chopped","12":"first","13":"outofstock","14":"taxable","15":"shipping-taxable","16":"purchasable","17":"product-type-simple"},"_links":{"self":[{"href":"https:\/\/myspainfood.com\/et\/wp-json\/wp\/v2\/product\/49080","targetHints":{"allow":["GET"]}}],"collection":[{"href":"https:\/\/myspainfood.com\/et\/wp-json\/wp\/v2\/product"}],"about":[{"href":"https:\/\/myspainfood.com\/et\/wp-json\/wp\/v2\/types\/product"}],"wp:featuredmedia":[{"embeddable":true,"href":"https:\/\/myspainfood.com\/et\/wp-json\/wp\/v2\/media\/23082"}],"wp:attachment":[{"href":"https:\/\/myspainfood.com\/et\/wp-json\/wp\/v2\/media?parent=49080"}],"wp:term":[{"taxonomy":"product_brand","embeddable":true,"href":"https:\/\/myspainfood.com\/et\/wp-json\/wp\/v2\/product_brand?post=49080"},{"taxonomy":"product_cat","embeddable":true,"href":"https:\/\/myspainfood.com\/et\/wp-json\/wp\/v2\/product_cat?post=49080"},{"taxonomy":"product_tag","embeddable":true,"href":"https:\/\/myspainfood.com\/et\/wp-json\/wp\/v2\/product_tag?post=49080"}],"curies":[{"name":"wp","href":"https:\/\/api.w.org\/{rel}","templated":true}]}}