{"id":49174,"date":"2025-04-10T12:10:00","date_gmt":"2025-04-10T10:10:00","guid":{"rendered":"https:\/\/myspainfood.com\/producto\/alino-de-mi-pueblo-chicon-oliivid-900-grammi-pakend-6-uhikut\/"},"modified":"2025-04-10T12:10:00","modified_gmt":"2025-04-10T10:10:00","slug":"alino-de-mi-pueblo-chicon-oliivid-900-grammi-pakend-6-uhikut","status":"publish","type":"product","link":"https:\/\/myspainfood.com\/et\/producto\/alino-de-mi-pueblo-chicon-oliivid-900-grammi-pakend-6-uhikut\/","title":{"rendered":"Ali\u00f1o de mi pueblo Chic\u00f3n oliivid 900 grammi pakend 6 \u00fchikut"},"content":{"rendered":"<p>&#8220;Ali\u00f1o de mi Pueblo&#8221; manzanilla <strong>oliivid<\/strong> on traditsioonilise retsepti j\u00e4rgi parimate koostisosadega maitsestatud <a href=\"https:\/\/aceitunaschiconlebron.com\/catalogo-productos\/comprar-aceitunas\/deshuesadas\/\" target=\"_blank\" rel=\"noopener noreferrer nofollow\">oliivid<\/a>.<\/p>\n<p>Nende oliivide erilise maitse saavutamise saladus on looduslike v\u00fcrtside kasutamine ja temperatuurikontroll.<\/p>\n<p>Ali\u00f1o de mi pueblo oliivid on pehmed ja nende mahlakas viljaliha annab neile erilise maitse.<\/p>\n<p>Soolvees leotatud ja happesuse v\u00e4hendamiseks t\u00f6\u00f6deldud kodused <a href=\"https:\/\/latiendadesami.com\/categoria-producto\/encurtidos\/\" target=\"_blank\" rel=\"noopener noreferrer nofollow\">marineeritud<\/a> oliivid on tavaline vaatepilt paljudel terrassidel ja restoranides.<\/p>\n<h3>Ali\u00f1o de mi Pueblo oliivide eelised<\/h3>\n<p>Kas teadsite nende <strong>oliivide<\/strong> mitmek\u00fclgset kasu? Nad on v\u00e4ga t\u00f5husad s\u00fcdame- ja vereringehaiguste ennetamisel \u00fcldiselt. <\/p>\n<p>See on tingitud selle suurest k\u00fcllastumata rasvade sisaldusest. Lisaks sellele sisaldab see toit palju rauda ja kiudaineid ning on v\u00e4ga k\u00fcllastav, mist\u00f5ttu on see ideaalne vahepala. <\/p>\n<p>Kui soovite osta oliive v\u00f5i mis tahes muud liiki <a href=\"https:\/\/latiendadesami.com\/categoria-producto\/encurtidos\/\" rel=\"noopener noreferrer nofollow\" target=\"_blank\">marineeritud toiduaineid<\/a>, siis vaadake julgelt meie veebikataloogi, et n\u00e4ha meie <a href=\"https:\/\/latiendadesami.com\/categoria-producto\/encurtidos\/aceitunas\/\" target=\"_blank\" rel=\"noopener noreferrer nofollow\">oliivide<\/a> suurt valikut.<\/p>\n","protected":false},"excerpt":{"rendered":"<p>&#8220;Ali\u00f1o de mi Pueblo&#8221; manzanilla oliivid on traditsioonilise retsepti j\u00e4rgi parimate koostisosadega maitsestatud oliivid. Nende oliivide erilise maitse saavutamise saladus on looduslike v\u00fcrtside kasutamine ja temperatuurikontroll. Ali\u00f1o de mi pueblo oliivid on pehmed ja nende mahlakas viljaliha annab neile erilise maitse. Soolvees leotatud ja happesuse v\u00e4hendamiseks t\u00f6\u00f6deldud kodused marineeritud oliivid on tavaline vaatepilt paljudel terrassidel [&hellip;]<\/p>\n","protected":false},"featured_media":49182,"template":"","meta":{"_et_pb_use_builder":"","_et_pb_old_content":"","_et_gb_content_width":""},"product_brand":[1036],"product_cat":[3016,3149],"product_tag":[9935],"class_list":{"0":"post-49174","1":"product","2":"type-product","3":"status-publish","4":"has-post-thumbnail","6":"product_brand-chicon","7":"product_cat-hulgimuuk","8":"product_cat-kurgid-et-2","9":"product_tag-kula","11":"first","12":"instock","13":"taxable","14":"shipping-taxable","15":"purchasable","16":"product-type-variable"},"_links":{"self":[{"href":"https:\/\/myspainfood.com\/et\/wp-json\/wp\/v2\/product\/49174","targetHints":{"allow":["GET"]}}],"collection":[{"href":"https:\/\/myspainfood.com\/et\/wp-json\/wp\/v2\/product"}],"about":[{"href":"https:\/\/myspainfood.com\/et\/wp-json\/wp\/v2\/types\/product"}],"wp:featuredmedia":[{"embeddable":true,"href":"https:\/\/myspainfood.com\/et\/wp-json\/wp\/v2\/media\/49182"}],"wp:attachment":[{"href":"https:\/\/myspainfood.com\/et\/wp-json\/wp\/v2\/media?parent=49174"}],"wp:term":[{"taxonomy":"product_brand","embeddable":true,"href":"https:\/\/myspainfood.com\/et\/wp-json\/wp\/v2\/product_brand?post=49174"},{"taxonomy":"product_cat","embeddable":true,"href":"https:\/\/myspainfood.com\/et\/wp-json\/wp\/v2\/product_cat?post=49174"},{"taxonomy":"product_tag","embeddable":true,"href":"https:\/\/myspainfood.com\/et\/wp-json\/wp\/v2\/product_tag?post=49174"}],"curies":[{"name":"wp","href":"https:\/\/api.w.org\/{rel}","templated":true}]}}