{"id":49594,"date":"2025-04-10T12:07:46","date_gmt":"2025-04-10T10:07:46","guid":{"rendered":"https:\/\/myspainfood.com\/producto\/manzanilla-4-kg-kaliibriga-180-200\/"},"modified":"2025-04-10T12:07:46","modified_gmt":"2025-04-10T10:07:46","slug":"manzanilla-4-kg-kaliibriga-180-200","status":"publish","type":"product","link":"https:\/\/myspainfood.com\/et\/producto\/manzanilla-4-kg-kaliibriga-180-200\/","title":{"rendered":"Manzanilla 4 kg kaliibriga 180\/200"},"content":{"rendered":"<p>Manzanilla oliivid 180\/200 kaliibriga 4kg s\u00e4ilitavad oma <a href=\"https:\/\/www.google.com\/search?q=aceituna+manzanilla+calibre&amp;tbm=isch&amp;ved=2ahUKEwjzs-WOhPD1AhWHh1wKHXXjAgAQ2-cCegQIABAA&amp;oq=aceituna+manzanilla+calibre&amp;gs_lcp=CgNpbWcQA1CzBli4GGC8GWgAcAB4AIABbYgBzQySAQQxNy4ymAEAoAEBqgELZ3dzLXdpei1pbWfAAQE&amp;sclient=img&amp;ei=6FcCYvOfBoeP8gL1xgs&amp;bih=780&amp;biw=1577\" target=\"_blank\" rel=\"noopener noreferrer nofollow\">algse<\/a> kuju, s\u00e4ilitades kivi vilja sees.<\/p>\n<p>Erinevaid oliivipuu (Olea europaea) sorte tuntakse kaameli nime all.<\/p>\n<p>See nimi on antud ka nende viljadele v\u00f5i oliividele, mida nad toodavad.<\/p>\n<p>Peamised sordid on manzanilla sevillana, manzanilla cacere\u00f1a ja manzanilla alore\u00f1a.<\/p>\n<p>Neid terveid oliive on soovitatav hoida jahedas ja kuivas kohas, eemal p\u00e4ikesevalgusest.<\/p>\n<h3>Kummeli 180\/200 kaliibriga 4kg eelised<\/h3>\n<p>Kas teadsite nende oliivide mitmek\u00fclgset kasu? Nad on v\u00e4ga t\u00f5husad s\u00fcdame- ja vereringehaiguste ennetamisel \u00fcldiselt. <\/p>\n<p>See on tingitud selle suurest k\u00fcllastumata rasvade sisaldusest. Lisaks sellele sisaldab see toit palju rauda ja kiudaineid ning on v\u00e4ga k\u00fcllastav, mist\u00f5ttu on see ideaalne vahepala. <\/p>\n<p>Kui soovite osta oliive v\u00f5i mis tahes muud liiki <a href=\"https:\/\/latiendadesami.com\/categoria-producto\/encurtidos\/\" rel=\"noopener noreferrer nofollow\" target=\"_blank\">marineeritud toiduaineid<\/a>, siis vaadake julgelt meie veebikataloogi, et n\u00e4ha meie <a href=\"https:\/\/latiendadesami.com\/categoria-producto\/encurtidos\/aceitunas\/\" target=\"_blank\" rel=\"noopener noreferrer nofollow\">oliivide<\/a> suurt valikut.<\/p>\n","protected":false},"excerpt":{"rendered":"<p>Manzanilla oliivid 180\/200 kaliibriga 4kg s\u00e4ilitavad oma algse kuju, s\u00e4ilitades kivi vilja sees. Erinevaid oliivipuu (Olea europaea) sorte tuntakse kaameli nime all. See nimi on antud ka nende viljadele v\u00f5i oliividele, mida nad toodavad. Peamised sordid on manzanilla sevillana, manzanilla cacere\u00f1a ja manzanilla alore\u00f1a. Neid terveid oliive on soovitatav hoida jahedas ja kuivas kohas, eemal [&hellip;]<\/p>\n","protected":false},"featured_media":49595,"template":"","meta":{"_et_pb_use_builder":"","_et_pb_old_content":"","_et_gb_content_width":""},"product_brand":[1069],"product_cat":[1790,1793],"product_tag":[2042],"class_list":{"0":"post-49594","1":"product","2":"type-product","3":"status-publish","4":"has-post-thumbnail","6":"product_brand-sangar","7":"product_cat-kurgid","8":"product_cat-oliivid","9":"product_tag-kummel","11":"first","12":"outofstock","13":"taxable","14":"shipping-taxable","15":"purchasable","16":"product-type-simple"},"_links":{"self":[{"href":"https:\/\/myspainfood.com\/et\/wp-json\/wp\/v2\/product\/49594","targetHints":{"allow":["GET"]}}],"collection":[{"href":"https:\/\/myspainfood.com\/et\/wp-json\/wp\/v2\/product"}],"about":[{"href":"https:\/\/myspainfood.com\/et\/wp-json\/wp\/v2\/types\/product"}],"wp:featuredmedia":[{"embeddable":true,"href":"https:\/\/myspainfood.com\/et\/wp-json\/wp\/v2\/media\/49595"}],"wp:attachment":[{"href":"https:\/\/myspainfood.com\/et\/wp-json\/wp\/v2\/media?parent=49594"}],"wp:term":[{"taxonomy":"product_brand","embeddable":true,"href":"https:\/\/myspainfood.com\/et\/wp-json\/wp\/v2\/product_brand?post=49594"},{"taxonomy":"product_cat","embeddable":true,"href":"https:\/\/myspainfood.com\/et\/wp-json\/wp\/v2\/product_cat?post=49594"},{"taxonomy":"product_tag","embeddable":true,"href":"https:\/\/myspainfood.com\/et\/wp-json\/wp\/v2\/product_tag?post=49594"}],"curies":[{"name":"wp","href":"https:\/\/api.w.org\/{rel}","templated":true}]}}