{"id":50625,"date":"2025-05-21T08:44:03","date_gmt":"2025-05-21T06:44:03","guid":{"rendered":"https:\/\/myspainfood.com\/producto\/kummel-kondiga-900-gr-chicon\/"},"modified":"2026-01-29T12:58:31","modified_gmt":"2026-01-29T11:58:31","slug":"kummel-kondiga-900-gr-chicon","status":"publish","type":"product","link":"https:\/\/myspainfood.com\/et\/producto\/kummel-kondiga-900-gr-chicon\/","title":{"rendered":"Kummel kondiga 900 gr Chic\u00f3n"},"content":{"rendered":"<p>Terved kiviga Manzanilla oliivid s\u00e4ilitavad oma algse kuju, s\u00e4ilitades kivi vilja sees.<\/p>\n<p>Neid terveid oliive on soovitav hoida jahedas ja kuivas kohas, eemal p\u00e4ikesevalgusest.<\/p>\n<h3>Manzanilla oliivide eelised koos <a href=\"https:\/\/aceitunaschiconlebron.com\/catalogo-productos\/comprar-aceitunas\/deshuesadas\/\" target=\"_blank\" rel=\"noopener noreferrer nofollow\">Chic\u00f3ni<\/a> kividega<\/h3>\n<p>Kas teadsite nende oliivide mitmek\u00fclgset kasu? Nad on v\u00e4ga t\u00f5husad s\u00fcdame- ja vereringehaiguste ennetamisel \u00fcldiselt. <\/p>\n<p>See on tingitud selle suurest k\u00fcllastumata rasvade sisaldusest. Lisaks sellele sisaldab see toit palju rauda ja kiudaineid ning on v\u00e4ga k\u00fcllastav, mist\u00f5ttu on see ideaalne vahepala. <\/p>\n<p>Kui soovite osta oliive v\u00f5i mis tahes muud liiki <a href=\"https:\/\/latiendadesami.com\/categoria-producto\/encurtidos\/\" rel=\"noopener noreferrer nofollow\" target=\"_blank\">marineeritud toiduaineid<\/a>, siis vaadake julgelt meie veebikataloogi, et n\u00e4ha meie <a href=\"https:\/\/latiendadesami.com\/categoria-producto\/encurtidos\/aceitunas\/\" target=\"_blank\" rel=\"noopener noreferrer nofollow\">oliivide<\/a> suurt valikut.<\/p>\n","protected":false},"excerpt":{"rendered":"<p>Terved kiviga Manzanilla oliivid s\u00e4ilitavad oma algse kuju, s\u00e4ilitades kivi vilja sees. Neid terveid oliive on soovitav hoida jahedas ja kuivas kohas, eemal p\u00e4ikesevalgusest. Manzanilla oliivide eelised koos Chic\u00f3ni kividega Kas teadsite nende oliivide mitmek\u00fclgset kasu? Nad on v\u00e4ga t\u00f5husad s\u00fcdame- ja vereringehaiguste ennetamisel \u00fcldiselt. See on tingitud selle suurest k\u00fcllastumata rasvade sisaldusest. Lisaks sellele [&hellip;]<\/p>\n","protected":false},"featured_media":50335,"template":"","meta":{"_et_pb_use_builder":"","_et_pb_old_content":"","_et_gb_content_width":""},"product_brand":[1036],"product_cat":[1790,1793],"product_tag":[2042,10025],"class_list":{"0":"post-50625","1":"product","2":"type-product","3":"status-publish","4":"has-post-thumbnail","6":"product_brand-chicon","7":"product_cat-kurgid","8":"product_cat-oliivid","9":"product_tag-kummel","10":"product_tag-luudega","12":"first","13":"instock","14":"taxable","15":"shipping-taxable","16":"purchasable","17":"product-type-variable"},"_links":{"self":[{"href":"https:\/\/myspainfood.com\/et\/wp-json\/wp\/v2\/product\/50625","targetHints":{"allow":["GET"]}}],"collection":[{"href":"https:\/\/myspainfood.com\/et\/wp-json\/wp\/v2\/product"}],"about":[{"href":"https:\/\/myspainfood.com\/et\/wp-json\/wp\/v2\/types\/product"}],"wp:featuredmedia":[{"embeddable":true,"href":"https:\/\/myspainfood.com\/et\/wp-json\/wp\/v2\/media\/50335"}],"wp:attachment":[{"href":"https:\/\/myspainfood.com\/et\/wp-json\/wp\/v2\/media?parent=50625"}],"wp:term":[{"taxonomy":"product_brand","embeddable":true,"href":"https:\/\/myspainfood.com\/et\/wp-json\/wp\/v2\/product_brand?post=50625"},{"taxonomy":"product_cat","embeddable":true,"href":"https:\/\/myspainfood.com\/et\/wp-json\/wp\/v2\/product_cat?post=50625"},{"taxonomy":"product_tag","embeddable":true,"href":"https:\/\/myspainfood.com\/et\/wp-json\/wp\/v2\/product_tag?post=50625"}],"curies":[{"name":"wp","href":"https:\/\/api.w.org\/{rel}","templated":true}]}}