{"id":50981,"date":"2025-05-21T09:40:50","date_gmt":"2025-05-21T07:40:50","guid":{"rendered":"https:\/\/myspainfood.com\/producto\/kimbitos-oliivi-ja-kornissikurk-900-gr-chicon\/"},"modified":"2026-01-29T13:10:12","modified_gmt":"2026-01-29T12:10:12","slug":"kimbitos-oliivi-ja-kornissikurk-900-gr-chicon","status":"publish","type":"product","link":"https:\/\/myspainfood.com\/et\/producto\/kimbitos-oliivi-ja-kornissikurk-900-gr-chicon\/","title":{"rendered":"Kimbitos - oliivi- ja korni\u0161\u0161ikurki 900 gr Chic\u00f3n"},"content":{"rendered":"<p><a href=\"https:\/\/aceitunaschiconlebron.com\/catalogo\/manzanilla-rellena-de-pepinillo\/\" target=\"_blank\" rel=\"noopener noreferrer nofollow\">Kimbitos oliivi- ja kurkitsakurk<\/a>, maheda magushapu maitsega.<\/p>\n<h3>Manzanilla v\u00f5i Kimbitose oliivide omadused<\/h3>\n<p>Algselt Hispaaniast p\u00e4rit Manzanilla oliivid pakuvad suuri eeliseid, mille hulgas on j\u00e4rgmised:<\/p>\n<p>Nad annavad suures koguses antioks\u00fcdante.<\/p>\n<p>Nad alandavad verer\u00f5hku ja kolesterooli.<\/p>\n<p>ennetab m\u00f5nda t\u00fc\u00fcpi v\u00e4hki.<\/p>\n<p>Nad toimivad loomuliku probiootikumina.<\/p>\n<p>Parandada s\u00fcdame tervist.<\/p>\n<p>Nad aitavad v\u00f5idelda infektsioonide vastu.<\/p>\n<p>Nad ennetavad osteoporoosi.<\/p>\n<p>Kas teadsite nende Kimbitose oliivide mitmek\u00fclgset kasu? Neil on suur j\u00f5ud, kui tegemist on s\u00fcdame- ja vereringehaiguste ennetamisega \u00fcldiselt. <\/p>\n<p>Kui soovite osta oliive v\u00f5i mis tahes muud liiki <a href=\"https:\/\/latiendadesami.com\/categoria-producto\/encurtidos\/\" rel=\"noopener noreferrer nofollow\" target=\"_blank\">marineeritud toiduaineid<\/a>, siis vaadake julgelt meie veebikataloogi, et n\u00e4ha meie <a href=\"https:\/\/latiendadesami.com\/categoria-producto\/encurtidos\/aceitunas\/\" target=\"_blank\" rel=\"noopener noreferrer nofollow\">oliivide<\/a> suurt valikut.<\/p>\n","protected":false},"excerpt":{"rendered":"<p>Kimbitos oliivi- ja kurkitsakurk, maheda magushapu maitsega. Manzanilla v\u00f5i Kimbitose oliivide omadused Algselt Hispaaniast p\u00e4rit Manzanilla oliivid pakuvad suuri eeliseid, mille hulgas on j\u00e4rgmised: Nad annavad suures koguses antioks\u00fcdante. Nad alandavad verer\u00f5hku ja kolesterooli. ennetab m\u00f5nda t\u00fc\u00fcpi v\u00e4hki. Nad toimivad loomuliku probiootikumina. Parandada s\u00fcdame tervist. Nad aitavad v\u00f5idelda infektsioonide vastu. Nad ennetavad osteoporoosi. Kas teadsite [&hellip;]<\/p>\n","protected":false},"featured_media":50986,"template":"","meta":{"_et_pb_use_builder":"","_et_pb_old_content":"","_et_gb_content_width":""},"product_brand":[1036],"product_cat":[1995,1790,1793],"product_tag":[2021,1996,2042],"class_list":{"0":"post-50981","1":"product","2":"type-product","3":"status-publish","4":"has-post-thumbnail","6":"product_brand-chicon","7":"product_cat-kurgid-et","8":"product_cat-kurgid","9":"product_cat-oliivid","10":"product_tag-gherkin-et","11":"product_tag-kimbo-et","12":"product_tag-kummel","14":"first","15":"instock","16":"taxable","17":"shipping-taxable","18":"purchasable","19":"product-type-variable"},"_links":{"self":[{"href":"https:\/\/myspainfood.com\/et\/wp-json\/wp\/v2\/product\/50981","targetHints":{"allow":["GET"]}}],"collection":[{"href":"https:\/\/myspainfood.com\/et\/wp-json\/wp\/v2\/product"}],"about":[{"href":"https:\/\/myspainfood.com\/et\/wp-json\/wp\/v2\/types\/product"}],"wp:featuredmedia":[{"embeddable":true,"href":"https:\/\/myspainfood.com\/et\/wp-json\/wp\/v2\/media\/50986"}],"wp:attachment":[{"href":"https:\/\/myspainfood.com\/et\/wp-json\/wp\/v2\/media?parent=50981"}],"wp:term":[{"taxonomy":"product_brand","embeddable":true,"href":"https:\/\/myspainfood.com\/et\/wp-json\/wp\/v2\/product_brand?post=50981"},{"taxonomy":"product_cat","embeddable":true,"href":"https:\/\/myspainfood.com\/et\/wp-json\/wp\/v2\/product_cat?post=50981"},{"taxonomy":"product_tag","embeddable":true,"href":"https:\/\/myspainfood.com\/et\/wp-json\/wp\/v2\/product_tag?post=50981"}],"curies":[{"name":"wp","href":"https:\/\/api.w.org\/{rel}","templated":true}]}}