{"id":51093,"date":"2025-05-21T09:40:50","date_gmt":"2025-05-21T07:40:50","guid":{"rendered":"https:\/\/myspainfood.com\/producto\/rannamuna-extra-900-gr-chicon\/"},"modified":"2026-01-29T13:05:05","modified_gmt":"2026-01-29T12:05:05","slug":"rannamuna-extra-900-gr-chicon","status":"publish","type":"product","link":"https:\/\/myspainfood.com\/et\/producto\/rannamuna-extra-900-gr-chicon\/","title":{"rendered":"Rannamuna Extra 900 gr Chic\u00f3n"},"content":{"rendered":"<p>Meie ekstra oliivide ja hapukurkidega munarooga koosneb manzanilla <a href=\"https:\/\/aceitunaschiconlebron.com\/catalogo\/revuelto-extra-aceitunas-encurtidos\/\" target=\"_blank\" rel=\"noopener noreferrer nofollow\">oliividest<\/a>, kurkidest, sibulast ja porgandist.<\/p>\n<p>See oliivide ja marineeritud hapukurkide kombinatsioon v\u00f5imaldab nautida tapas- v\u00f5i eelroogades v\u00f5rratut maitset.<\/p>\n<p>See on v\u00e4ga tervislik t\u00e4iendus meie traditsioonilisele toitev\u00e4\u00e4rtuslikule Vahemere piirkonna toitumisele.<\/p>\n<p>Marineeritud hapukurgid on kogu maailmas muutunud iidsetest toidu s\u00e4ilitamise meetoditest \u00fcheks k\u00f5ige populaarsemaks tapaks v\u00f5i eelroaks Hispaania gastronoomias.<\/p>\n<h3><strong>Scrambled Extra eelised<\/strong><\/h3>\n<p>Kas teadsite Revuelto Extra ja marineeritud hapukurkide eeliseid \u00fcldiselt? Siin on nimekiri k\u00f5ige olulisematest: <\/p>\n<ul>\n<li>Rikkalikult probiootikume.<\/li>\n<li>Nad aitavad seedimist.<\/li>\n<li>Nad tugevdavad immuuns\u00fcsteemi.<\/li>\n<li>Nad v\u00e4hendavad suhkru isu.<\/li>\n<li>Soodne sapip\u00f5ie jaoks.<\/li>\n<\/ul>\n<p>Kui soovite osta oliive v\u00f5i mis tahes muud liiki <a href=\"https:\/\/latiendadesami.com\/categoria-producto\/encurtidos\/\" rel=\"noopener noreferrer nofollow\" target=\"_blank\">marineeritud toiduaineid<\/a>, siis vaadake julgelt meie veebikataloogi, et n\u00e4ha meie <a href=\"https:\/\/latiendadesami.com\/categoria-producto\/encurtidos\/aceitunas\/\" target=\"_blank\" rel=\"noopener noreferrer nofollow\">oliivide<\/a> suurt valikut.<\/p>\n","protected":false},"excerpt":{"rendered":"<p>Meie ekstra oliivide ja hapukurkidega munarooga koosneb manzanilla oliividest, kurkidest, sibulast ja porgandist. See oliivide ja marineeritud hapukurkide kombinatsioon v\u00f5imaldab nautida tapas- v\u00f5i eelroogades v\u00f5rratut maitset. See on v\u00e4ga tervislik t\u00e4iendus meie traditsioonilisele toitev\u00e4\u00e4rtuslikule Vahemere piirkonna toitumisele. Marineeritud hapukurgid on kogu maailmas muutunud iidsetest toidu s\u00e4ilitamise meetoditest \u00fcheks k\u00f5ige populaarsemaks tapaks v\u00f5i eelroaks Hispaania gastronoomias. [&hellip;]<\/p>\n","protected":false},"featured_media":50823,"template":"","meta":{"_et_pb_use_builder":"","_et_pb_old_content":"","_et_gb_content_width":""},"product_brand":[1036],"product_cat":[1790,1793],"product_tag":[8148],"class_list":{"0":"post-51093","1":"product","2":"type-product","3":"status-publish","4":"has-post-thumbnail","6":"product_brand-chicon","7":"product_cat-kurgid","8":"product_cat-oliivid","9":"product_tag-ruubatud-munad","11":"first","12":"instock","13":"taxable","14":"shipping-taxable","15":"purchasable","16":"product-type-variable"},"_links":{"self":[{"href":"https:\/\/myspainfood.com\/et\/wp-json\/wp\/v2\/product\/51093","targetHints":{"allow":["GET"]}}],"collection":[{"href":"https:\/\/myspainfood.com\/et\/wp-json\/wp\/v2\/product"}],"about":[{"href":"https:\/\/myspainfood.com\/et\/wp-json\/wp\/v2\/types\/product"}],"wp:featuredmedia":[{"embeddable":true,"href":"https:\/\/myspainfood.com\/et\/wp-json\/wp\/v2\/media\/50823"}],"wp:attachment":[{"href":"https:\/\/myspainfood.com\/et\/wp-json\/wp\/v2\/media?parent=51093"}],"wp:term":[{"taxonomy":"product_brand","embeddable":true,"href":"https:\/\/myspainfood.com\/et\/wp-json\/wp\/v2\/product_brand?post=51093"},{"taxonomy":"product_cat","embeddable":true,"href":"https:\/\/myspainfood.com\/et\/wp-json\/wp\/v2\/product_cat?post=51093"},{"taxonomy":"product_tag","embeddable":true,"href":"https:\/\/myspainfood.com\/et\/wp-json\/wp\/v2\/product_tag?post=51093"}],"curies":[{"name":"wp","href":"https:\/\/api.w.org\/{rel}","templated":true}]}}