{"id":51341,"date":"2025-05-21T10:50:34","date_gmt":"2025-05-21T08:50:34","guid":{"rendered":"https:\/\/myspainfood.com\/producto\/vanaema-saladus\/"},"modified":"2026-01-29T13:13:58","modified_gmt":"2026-01-29T12:13:58","slug":"vanaema-saladus","status":"publish","type":"product","link":"https:\/\/myspainfood.com\/et\/producto\/vanaema-saladus\/","title":{"rendered":"Vanaema saladus"},"content":{"rendered":"<p>Oliivid Secreto de la Abuela on kombinatsioon kivideta gordali oliividest, valgest k\u00fc\u00fcslaugust, kapparitest ja bakla\u017eaanit\u00fckkidest.<\/p>\n<p>Maitseained on <a href=\"https:\/\/aceitunaschiconlebron.com\/\" target=\"_blank\" rel=\"noopener noreferrer nofollow\">Chic\u00f3ni<\/a> enda omad.<\/p>\n<h3><strong>Secreto de la Abuela oliivide eelised<\/strong><\/h3>\n<p>Kas teadsid, mis kasu on sellest oliivide ja \u00fcldse marineeritud hapukurkide puhul? Siin on nimekiri k\u00f5ige olulisematest: <\/p>\n<ul>\n<li>Rikkalikult probiootikume.<\/li>\n<li>Nad aitavad seedimist.<\/li>\n<li>Nad tugevdavad immuuns\u00fcsteemi.<\/li>\n<li>Nad v\u00e4hendavad suhkru isu.<\/li>\n<li>Soodne sapip\u00f5ie jaoks.<\/li>\n<\/ul>\n<p>&nbsp;<\/p>\n<p>Kui soovite osta oliive v\u00f5i mis tahes muud liiki <a href=\"https:\/\/latiendadesami.com\/categoria-producto\/encurtidos\/\" rel=\"noopener noreferrer nofollow\" target=\"_blank\">marineeritud toiduaineid<\/a>, siis vaadake julgelt meie veebikataloogi, et n\u00e4ha meie <a href=\"https:\/\/latiendadesami.com\/categoria-producto\/encurtidos\/aceitunas\/\" target=\"_blank\" rel=\"noopener noreferrer nofollow\">oliivide<\/a> suurt valikut.<\/p>\n","protected":false},"excerpt":{"rendered":"<p>Oliivid Secreto de la Abuela on kombinatsioon kivideta gordali oliividest, valgest k\u00fc\u00fcslaugust, kapparitest ja bakla\u017eaanit\u00fckkidest. Maitseained on Chic\u00f3ni enda omad. Secreto de la Abuela oliivide eelised Kas teadsid, mis kasu on sellest oliivide ja \u00fcldse marineeritud hapukurkide puhul? Siin on nimekiri k\u00f5ige olulisematest: Rikkalikult probiootikume. Nad aitavad seedimist. Nad tugevdavad immuuns\u00fcsteemi. Nad v\u00e4hendavad suhkru isu. [&hellip;]<\/p>\n","protected":false},"featured_media":51204,"template":"","meta":{"_et_pb_use_builder":"","_et_pb_old_content":"","_et_gb_content_width":""},"product_brand":[1036],"product_cat":[1790,1793],"product_tag":[10118,1795],"class_list":{"0":"post-51341","1":"product","2":"type-product","3":"status-publish","4":"has-post-thumbnail","6":"product_brand-chicon","7":"product_cat-kurgid","8":"product_cat-oliivid","9":"product_tag-salajane","10":"product_tag-vanaema","12":"first","13":"outofstock","14":"taxable","15":"shipping-taxable","16":"product-type-variable"},"_links":{"self":[{"href":"https:\/\/myspainfood.com\/et\/wp-json\/wp\/v2\/product\/51341","targetHints":{"allow":["GET"]}}],"collection":[{"href":"https:\/\/myspainfood.com\/et\/wp-json\/wp\/v2\/product"}],"about":[{"href":"https:\/\/myspainfood.com\/et\/wp-json\/wp\/v2\/types\/product"}],"wp:featuredmedia":[{"embeddable":true,"href":"https:\/\/myspainfood.com\/et\/wp-json\/wp\/v2\/media\/51204"}],"wp:attachment":[{"href":"https:\/\/myspainfood.com\/et\/wp-json\/wp\/v2\/media?parent=51341"}],"wp:term":[{"taxonomy":"product_brand","embeddable":true,"href":"https:\/\/myspainfood.com\/et\/wp-json\/wp\/v2\/product_brand?post=51341"},{"taxonomy":"product_cat","embeddable":true,"href":"https:\/\/myspainfood.com\/et\/wp-json\/wp\/v2\/product_cat?post=51341"},{"taxonomy":"product_tag","embeddable":true,"href":"https:\/\/myspainfood.com\/et\/wp-json\/wp\/v2\/product_tag?post=51341"}],"curies":[{"name":"wp","href":"https:\/\/api.w.org\/{rel}","templated":true}]}}