{"id":52393,"date":"2025-05-23T12:58:14","date_gmt":"2025-05-23T10:58:14","guid":{"rendered":"https:\/\/myspainfood.com\/producto\/alyan-dubai-pistaatsia-sokolaaditahvel-100-grammi\/"},"modified":"2026-01-29T13:16:53","modified_gmt":"2026-01-29T12:16:53","slug":"alyan-dubai-pistaatsia-sokolaaditahvel-100-grammi","status":"publish","type":"product","link":"https:\/\/myspainfood.com\/et\/producto\/alyan-dubai-pistaatsia-sokolaaditahvel-100-grammi\/","title":{"rendered":"Alyan Dubai pistaatsia \u0161okolaaditahvel 100 grammi"},"content":{"rendered":"<p>Piima\u0161okolaad t\u00e4idetud pistaatsia ja kunafaga. Koostisosad: Kookosp\u00e4hklid ja p\u00e4hklid: <\/p>\n<p>Pistaatsiapasta 45% [suhkur, pistaatsiap\u00e4hklid (30%), taime\u00f5li (t\u00e4ielikult h\u00fcdrogeenitud palmi-, puuvillaseemne- ja p\u00e4evalille\u00f5li), l\u00f5ssi, emulgaator (p\u00e4evalille letsitiin), l\u00f5hna- ja maitseained (piim, vanilliin)],<\/p>\n<p>Piima\u0161okolaad 45% [suhkur, kakaov\u00f5i, t\u00e4ispiimapulber, kakaomass, l\u00f5ssipulber, vadakupulber, emulgaator (ammooniumfosfatiidid, pol\u00fcgl\u00fctseroolpol\u00fcritsinoleaat, p\u00e4evalille letsitiin), l\u00f5hna- ja maitseaine (vanilliin)],<\/p>\n<p>Kunafa 10% [nisu (sisaldab gluteeni), vesi], s\u00e4ilitusained (kaaliumsorbaat, kaltsiumpropionaat).<\/p>\n<p>Allergeenid: piim, nisu ja pistaatsiap\u00e4hklid. V\u00f5ib sisaldada j\u00e4lgi teistest p\u00e4hklitest, maap\u00e4hklitest ja munadest. <\/p>\n","protected":false},"excerpt":{"rendered":"<p>Piima\u0161okolaad t\u00e4idetud pistaatsia ja kunafaga. Koostisosad: Kookosp\u00e4hklid ja p\u00e4hklid: Pistaatsiapasta 45% [suhkur, pistaatsiap\u00e4hklid (30%), taime\u00f5li (t\u00e4ielikult h\u00fcdrogeenitud palmi-, puuvillaseemne- ja p\u00e4evalille\u00f5li), l\u00f5ssi, emulgaator (p\u00e4evalille letsitiin), l\u00f5hna- ja maitseained (piim, vanilliin)], Piima\u0161okolaad 45% [suhkur, kakaov\u00f5i, t\u00e4ispiimapulber, kakaomass, l\u00f5ssipulber, vadakupulber, emulgaator (ammooniumfosfatiidid, pol\u00fcgl\u00fctseroolpol\u00fcritsinoleaat, p\u00e4evalille letsitiin), l\u00f5hna- ja maitseaine (vanilliin)], Kunafa 10% [nisu (sisaldab gluteeni), vesi], s\u00e4ilitusained (kaaliumsorbaat, [&hellip;]<\/p>\n","protected":false},"featured_media":52364,"template":"","meta":{"_et_pb_use_builder":"","_et_pb_old_content":"","_et_gb_content_width":""},"product_brand":[],"product_cat":[1938],"product_tag":[],"class_list":{"0":"post-52393","1":"product","2":"type-product","3":"status-publish","4":"has-post-thumbnail","6":"product_cat-sailitab","8":"first","9":"instock","10":"featured","11":"taxable","12":"shipping-taxable","13":"purchasable","14":"product-type-variable"},"_links":{"self":[{"href":"https:\/\/myspainfood.com\/et\/wp-json\/wp\/v2\/product\/52393","targetHints":{"allow":["GET"]}}],"collection":[{"href":"https:\/\/myspainfood.com\/et\/wp-json\/wp\/v2\/product"}],"about":[{"href":"https:\/\/myspainfood.com\/et\/wp-json\/wp\/v2\/types\/product"}],"wp:featuredmedia":[{"embeddable":true,"href":"https:\/\/myspainfood.com\/et\/wp-json\/wp\/v2\/media\/52364"}],"wp:attachment":[{"href":"https:\/\/myspainfood.com\/et\/wp-json\/wp\/v2\/media?parent=52393"}],"wp:term":[{"taxonomy":"product_brand","embeddable":true,"href":"https:\/\/myspainfood.com\/et\/wp-json\/wp\/v2\/product_brand?post=52393"},{"taxonomy":"product_cat","embeddable":true,"href":"https:\/\/myspainfood.com\/et\/wp-json\/wp\/v2\/product_cat?post=52393"},{"taxonomy":"product_tag","embeddable":true,"href":"https:\/\/myspainfood.com\/et\/wp-json\/wp\/v2\/product_tag?post=52393"}],"curies":[{"name":"wp","href":"https:\/\/api.w.org\/{rel}","templated":true}]}}