{"id":57139,"date":"2025-04-10T12:05:35","date_gmt":"2025-04-10T10:05:35","guid":{"rendered":"https:\/\/myspainfood.com\/producto\/auberginefylte-gordal-oliven-45-kg\/"},"modified":"2025-04-10T12:05:35","modified_gmt":"2025-04-10T10:05:35","slug":"auberginefylte-gordal-oliven-45-kg","status":"publish","type":"product","link":"https:\/\/myspainfood.com\/et\/producto\/auberginefylte-gordal-oliven-45-kg\/","title":{"rendered":"Auberginefylte Gordal-oliven 4,5 kg"},"content":{"rendered":"<p>Gordal-oliven fylt med auberginer av sorten gordal fylt med v\u00e5re tradisjonelle <a href=\"https:\/\/www.laencajera.es\/aceitunas\" target=\"_blank\" rel=\"noopener noreferrer nofollow\">Almagro-auberginer<\/a>.<\/p>\n<p>En av de mest popul\u00e6re variantene. See on ideaalne aperitiivi jaoks.   <\/p>\n<p>Ingredienser: NTES: Gordal-oliven med groper, aubergine \u201eDe Almagro\u201c, vann, sool, vineddik, kvernet spisskummen, paprika de la Vera, oregano, smaksforsterker (E-621, E-631, E-627), syrningsmiddel (E-330), konserveringsmidler (E-260, E-211, E-202), antioksidant (E-300) ja naturlige essenser (essens av pepper, essens av hvitl\u00f8k, essens av spisskummen). Kan inneholde sulfitter.   <\/p>\n<p>Vastupidavus on kerge, p\u00fcsiva temperatuuriga temperatuuril 3\u00baC ja 10\u00baC vahel.<\/p>\n<p>Beskytt mot sollys og sterk lukt.<\/p>\n<p>Gordal-oliven fylt med aubergine, oppbevares i kj\u00f8leskap og konsumeres innen 30 dager etter at den er \u00e5pnet.<\/p>\n<p>Kui sa soovid osta oliivi\u00f5li v\u00f5i muud t\u00fc\u00fcpi <a href=\"https:\/\/latiendadesami.com\/categoria-producto\/encurtidos\/\" rel=\"noopener noreferrer nofollow\" target=\"_blank\">sylteagurki<\/a>, v\u00f5id vaadata oma online-kataloogi, et n\u00e4ha, milline kauplus on sinu jaoks <a href=\"https:\/\/latiendadesami.com\/categoria-producto\/encurtidos\/berenjenas\/\" target=\"_blank\" rel=\"noopener noreferrer nofollow\">k\u00f5ige<\/a> kasulikum.<\/p>\n<p>M\u00e4rgistus on La Encajonera, perekondlik elamu, mis asutati 1990. aastal ja mis asub La Mancha kesklinnas, ALMAGRO linnas Ciudad Reali provintsis.<\/p>\n<p>Produksjonsprosessen for produktene starter i det samme dyrkingsomr\u00e5det, der man velger ut de beste kvalitetsproduktene.<\/p>\n<p>Tehas p\u00f5hineb k\u00f5ige arenenumal tehnoloogial koos uusimate traditsioonide ja oskusteabega.<\/p>\n","protected":false},"excerpt":{"rendered":"<p>Gordal-oliven fylt med auberginer av sorten gordal fylt med v\u00e5re tradisjonelle Almagro-auberginer. En av de mest popul\u00e6re variantene. See on ideaalne aperitiivi jaoks. Ingredienser: NTES: Gordal-oliven med groper, aubergine \u201eDe Almagro\u201c, vann, sool, vineddik, kvernet spisskummen, paprika de la Vera, oregano, smaksforsterker (E-621, E-631, E-627), syrningsmiddel (E-330), konserveringsmidler (E-260, E-211, E-202), antioksidant (E-300) ja naturlige [&hellip;]<\/p>\n","protected":false},"featured_media":0,"template":"","meta":{"_et_pb_use_builder":"","_et_pb_old_content":"","_et_gb_content_width":""},"product_brand":[],"product_cat":[15],"product_tag":[],"class_list":{"0":"post-57139","1":"product","2":"type-product","3":"status-publish","5":"product_cat-uncategorized","7":"first","8":"instock","9":"taxable","10":"shipping-taxable","11":"purchasable","12":"product-type-simple"},"_links":{"self":[{"href":"https:\/\/myspainfood.com\/et\/wp-json\/wp\/v2\/product\/57139","targetHints":{"allow":["GET"]}}],"collection":[{"href":"https:\/\/myspainfood.com\/et\/wp-json\/wp\/v2\/product"}],"about":[{"href":"https:\/\/myspainfood.com\/et\/wp-json\/wp\/v2\/types\/product"}],"wp:attachment":[{"href":"https:\/\/myspainfood.com\/et\/wp-json\/wp\/v2\/media?parent=57139"}],"wp:term":[{"taxonomy":"product_brand","embeddable":true,"href":"https:\/\/myspainfood.com\/et\/wp-json\/wp\/v2\/product_brand?post=57139"},{"taxonomy":"product_cat","embeddable":true,"href":"https:\/\/myspainfood.com\/et\/wp-json\/wp\/v2\/product_cat?post=57139"},{"taxonomy":"product_tag","embeddable":true,"href":"https:\/\/myspainfood.com\/et\/wp-json\/wp\/v2\/product_tag?post=57139"}],"curies":[{"name":"wp","href":"https:\/\/api.w.org\/{rel}","templated":true}]}}