{"id":62515,"date":"2025-10-10T12:25:50","date_gmt":"2025-10-10T10:25:50","guid":{"rendered":"https:\/\/myspainfood.com\/producto\/gildas-de-cecina-bokeo-45-uhikutes\/"},"modified":"2025-10-10T12:25:50","modified_gmt":"2025-10-10T10:25:50","slug":"gildas-de-cecina-bokeo-45-uhikutes","status":"publish","type":"product","link":"https:\/\/myspainfood.com\/et\/producto\/gildas-de-cecina-bokeo-45-uhikutes\/","title":{"rendered":"Gildas de Cecina Bokeo 45 \u00fchikutes"},"content":{"rendered":"<p>\u00d5li (85% p\u00e4evalille\u00f5li, 15% oliivi\u00f5li) ja veiselihapuljongid.<\/p>\n","protected":false},"excerpt":{"rendered":"<p>\u00d5li (85% p\u00e4evalille\u00f5li, 15% oliivi\u00f5li) ja veiselihapuljongid.<\/p>\n","protected":false},"featured_media":60048,"template":"","meta":{"_et_pb_use_builder":"","_et_pb_old_content":"","_et_gb_content_width":""},"product_brand":[1277],"product_cat":[2069,1880,1790,1882,11050,2262],"product_tag":[],"class_list":{"0":"post-62515","1":"product","2":"type-product","3":"status-publish","4":"has-post-thumbnail","6":"product_brand-bokeo","7":"product_cat-banderillas-et","8":"product_cat-cold-et","9":"product_cat-kurgid","10":"product_cat-pintxos-et","11":"product_cat-uus","12":"product_cat-vorsti","13":"product_shipping_class-kulmaveo-vedu","15":"first","16":"outofstock","17":"taxable","18":"shipping-taxable","19":"product-type-variable"},"_links":{"self":[{"href":"https:\/\/myspainfood.com\/et\/wp-json\/wp\/v2\/product\/62515","targetHints":{"allow":["GET"]}}],"collection":[{"href":"https:\/\/myspainfood.com\/et\/wp-json\/wp\/v2\/product"}],"about":[{"href":"https:\/\/myspainfood.com\/et\/wp-json\/wp\/v2\/types\/product"}],"wp:featuredmedia":[{"embeddable":true,"href":"https:\/\/myspainfood.com\/et\/wp-json\/wp\/v2\/media\/60048"}],"wp:attachment":[{"href":"https:\/\/myspainfood.com\/et\/wp-json\/wp\/v2\/media?parent=62515"}],"wp:term":[{"taxonomy":"product_brand","embeddable":true,"href":"https:\/\/myspainfood.com\/et\/wp-json\/wp\/v2\/product_brand?post=62515"},{"taxonomy":"product_cat","embeddable":true,"href":"https:\/\/myspainfood.com\/et\/wp-json\/wp\/v2\/product_cat?post=62515"},{"taxonomy":"product_tag","embeddable":true,"href":"https:\/\/myspainfood.com\/et\/wp-json\/wp\/v2\/product_tag?post=62515"}],"curies":[{"name":"wp","href":"https:\/\/api.w.org\/{rel}","templated":true}]}}