{"id":62781,"date":"2025-10-10T12:25:50","date_gmt":"2025-10-10T10:25:50","guid":{"rendered":"https:\/\/myspainfood.com\/producto\/mini-pajaritos-vurtsika-ansoovisega-kantaabria-merest-bokeo-100-uhikut\/"},"modified":"2025-10-10T12:25:50","modified_gmt":"2025-10-10T10:25:50","slug":"mini-pajaritos-vurtsika-ansoovisega-kantaabria-merest-bokeo-100-uhikut","status":"publish","type":"product","link":"https:\/\/myspainfood.com\/et\/producto\/mini-pajaritos-vurtsika-ansoovisega-kantaabria-merest-bokeo-100-uhikut\/","title":{"rendered":"Mini pajaritos v\u00fcrtsika an\u0161oovisega Kantaabria merest Bokeo 100 \u00fchikut"},"content":{"rendered":"","protected":false},"excerpt":{"rendered":"","protected":false},"featured_media":59951,"template":"","meta":{"_et_pb_use_builder":"","_et_pb_old_content":"","_et_gb_content_width":""},"product_brand":[1277],"product_cat":[1881,2069,1880,1790,1882,11050],"product_tag":[],"class_list":{"0":"post-62781","1":"product","2":"type-product","3":"status-publish","4":"has-post-thumbnail","6":"product_brand-bokeo","7":"product_cat-ansoovised","8":"product_cat-banderillas-et","9":"product_cat-cold-et","10":"product_cat-kurgid","11":"product_cat-pintxos-et","12":"product_cat-uus","13":"product_shipping_class-kulmaveo-vedu","15":"first","16":"instock","17":"taxable","18":"shipping-taxable","19":"purchasable","20":"product-type-variable"},"_links":{"self":[{"href":"https:\/\/myspainfood.com\/et\/wp-json\/wp\/v2\/product\/62781","targetHints":{"allow":["GET"]}}],"collection":[{"href":"https:\/\/myspainfood.com\/et\/wp-json\/wp\/v2\/product"}],"about":[{"href":"https:\/\/myspainfood.com\/et\/wp-json\/wp\/v2\/types\/product"}],"wp:featuredmedia":[{"embeddable":true,"href":"https:\/\/myspainfood.com\/et\/wp-json\/wp\/v2\/media\/59951"}],"wp:attachment":[{"href":"https:\/\/myspainfood.com\/et\/wp-json\/wp\/v2\/media?parent=62781"}],"wp:term":[{"taxonomy":"product_brand","embeddable":true,"href":"https:\/\/myspainfood.com\/et\/wp-json\/wp\/v2\/product_brand?post=62781"},{"taxonomy":"product_cat","embeddable":true,"href":"https:\/\/myspainfood.com\/et\/wp-json\/wp\/v2\/product_cat?post=62781"},{"taxonomy":"product_tag","embeddable":true,"href":"https:\/\/myspainfood.com\/et\/wp-json\/wp\/v2\/product_tag?post=62781"}],"curies":[{"name":"wp","href":"https:\/\/api.w.org\/{rel}","templated":true}]}}