{"id":62853,"date":"2025-10-10T12:25:50","date_gmt":"2025-10-10T10:25:50","guid":{"rendered":"https:\/\/myspainfood.com\/producto\/sardinillad-orgaanilises-oliiviolis-20-25-tukki-rias-baixas-115-g\/"},"modified":"2025-10-10T12:25:50","modified_gmt":"2025-10-10T10:25:50","slug":"sardinillad-orgaanilises-oliiviolis-20-25-tukki-rias-baixas-115-g","status":"publish","type":"product","link":"https:\/\/myspainfood.com\/et\/producto\/sardinillad-orgaanilises-oliiviolis-20-25-tukki-rias-baixas-115-g\/","title":{"rendered":"Sardinillad orgaanilises oliivi\u00f5lis 20\/25 t\u00fckki Rias Baixas 115 g"},"content":{"rendered":"<p>Meie sardiinikonservid on maitsvad; nende l\u00f5hn, intensiivne maitse, h\u00f5bedane v\u00e4limus ning t\u00e4iuslik paigutus ja esitusviis konservis. Alustuseks valime alati parimad, v\u00e4rskeimad ja v\u00e4ikseimad sardiinid kalaturult (igas konservis on 12-16 sardiini). <\/p>\n<p>Meie tehases Moa\u0144as (Pontevedra) eemaldavad meie tootmist\u00f6\u00f6tajad asjatundlikes k\u00e4tes pea ja rookivad iga kala \u00fckshaaval. Seej\u00e4rel auru abil k\u00fcpsetatakse ja pakendatakse need hoolikalt ja t\u00e4pselt, et saavutada v\u00f5imalikult atraktiivne v\u00e4limus, kui avate oma karbi. Tordile lisame j\u00e4\u00e4tise <strong>orgaanilise ekstra neitsioliivi\u00f5li*.<\/strong> Tulemus on suurejooneline ja n\u00fc\u00fcd saate sellest ise veenduda.  <\/p>\n<p>Pidage meeles, et oluline on laagerdumisaeg, mis v\u00f5ib kesta m\u00f5nest kuust kuni mitme aastani, sest sardiinide maitse paraneb, kui \u00f5li tungib kalasse. Konservide korrap\u00e4rane keerutamine tagab suurep\u00e4rase ja \u00fchtlase maitse, mis rahuldab ka k\u00f5ige n\u00f5udlikumaid maitseid. <\/p>\n<p>Viimastel aastatel on sardiinikonservid saanud suure kuulsuse kui k\u00f5rge toitev\u00e4\u00e4rtusega toit. V\u00f5ib \u00f6elda, et toitumisalaselt on sardiinid kuldmedalil. Nad sisaldavad lisaks A-, D-, K- ja E-vitamiinidele ka suure kontsentratsiooniga B12-vitamiini. Nad on ka oluline valgu, naatriumi, fosfori, joodi ja kaltsiumi allikas. Lisaks sellele sisaldavad nad rohkesti oomega-3- ja \u00f5lihapet, mida v\u00f5iks veel tahta?    <\/p>\n","protected":false},"excerpt":{"rendered":"<p>Meie sardiinikonservid on maitsvad; nende l\u00f5hn, intensiivne maitse, h\u00f5bedane v\u00e4limus ning t\u00e4iuslik paigutus ja esitusviis konservis. Alustuseks valime alati parimad, v\u00e4rskeimad ja v\u00e4ikseimad sardiinid kalaturult (igas konservis on 12-16 sardiini). Meie tehases Moa\u0144as (Pontevedra) eemaldavad meie tootmist\u00f6\u00f6tajad asjatundlikes k\u00e4tes pea ja rookivad iga kala \u00fckshaaval. Seej\u00e4rel auru abil k\u00fcpsetatakse ja pakendatakse need hoolikalt ja t\u00e4pselt, [&hellip;]<\/p>\n","protected":false},"featured_media":59414,"template":"","meta":{"_et_pb_use_builder":"","_et_pb_old_content":"","_et_gb_content_width":""},"product_brand":[11014],"product_cat":[1938,3786,11050],"product_tag":[],"class_list":{"0":"post-62853","1":"product","2":"type-product","3":"status-publish","4":"has-post-thumbnail","6":"product_brand-rias-baixas","7":"product_cat-sailitab","8":"product_cat-sardinillas-et","9":"product_cat-uus","11":"first","12":"instock","13":"featured","14":"taxable","15":"shipping-taxable","16":"purchasable","17":"product-type-variable"},"_links":{"self":[{"href":"https:\/\/myspainfood.com\/et\/wp-json\/wp\/v2\/product\/62853","targetHints":{"allow":["GET"]}}],"collection":[{"href":"https:\/\/myspainfood.com\/et\/wp-json\/wp\/v2\/product"}],"about":[{"href":"https:\/\/myspainfood.com\/et\/wp-json\/wp\/v2\/types\/product"}],"wp:featuredmedia":[{"embeddable":true,"href":"https:\/\/myspainfood.com\/et\/wp-json\/wp\/v2\/media\/59414"}],"wp:attachment":[{"href":"https:\/\/myspainfood.com\/et\/wp-json\/wp\/v2\/media?parent=62853"}],"wp:term":[{"taxonomy":"product_brand","embeddable":true,"href":"https:\/\/myspainfood.com\/et\/wp-json\/wp\/v2\/product_brand?post=62853"},{"taxonomy":"product_cat","embeddable":true,"href":"https:\/\/myspainfood.com\/et\/wp-json\/wp\/v2\/product_cat?post=62853"},{"taxonomy":"product_tag","embeddable":true,"href":"https:\/\/myspainfood.com\/et\/wp-json\/wp\/v2\/product_tag?post=62853"}],"curies":[{"name":"wp","href":"https:\/\/api.w.org\/{rel}","templated":true}]}}