{"id":62931,"date":"2025-10-10T12:25:49","date_gmt":"2025-10-10T10:25:49","guid":{"rendered":"https:\/\/myspainfood.com\/producto\/rannakarbid-marineeritud-kastmes-6-8-tk-orgaaniline-oliivioli-rias-baixas-115-g\/"},"modified":"2025-10-10T12:25:49","modified_gmt":"2025-10-10T10:25:49","slug":"rannakarbid-marineeritud-kastmes-6-8-tk-orgaaniline-oliivioli-rias-baixas-115-g","status":"publish","type":"product","link":"https:\/\/myspainfood.com\/et\/producto\/rannakarbid-marineeritud-kastmes-6-8-tk-orgaaniline-oliivioli-rias-baixas-115-g\/","title":{"rendered":"Rannakarbid marineeritud kastmes 6\/8 tk orgaaniline oliivi\u00f5li Rias Baixas 115 g"},"content":{"rendered":"<p>Galicia rannakarp (mytilus galloprovincialis) on juba muutunud 21. sajandi k\u00f5ige olulisemaks kasvatatavaks liigiks Hispaanias. Ja midagi peab olema meie ranniku rannakarpidega, kui neid tarbisid Castros&#8217;i elanikud juba 4. sajandil eKr ja t\u00e4nap\u00e4eval on kasvava turun\u00f5udluse rahuldamiseks vaja rohkem kui 3000 rannakarpi. <\/p>\n<p>CONSERVAS R\u00cdAS BAIXAS 1907 valib rannakarbid k\u00f5ige paremini asuvatest rannakarpide kasvukohtadest ja ootab kannatlikult \u00e4ra \u00f5ige hetke, mil molluskid on parimas k\u00fcpsushetkes. Me eelistame pigem varude l\u00f5hkumist kui pakkuda teile madala kvaliteediga kurnatud rannakarpe. <\/p>\n<p>P\u00e4rast pesemist ja puhastamist aurutatakse rannakarbid ja eemaldatakse \u00f5rnalt habemetallid, et rannakarbid ei saaks kahjustada. Seej\u00e4rel praeme neid heas \u00f5lis ja p\u00e4rast \u00f5igete suuruste valimist pakendame need \u00fckshaaval k\u00e4sitsi, nii et kui avate purgi, n\u00e4ete ilusat vaatepilti \u00fchest meie t\u00e4hetootest. <\/p>\n<p>Teine saladus, mis muudab meie rannakarbid \u00fcheks k\u00f5ige hinnatumaks turul, on meie eskabeche, mis on valmistatud k\u00e4sitsi, kasutades p\u00f5lvest p\u00f5lve p\u00e4ritud retsepti. Kasutame k\u00f5rgeima kvaliteediga paprikapulbrit ja punast veini\u00e4\u00e4dikat, orgaanilist ekstra neitsioliivi\u00f5li* ning l\u00f5petame selle naturaalsete loorberilehtedega. <\/p>\n<p>Ja nagu te ilmselt juba teate, on Galicia rannakarbid suurep\u00e4rase kvaliteediga valguallikas, mille toitev\u00e4\u00e4rtus on sarnane homaari v\u00f5i merluusi omaga. Kuid lisaks valgurikkusele on see ka v\u00e4he kaloreid ning sisaldab rohkesti A-vitamiini, B-vitamiini, C-, E- ja K-vitamiini ning mineraalaineid: kaltsiumi, vaske, fosforit, rauda, magneesiumi, mangaani, kaaliumi, seleeni, naatriumi, joodi ja tsinki. <\/p>\n","protected":false},"excerpt":{"rendered":"<p>Galicia rannakarp (mytilus galloprovincialis) on juba muutunud 21. sajandi k\u00f5ige olulisemaks kasvatatavaks liigiks Hispaanias. Ja midagi peab olema meie ranniku rannakarpidega, kui neid tarbisid Castros&#8217;i elanikud juba 4. sajandil eKr ja t\u00e4nap\u00e4eval on kasvava turun\u00f5udluse rahuldamiseks vaja rohkem kui 3000 rannakarpi. CONSERVAS R\u00cdAS BAIXAS 1907 valib rannakarbid k\u00f5ige paremini asuvatest rannakarpide kasvukohtadest ja ootab kannatlikult [&hellip;]<\/p>\n","protected":false},"featured_media":59365,"template":"","meta":{"_et_pb_use_builder":"","_et_pb_old_content":"","_et_gb_content_width":""},"product_brand":[11014],"product_cat":[4072,1938,11050],"product_tag":[],"class_list":{"0":"post-62931","1":"product","2":"type-product","3":"status-publish","4":"has-post-thumbnail","6":"product_brand-rias-baixas","7":"product_cat-rannakarbid-et","8":"product_cat-sailitab","9":"product_cat-uus","11":"first","12":"instock","13":"taxable","14":"shipping-taxable","15":"purchasable","16":"product-type-variable"},"_links":{"self":[{"href":"https:\/\/myspainfood.com\/et\/wp-json\/wp\/v2\/product\/62931","targetHints":{"allow":["GET"]}}],"collection":[{"href":"https:\/\/myspainfood.com\/et\/wp-json\/wp\/v2\/product"}],"about":[{"href":"https:\/\/myspainfood.com\/et\/wp-json\/wp\/v2\/types\/product"}],"wp:featuredmedia":[{"embeddable":true,"href":"https:\/\/myspainfood.com\/et\/wp-json\/wp\/v2\/media\/59365"}],"wp:attachment":[{"href":"https:\/\/myspainfood.com\/et\/wp-json\/wp\/v2\/media?parent=62931"}],"wp:term":[{"taxonomy":"product_brand","embeddable":true,"href":"https:\/\/myspainfood.com\/et\/wp-json\/wp\/v2\/product_brand?post=62931"},{"taxonomy":"product_cat","embeddable":true,"href":"https:\/\/myspainfood.com\/et\/wp-json\/wp\/v2\/product_cat?post=62931"},{"taxonomy":"product_tag","embeddable":true,"href":"https:\/\/myspainfood.com\/et\/wp-json\/wp\/v2\/product_tag?post=62931"}],"curies":[{"name":"wp","href":"https:\/\/api.w.org\/{rel}","templated":true}]}}