{"id":63008,"date":"2025-10-10T12:25:49","date_gmt":"2025-10-10T10:25:49","guid":{"rendered":"https:\/\/myspainfood.com\/producto\/rias-baixasi-rias-baixasi-maheoliivioli-finisterrest-115-g\/"},"modified":"2025-10-10T12:25:49","modified_gmt":"2025-10-10T10:25:49","slug":"rias-baixasi-rias-baixasi-maheoliivioli-finisterrest-115-g","status":"publish","type":"product","link":"https:\/\/myspainfood.com\/et\/producto\/rias-baixasi-rias-baixasi-maheoliivioli-finisterrest-115-g\/","title":{"rendered":"Rias Baixas&#8217;i Rias Baixas&#8217;i maheoliivi\u00f5li Finisterre&#8217;st 115 g"},"content":{"rendered":"<p>Harilikke karpkala kaevandatakse paljudes meie kaunite R\u00edade kohtades, kuid neist k\u00f5igist on \u00fcks, kus harilikud karpkalad ja longueirones saavutavad k\u00f5rgeima kvaliteedi: Finisterre (Fisterra). Ja kuna teisiti ei saakski olla, ostame CONSERVAS R\u00cdAS BAIXAS 1907-s ainult nendest paradiislikest randadest p\u00e4rit rannakarpe ja ainult neid, mis on p\u00fc\u00fctud \u00fckshaaval vabasukeldujate poolt, et tagada looduskeskkonna s\u00e4ilimine, et ka tulevased p\u00f5lvkonnad saaksid seda delikatessi nautida. <\/p>\n<p>V\u00e4rske raseeritakse soolases vees, et eemaldada allesj\u00e4\u00e4nud liiv ja seej\u00e4rel pakendatakse see hoolikalt meie Moa\u0144as asuvates rajatistes.<\/p>\n<p>Ja kuigi Finisterre rannakarbid on juba iseenesest delikatess, oleme otsustanud esitada neid orgaanilises ekstra neitsioliivi\u00f5lis*. Tulemus on suurejooneline ja me kutsume teid seda proovima. <\/p>\n<p>Lisaks sellele on rannakarpides v\u00e4ga v\u00e4he kaloreid ja lipiide. Teisest k\u00fcljest on rannakarpides rohkesti pol\u00fck\u00fcllastumata rasvhappeid OMEGA 3, mist\u00f5ttu nende tarbimine on v\u00e4ga soovitatav. <\/p>\n","protected":false},"excerpt":{"rendered":"<p>Harilikke karpkala kaevandatakse paljudes meie kaunite R\u00edade kohtades, kuid neist k\u00f5igist on \u00fcks, kus harilikud karpkalad ja longueirones saavutavad k\u00f5rgeima kvaliteedi: Finisterre (Fisterra). Ja kuna teisiti ei saakski olla, ostame CONSERVAS R\u00cdAS BAIXAS 1907-s ainult nendest paradiislikest randadest p\u00e4rit rannakarpe ja ainult neid, mis on p\u00fc\u00fctud \u00fckshaaval vabasukeldujate poolt, et tagada looduskeskkonna s\u00e4ilimine, et ka [&hellip;]<\/p>\n","protected":false},"featured_media":59292,"template":"","meta":{"_et_pb_use_builder":"","_et_pb_old_content":"","_et_gb_content_width":""},"product_brand":[11014],"product_cat":[7643,1938,11050],"product_tag":[],"class_list":{"0":"post-63008","1":"product","2":"type-product","3":"status-publish","4":"has-post-thumbnail","6":"product_brand-rias-baixas","7":"product_cat-razors","8":"product_cat-sailitab","9":"product_cat-uus","11":"first","12":"instock","13":"taxable","14":"shipping-taxable","15":"purchasable","16":"product-type-variable"},"_links":{"self":[{"href":"https:\/\/myspainfood.com\/et\/wp-json\/wp\/v2\/product\/63008","targetHints":{"allow":["GET"]}}],"collection":[{"href":"https:\/\/myspainfood.com\/et\/wp-json\/wp\/v2\/product"}],"about":[{"href":"https:\/\/myspainfood.com\/et\/wp-json\/wp\/v2\/types\/product"}],"wp:featuredmedia":[{"embeddable":true,"href":"https:\/\/myspainfood.com\/et\/wp-json\/wp\/v2\/media\/59292"}],"wp:attachment":[{"href":"https:\/\/myspainfood.com\/et\/wp-json\/wp\/v2\/media?parent=63008"}],"wp:term":[{"taxonomy":"product_brand","embeddable":true,"href":"https:\/\/myspainfood.com\/et\/wp-json\/wp\/v2\/product_brand?post=63008"},{"taxonomy":"product_cat","embeddable":true,"href":"https:\/\/myspainfood.com\/et\/wp-json\/wp\/v2\/product_cat?post=63008"},{"taxonomy":"product_tag","embeddable":true,"href":"https:\/\/myspainfood.com\/et\/wp-json\/wp\/v2\/product_tag?post=63008"}],"curies":[{"name":"wp","href":"https:\/\/api.w.org\/{rel}","templated":true}]}}