{"id":63134,"date":"2025-10-10T12:25:49","date_gmt":"2025-10-10T10:25:49","guid":{"rendered":"https:\/\/myspainfood.com\/producto\/baby-angerjad-orgaanilises-oliiviolis-rias-baixas-110-g\/"},"modified":"2026-01-29T11:17:48","modified_gmt":"2026-01-29T10:17:48","slug":"baby-angerjad-orgaanilises-oliiviolis-rias-baixas-110-g","status":"publish","type":"product","link":"https:\/\/myspainfood.com\/et\/producto\/baby-angerjad-orgaanilises-oliiviolis-rias-baixas-110-g\/","title":{"rendered":"Baby angerjad orgaanilises oliivi\u00f5lis Rias Baixas 110 g"},"content":{"rendered":"<p>Nagu te ilmselt teate, on klaasangerjas angerja kude. Nende seiklus algab Sargasso meres, keset Kariibi mere, kus angerjad kudevad ja kooruvad oma munad, mis j\u00e4rgmise kolme aasta jooksul liiguvad m\u00f6\u00f6da Golfi hoovust, kuni j\u00f5uavad Euroopa j\u00f5gedesse. Klaasangerjad kogunevad suurtes massides j\u00f5gede suudmetes ja ujuvad \u00fclesvoolu, kuni nad saavad t\u00e4iskasvanuks. Ja k\u00f5ige kummalisem on see, et iga klaasangerjas j\u00f5uab samasse j\u00f5kke, kust tema vanemad v\u00e4lja tulid. P\u00fc\u00fcgil kaalub iga isend tavaliselt 1 g ja on veidi alla 8 cm pikk.     <\/p>\n<p>On \u00fctlematagi selge, et nii \u00f5rna ja v\u00e4\u00e4rtuslikku kala koheldakse tehasesse transportimisel, keetmisel ja konserveerimisel \u00fclima ettevaatusega ja delikaatselt. Esitame seda selle delikatessi traditsioonilise retsepti j\u00e4rgi, millele on lisatud rohkelt v\u00fcrtsi, mida annab looduslik t\u0161illipipar, ja mis on vannitatud orgaanilises ekstra neitsioliivi\u00f5lis*. <\/p>\n<p>Lisaks maitsele, mis on paljude ekspertide jaoks \u00fcletamatu, on r\u00e4ime v\u00e4ga k\u00f5rge toitev\u00e4\u00e4rtusega toode. Tegelikult on see k\u00f5ige rasvasem teadaolev rasvane kala ja sisaldab palju valku (16,3 g 100 g kohta). Samuti sisaldab ta huvitavas koguses m\u00f5ningaid mineraalaineid, nagu fosfor ja kaalium, mis soodustavad meie neerude tervist ja n\u00e4rvis\u00fcsteemi. K\u00f5ige m\u00e4rkimisv\u00e4\u00e4rsem omadus on aga selle v\u00e4ga suur A-vitamiini osakaal, mis soodustab muu hulgas silmade ja n\u00e4gemise tervist.   <\/p>\n","protected":false},"excerpt":{"rendered":"<p>Nagu te ilmselt teate, on klaasangerjas angerja kude. Nende seiklus algab Sargasso meres, keset Kariibi mere, kus angerjad kudevad ja kooruvad oma munad, mis j\u00e4rgmise kolme aasta jooksul liiguvad m\u00f6\u00f6da Golfi hoovust, kuni j\u00f5uavad Euroopa j\u00f5gedesse. Klaasangerjad kogunevad suurtes massides j\u00f5gede suudmetes ja ujuvad \u00fclesvoolu, kuni nad saavad t\u00e4iskasvanuks. Ja k\u00f5ige kummalisem on see, et [&hellip;]<\/p>\n","protected":false},"featured_media":59146,"template":"","meta":{"_et_pb_use_builder":"","_et_pb_old_content":"","_et_gb_content_width":""},"product_brand":[11014],"product_cat":[1938,11050],"product_tag":[],"class_list":{"0":"post-63134","1":"product","2":"type-product","3":"status-publish","4":"has-post-thumbnail","6":"product_brand-rias-baixas","7":"product_cat-sailitab","8":"product_cat-uus","10":"first","11":"instock","12":"taxable","13":"shipping-taxable","14":"purchasable","15":"product-type-variable"},"_links":{"self":[{"href":"https:\/\/myspainfood.com\/et\/wp-json\/wp\/v2\/product\/63134","targetHints":{"allow":["GET"]}}],"collection":[{"href":"https:\/\/myspainfood.com\/et\/wp-json\/wp\/v2\/product"}],"about":[{"href":"https:\/\/myspainfood.com\/et\/wp-json\/wp\/v2\/types\/product"}],"wp:featuredmedia":[{"embeddable":true,"href":"https:\/\/myspainfood.com\/et\/wp-json\/wp\/v2\/media\/59146"}],"wp:attachment":[{"href":"https:\/\/myspainfood.com\/et\/wp-json\/wp\/v2\/media?parent=63134"}],"wp:term":[{"taxonomy":"product_brand","embeddable":true,"href":"https:\/\/myspainfood.com\/et\/wp-json\/wp\/v2\/product_brand?post=63134"},{"taxonomy":"product_cat","embeddable":true,"href":"https:\/\/myspainfood.com\/et\/wp-json\/wp\/v2\/product_cat?post=63134"},{"taxonomy":"product_tag","embeddable":true,"href":"https:\/\/myspainfood.com\/et\/wp-json\/wp\/v2\/product_tag?post=63134"}],"curies":[{"name":"wp","href":"https:\/\/api.w.org\/{rel}","templated":true}]}}