{"id":63182,"date":"2025-10-10T12:25:49","date_gmt":"2025-10-10T10:25:49","guid":{"rendered":"https:\/\/myspainfood.com\/producto\/ansoovisfileed-kantaabria-ansoovis-300-g-picarpicar-ummargune-purk-pakend-16-tk\/"},"modified":"2025-10-10T12:25:49","modified_gmt":"2025-10-10T10:25:49","slug":"ansoovisfileed-kantaabria-ansoovis-300-g-picarpicar-ummargune-purk-pakend-16-tk","status":"publish","type":"product","link":"https:\/\/myspainfood.com\/et\/producto\/ansoovisfileed-kantaabria-ansoovis-300-g-picarpicar-ummargune-purk-pakend-16-tk\/","title":{"rendered":"An\u0161oovisfileed Kantaabria an\u0161oovis-300 g-Picar&amp;Picar \u00fcmmargune purk - pakend 16 tk"},"content":{"rendered":"","protected":false},"excerpt":{"rendered":"","protected":false},"featured_media":59121,"template":"","meta":{"_et_pb_use_builder":"","_et_pb_old_content":"","_et_gb_content_width":""},"product_brand":[1127],"product_cat":[1889,1880,11050],"product_tag":[],"class_list":{"0":"post-63182","1":"product","2":"type-product","3":"status-publish","4":"has-post-thumbnail","6":"product_brand-picarpicar","7":"product_cat-ansoovised-et","8":"product_cat-cold-et","9":"product_cat-uus","10":"product_shipping_class-kulmaveo-vedu","12":"first","13":"instock","14":"taxable","15":"shipping-taxable","16":"purchasable","17":"product-type-simple"},"_links":{"self":[{"href":"https:\/\/myspainfood.com\/et\/wp-json\/wp\/v2\/product\/63182","targetHints":{"allow":["GET"]}}],"collection":[{"href":"https:\/\/myspainfood.com\/et\/wp-json\/wp\/v2\/product"}],"about":[{"href":"https:\/\/myspainfood.com\/et\/wp-json\/wp\/v2\/types\/product"}],"wp:featuredmedia":[{"embeddable":true,"href":"https:\/\/myspainfood.com\/et\/wp-json\/wp\/v2\/media\/59121"}],"wp:attachment":[{"href":"https:\/\/myspainfood.com\/et\/wp-json\/wp\/v2\/media?parent=63182"}],"wp:term":[{"taxonomy":"product_brand","embeddable":true,"href":"https:\/\/myspainfood.com\/et\/wp-json\/wp\/v2\/product_brand?post=63182"},{"taxonomy":"product_cat","embeddable":true,"href":"https:\/\/myspainfood.com\/et\/wp-json\/wp\/v2\/product_cat?post=63182"},{"taxonomy":"product_tag","embeddable":true,"href":"https:\/\/myspainfood.com\/et\/wp-json\/wp\/v2\/product_tag?post=63182"}],"curies":[{"name":"wp","href":"https:\/\/api.w.org\/{rel}","templated":true}]}}