{"id":18512,"date":"2025-04-08T08:43:07","date_gmt":"2025-04-08T06:43:07","guid":{"rendered":"https:\/\/myspainfood.com\/tietosuojakaytanto\/"},"modified":"2025-05-08T09:59:20","modified_gmt":"2025-05-08T07:59:20","slug":"tietosuojakaytanto","status":"publish","type":"page","link":"https:\/\/myspainfood.com\/fi\/tietosuojakaytanto\/","title":{"rendered":"Tietosuojak\u00e4yt\u00e4nt\u00f6"},"content":{"rendered":"\n<p>Tervetuloa osoitteeseen https:\/\/myspainfood.com (&#8221;Sivusto&#8221;). Ymm\u00e4rr\u00e4mme, ett\u00e4 yksityisyys verkossa on t\u00e4rke\u00e4\u00e4 Sivustomme k\u00e4ytt\u00e4jille, erityisesti liiketoimintaa harjoitettaessa. T\u00e4m\u00e4 lausunto koskee yksityisyydensuojaperiaatteitamme niiden Sivuston k\u00e4ytt\u00e4jien (&#8221;K\u00e4vij\u00e4t&#8221;) osalta, jotka vierailevat Sivustolla tekem\u00e4tt\u00e4 liiketoimia, ja niiden K\u00e4vij\u00f6iden osalta, jotka rekister\u00f6ityv\u00e4t tekem\u00e4\u00e4n liiketoimia Sivustolla ja k\u00e4ytt\u00e4v\u00e4t SUMINISTROS HOSTELEROS, S. L.:n tarjoamia erilaisia palveluja (yhdess\u00e4 &#8221;Palvelut&#8221;) (&#8221;Valtuutetut asiakkaat&#8221;).  <\/p>\n\n<p><strong>&#8221;Henkil\u00f6kohtaisesti tunnistettavat tiedot<\/strong><\/p>\n\n<p>tarkoittaa kaikkia tietoja, joiden avulla voidaan tunnistaa tai joiden avulla voidaan tunnistaa, ottaa yhteytt\u00e4 tai paikantaa henkil\u00f6, jota n\u00e4m\u00e4 tiedot koskevat, mukaan lukien muun muassa nimi, osoite, puhelinnumero, faksinumero, s\u00e4hk\u00f6postiosoite, taloudelliset profiilit, sosiaaliturvatunnus ja luottokorttitiedot. Henkil\u00f6kohtaisesti tunnistettavissa oleviin tietoihin eiv\u00e4t kuulu tiedot, jotka on ker\u00e4tty nimett\u00f6m\u00e4n\u00e4 (eli yksitt\u00e4ist\u00e4 k\u00e4ytt\u00e4j\u00e4\u00e4 tunnistamatta) tai demografiset tiedot, joita ei ole yhdistetty yksil\u00f6ityyn henkil\u00f6\u00f6n. <\/p>\n\n<p><strong>Mit\u00e4 henkil\u00f6tietoja ker\u00e4t\u00e4\u00e4n?<\/strong><\/p>\n\n<p>Saatamme ker\u00e4t\u00e4 perus k\u00e4ytt\u00e4j\u00e4profiilitietoja kaikilta k\u00e4vij\u00f6ilt\u00e4mme. Ker\u00e4\u00e4mme valtuutetuilta asiakkailtamme seuraavat lis\u00e4tiedot: valtuutettujen asiakkaiden nimet, osoitteet, puhelinnumerot ja s\u00e4hk\u00f6postiosoitteet, yrityksen luonne ja koko sek\u00e4 sen mainosvaraston luonne ja koko, jonka valtuutettu asiakas aikoo ostaa tai myyd\u00e4. <\/p>\n\n<p><strong>Mitk\u00e4 organisaatiot ker\u00e4\u00e4v\u00e4t tietoja?<\/strong><\/p>\n\n<p>Suoraan ker\u00e4\u00e4miemme tietojen lis\u00e4ksi kolmannen osapuolen palveluntarjoajat (kuten luottokorttiyhti\u00f6t, selvitysyhteis\u00f6t ja pankit), jotka voivat tarjota luotto-, vakuutus- ja escrow-palveluiden kaltaisia palveluja, voivat ker\u00e4t\u00e4 n\u00e4it\u00e4 tietoja vierailijoiltamme ja valtuutetuilta asiakkailtamme. Emme valvo sit\u00e4, miten n\u00e4m\u00e4 kolmannet osapuolet k\u00e4ytt\u00e4v\u00e4t n\u00e4it\u00e4 tietoja, mutta pyyd\u00e4mme niit\u00e4 ilmoittamaan, miten ne k\u00e4ytt\u00e4v\u00e4t vierailijoiden ja valtuutettujen asiakkaiden niille antamia henkil\u00f6tietoja. Jotkin n\u00e4ist\u00e4 kolmansista osapuolista voivat olla v\u00e4litt\u00e4ji\u00e4, jotka toimivat vain linkkein\u00e4 jakeluketjussa eiv\u00e4tk\u00e4 tallenna, s\u00e4ilyt\u00e4 tai k\u00e4yt\u00e4 niille annettuja tietoja.  <\/p>\n\n<p><strong>Miten verkkosivusto k\u00e4ytt\u00e4\u00e4 henkil\u00f6kohtaisesti tunnistettavia tietoja?<\/strong><\/p>\n\n<p>K\u00e4yt\u00e4mme henkil\u00f6tietoja Sivuston personointiin, asianmukaisten palvelujen tarjoamiseen ja Sivuston osto- ja myyntipyynt\u00f6jen t\u00e4ytt\u00e4miseen. Saatamme l\u00e4hett\u00e4\u00e4 vierailijoille ja valtuutetuille asiakkaille s\u00e4hk\u00f6postiviestej\u00e4 Sivuston tutkimus- tai osto- ja myyntimahdollisuuksista tai Sivuston aiheeseen liittyv\u00e4st\u00e4 tiedosta. Voimme my\u00f6s k\u00e4ytt\u00e4\u00e4 henkil\u00f6tietoja ottaaksemme yhteytt\u00e4 K\u00e4vij\u00f6ihin ja Valtuutettuihin Asiakkaisiin vastauksena erityisiin kyselyihin tai antaaksemme pyydettyj\u00e4 tietoja.  <\/p>\n\n<p><strong>Kenen kanssa tietoja voidaan jakaa?<\/strong><\/p>\n\n<p>Valtuutettujen asiakkaiden henkil\u00f6tietoja voidaan jakaa muille valtuutetuille asiakkaille, jotka haluavat arvioida mahdollisia liiketoimia muiden valtuutettujen asiakkaiden kanssa. Voimme jakaa k\u00e4vij\u00f6it\u00e4mme koskevia yhdistettyj\u00e4 tietoja, mukaan lukien k\u00e4vij\u00f6idemme ja valtuutettujen asiakkaiden demografiset tiedot, sidoksissa olevien virastojemme ja kolmansien osapuolten myyjien kanssa. Tarjoamme my\u00f6s mahdollisuuden kielt\u00e4yty\u00e4 vastaanottamasta tietoja tai ottamasta yhteytt\u00e4 meihin tai puolestamme toimiviin toimistoihin.  <\/p>\n\n<p><strong>Miten henkil\u00f6kohtaisesti tunnistettavia tietoja s\u00e4ilytet\u00e4\u00e4n?<\/strong><\/p>\n\n<p>SUMINISTROS HOSTELEROS, S. L.:n ker\u00e4\u00e4m\u00e4t henkil\u00f6kohtaisesti tunnistettavat tiedot s\u00e4ilytet\u00e4\u00e4n turvallisesti, eiv\u00e4tk\u00e4 kolmannet osapuolet tai SUMINISTROS HOSTELEROS, S. L.:n ty\u00f6ntekij\u00e4t p\u00e4\u00e4se niihin k\u00e4siksi muuten kuin edell\u00e4 mainittuun k\u00e4ytt\u00f6\u00f6n.<\/p>\n\n<p><strong>Mit\u00e4 valinnanmahdollisuuksia k\u00e4vij\u00f6ill\u00e4 on tietojen ker\u00e4\u00e4misen, k\u00e4yt\u00f6n ja jakelun suhteen?<\/strong><\/p>\n\n<p>Vierailijat ja valtuutetut asiakkaat voivat kielt\u00e4yty\u00e4 vastaanottamasta ei-toivottuja tietoja tai ottamasta meihin ja\/tai toimittajiimme ja sidoksissa oleviin toimistoihimme yhteytt\u00e4 vastaamalla s\u00e4hk\u00f6postiviesteihin ohjeiden mukaisesti tai ottamalla meihin yhteytt\u00e4 osoitteessa<\/p>\n\n<p><strong>K\u00e4ytet\u00e4\u00e4nk\u00f6 verkkosivustolla ev\u00e4steit\u00e4?<\/strong><\/p>\n\n<p>Ev\u00e4steit\u00e4 k\u00e4ytet\u00e4\u00e4n useista eri syist\u00e4. K\u00e4yt\u00e4mme ev\u00e4steit\u00e4 saadaksemme tietoa k\u00e4vij\u00f6idemme mieltymyksist\u00e4 ja heid\u00e4n valitsemistaan palveluista. K\u00e4yt\u00e4mme ev\u00e4steit\u00e4 my\u00f6s turvallisuustarkoituksiin suojellaksemme valtuutettuja asiakkaitamme. Jos esimerkiksi valtuutettu asiakas on kirjautunut sis\u00e4\u00e4n eik\u00e4 sivustoa k\u00e4ytet\u00e4 yli 10 minuuttiin, kirjaamme valtuutetun asiakkaan automaattisesti ulos.   <\/p>\n\n<p><strong>Miten SUMINISTROS HOSTELEROS, S. L. k\u00e4ytt\u00e4\u00e4 p\u00e4\u00e4sytietoja?<\/strong><\/p>\n\n<p>SUMINISTROS HOSTELEROS, S. L. k\u00e4ytt\u00e4\u00e4 k\u00e4ytt\u00f6tietoja, mukaan lukien rajoituksetta IP-osoitteet, Internet-palveluntarjoajat ja selaintyypit, analysoidakseen suuntauksia, hallinnoidakseen Sivustoa, seuratakseen k\u00e4ytt\u00e4j\u00e4n liikkumista ja k\u00e4ytt\u00f6\u00e4 sek\u00e4 ker\u00e4t\u00e4kseen laajoja demografisia tietoja.<\/p>\n\n<p><strong>Mitk\u00e4 yhteisty\u00f6kumppanit tai palveluntarjoajat p\u00e4\u00e4sev\u00e4t k\u00e4siksi sivustolla olevien vierailijoiden ja\/tai valtuutettujen asiakkaiden henkil\u00f6kohtaisiin tietoihin?<\/strong><\/p>\n\n<p>SUMINISTROS HOSTELEROS, S. L. on tehnyt ja tekee jatkossakin yhteisty\u00f6sopimuksia ja muita sidossuhteita useiden toimittajien kanssa, joilla voi olla p\u00e4\u00e4sy tiettyihin henkil\u00f6tietoihin, jotta voidaan arvioida valtuutettujen asiakkaiden soveltuvuutta palveluun. Tietosuojak\u00e4yt\u00e4nt\u00f6mme ei kata n\u00e4iden tietojen ker\u00e4\u00e4mist\u00e4 tai k\u00e4ytt\u00f6\u00e4. Henkil\u00f6kohtaisten tietojen luovuttaminen lain noudattamiseksi. Luovutamme henkil\u00f6tietoja noudattaaksemme tuomioistuimen m\u00e4\u00e4r\u00e4yst\u00e4 tai haastetta tai lainvalvontaviranomaisen pyynt\u00f6\u00e4 tietojen luovuttamisesta. Luovutamme henkil\u00f6tietoja my\u00f6s silloin, kun se on kohtuullisen v\u00e4ltt\u00e4m\u00e4t\u00f6nt\u00e4 k\u00e4vij\u00f6idemme ja valtuutettujen asiakkaidemme turvallisuuden suojelemiseksi.    <\/p>\n\n<p><strong>Miten sivusto suojaa henkil\u00f6tietoja?<\/strong><\/p>\n\n<p>Kaikki ty\u00f6ntekij\u00e4mme ovat tietoisia turvallisuuspolitiikasta ja -k\u00e4yt\u00e4nn\u00f6ist\u00e4. Vierailijoidemme ja valtuutettujen asiakkaidemme henkil\u00f6tiedot ovat vain rajoitetun m\u00e4\u00e4r\u00e4n p\u00e4tevien ty\u00f6ntekij\u00f6iden saatavilla, ja heille on annettu salasana, jolla he p\u00e4\u00e4sev\u00e4t tietoihin k\u00e4siksi. Suoritamme s\u00e4\u00e4nn\u00f6llisesti turvaj\u00e4rjestelmiemme ja -prosessiemme tarkastuksia. Arkaluonteiset tiedot, kuten luottokortti- tai sosiaaliturvatunnukset, on suojattu salausprotokollilla, jotka on luotu suojaamaan Internetin kautta l\u00e4hetettyj\u00e4 tietoja. Vaikka ryhdymme kaupallisesti kohtuullisiin toimenpiteisiin yll\u00e4pit\u00e4\u00e4ksemme turvallista sivustoa, s\u00e4hk\u00f6inen viestint\u00e4 ja tietokannat ovat alttiita virheille, peukaloinnille ja murroille, emmek\u00e4 voi taata tai taata, ett\u00e4 t\u00e4llaisia tapahtumia ei tapahdu, emmek\u00e4 ole vastuussa vierailijoille tai valtuutetuille asiakkaille t\u00e4llaisista tapahtumista.    <\/p>\n\n<p><strong>Miten k\u00e4vij\u00e4t voivat korjata henkil\u00f6kohtaisesti tunnistettavissa tiedoissa olevat ep\u00e4tarkkuudet?<\/strong><\/p>\n\n<p>Vierailijat ja valtuutetut asiakkaat voivat ottaa meihin yhteytt\u00e4 p\u00e4ivitt\u00e4\u00e4kseen henkil\u00f6tietonsa tai korjatakseen mahdolliset virheet l\u00e4hett\u00e4m\u00e4ll\u00e4 meille s\u00e4hk\u00f6postia osoitteeseen hola@myspainfood.com.<\/p>\n\n<p><strong>Voiko k\u00e4vij\u00e4 poistaa tai poistaa k\u00e4yt\u00f6st\u00e4 sivuston ker\u00e4\u00e4m\u00e4t henkil\u00f6tiedot?<\/strong><\/p>\n\n<p>Tarjoamme K\u00e4vij\u00f6ille ja Valtuutetuille asiakkaille mekanismin, jolla he voivat poistaa\/deaktivoida henkil\u00f6kohtaisesti tunnistettavia tietoja Sivuston tietokannasta ottamalla yhteytt\u00e4 . Varmuuskopioiden ja poistotietojen tallentamisen vuoksi voi kuitenkin olla mahdotonta poistaa vierailijan merkint\u00e4\u00e4 s\u00e4ilytt\u00e4m\u00e4tt\u00e4 joitakin j\u00e4ljelle j\u00e4\u00e4vi\u00e4 tietoja. Jos henkil\u00f6 pyyt\u00e4\u00e4 henkil\u00f6tietonsa poistamista k\u00e4yt\u00f6st\u00e4, ne poistetaan toiminnallisesti, emmek\u00e4 myy, siirr\u00e4 tai k\u00e4yt\u00e4 kyseiseen henkil\u00f6\u00f6n liittyvi\u00e4 henkil\u00f6tietoja mill\u00e4\u00e4n tavalla tulevaisuudessa.  <\/p>\n\n<p><strong>Mit\u00e4 tapahtuu, jos tietosuojak\u00e4yt\u00e4nt\u00f6 muuttuu?<\/strong><\/p>\n\n<p>Ilmoitamme K\u00e4vij\u00f6illemme ja Valtuutetuille asiakkaillemme tietosuojak\u00e4yt\u00e4nt\u00f6mme muutoksista julkaisemalla t\u00e4llaiset muutokset Sivustolla. Jos kuitenkin muutamme tietosuojak\u00e4yt\u00e4nt\u00f6\u00e4mme tavalla, joka voi aiheuttaa sellaisten henkil\u00f6kohtaisesti tunnistettavien tietojen paljastamisen, joiden paljastamista vierailija tai valtuutettu asiakas on aiemmin pyyt\u00e4nyt, otamme yhteytt\u00e4 kyseiseen vierailijaan tai valtuutettuun asiakkaaseen, jotta vierailija tai valtuutettu asiakas voi est\u00e4\u00e4 t\u00e4llaisen paljastamisen. <\/p>\n\n<p><strong>Palautusk\u00e4yt\u00e4nn\u00f6t?<\/strong><\/p>\n\n<p>Seuraavia tuotteiden palautusehtoja ei sovelleta, kun kyseess\u00e4 on peruuttamisoikeuden k\u00e4ytt\u00e4minen. Tuotteiden palautukset tai vaihdot hyv\u00e4ksyt\u00e4\u00e4n vain valmistusvirheiden, kuljetusvaurioiden tai toimitusvirheiden tapauksessa. Joka tapauksessa tuotteen vastaanottamisesta ei saa olla kulunut enemp\u00e4\u00e4 kuin 14 p\u00e4iv\u00e4\u00e4, ja pakkauksen ja lis\u00e4varusteiden on oltava mukana. Etuk\u00e4teen on tarkistettava, ett\u00e4 kyseess\u00e4 on valmistus- tai pakkausvirhe tai -poikkeama eik\u00e4 se johdu virheellisest\u00e4 tai huolimattomasta k\u00e4yt\u00f6st\u00e4, k\u00e4sittelyst\u00e4 tai varastoinnista. Niiden mukana on aina oltava vastaava l\u00e4hetysluettelo tai lasku. Sek\u00e4 valmistus- tai pakkausvirheest\u00e4 johtuvassa palautuksessa ett\u00e4 tilauksessa olevan virheen tapauksessa TILAAJALLE tarjotaan, jos mahdollista, sen korvaamista toisella vaihtoehdolla ilman lis\u00e4kustannuksia ja ilman TILAAJAN oikeutta mink\u00e4\u00e4nlaiseen korvaukseen. MySpainFood vastaa tilauksen l\u00e4hett\u00e4misest\u00e4 aiheutuvista kustannuksista. Palautuksen edellytyksen\u00e4 on joka tapauksessa aina, ett\u00e4 MySpainFood tarkastaa etuk\u00e4teen palautettavan tuotteen kunnon ja varmistaa, ett\u00e4 n\u00e4iden myyntiehtojen vaatimukset t\u00e4yttyv\u00e4t. Kun palautus on vastaanotettu ja jos se on mahdollista, palautamme veloitetun summan enint\u00e4\u00e4n 30 p\u00e4iv\u00e4n kuluessa ja samoilla ehdoilla kuin maksun suorittaminen. MySpainFood pid\u00e4tt\u00e4\u00e4 itsell\u00e4\u00e4n oikeuden hyl\u00e4t\u00e4 palautukset, jotka on ilmoitettu tai l\u00e4hetetty m\u00e4\u00e4r\u00e4ajan j\u00e4lkeen, tai tuotteet, jotka eiv\u00e4t ole samassa kunnossa kuin ne on vastaanotettu. Palautukset hoidetaan l\u00e4hett\u00e4m\u00e4ll\u00e4 s\u00e4hk\u00f6postia osoitteeseen info@latiendadesami.com, jossa on kuvaus palautuksen syist\u00e4 ja palautuksen perusteet. Lis\u00e4ksi on ilmoitettava etu- ja sukunimi sek\u00e4 tilauksen viitenumero. Kun pyynt\u00f6 on vastaanotettu, k\u00e4sittelemme sen nopeasti.            <\/p>\n\n<p><strong>Linkit:<\/strong><\/p>\n\n<p>https:\/\/myspainfood.com sis\u00e4lt\u00e4\u00e4 linkkej\u00e4 muille verkkosivustoille. Huomaa, ett\u00e4 kun napsautat jotakin n\u00e4ist\u00e4 linkeist\u00e4, siirryt toiselle verkkosivustolle. Kehotamme sinua lukemaan n\u00e4iden linkitettyjen sivustojen tietosuojalausekkeet, sill\u00e4 niiden tietosuojak\u00e4yt\u00e4nn\u00f6t voivat poiketa meid\u00e4n tietosuojak\u00e4yt\u00e4nn\u00f6ist\u00e4mme.  <\/p>\n","protected":false},"excerpt":{"rendered":"<p>Tervetuloa osoitteeseen https:\/\/myspainfood.com (&#8221;Sivusto&#8221;). Ymm\u00e4rr\u00e4mme, ett\u00e4 yksityisyys verkossa on t\u00e4rke\u00e4\u00e4 Sivustomme k\u00e4ytt\u00e4jille, erityisesti liiketoimintaa harjoitettaessa. T\u00e4m\u00e4 lausunto koskee yksityisyydensuojaperiaatteitamme niiden Sivuston k\u00e4ytt\u00e4jien (&#8221;K\u00e4vij\u00e4t&#8221;) osalta, jotka vierailevat Sivustolla tekem\u00e4tt\u00e4 liiketoimia, ja niiden K\u00e4vij\u00f6iden osalta, jotka rekister\u00f6ityv\u00e4t tekem\u00e4\u00e4n liiketoimia Sivustolla ja k\u00e4ytt\u00e4v\u00e4t SUMINISTROS HOSTELEROS, S. L.:n tarjoamia erilaisia palveluja (yhdess\u00e4 &#8221;Palvelut&#8221;) (&#8221;Valtuutetut asiakkaat&#8221;). &#8221;Henkil\u00f6kohtaisesti tunnistettavat tiedot tarkoittaa [&hellip;]<\/p>\n","protected":false},"author":1,"featured_media":0,"parent":0,"menu_order":0,"comment_status":"closed","ping_status":"closed","template":"","meta":{"_et_pb_use_builder":"","_et_pb_old_content":"","_et_gb_content_width":"","footnotes":""},"class_list":["post-18512","page","type-page","status-publish","hentry"],"_links":{"self":[{"href":"https:\/\/myspainfood.com\/fi\/wp-json\/wp\/v2\/pages\/18512","targetHints":{"allow":["GET"]}}],"collection":[{"href":"https:\/\/myspainfood.com\/fi\/wp-json\/wp\/v2\/pages"}],"about":[{"href":"https:\/\/myspainfood.com\/fi\/wp-json\/wp\/v2\/types\/page"}],"author":[{"embeddable":true,"href":"https:\/\/myspainfood.com\/fi\/wp-json\/wp\/v2\/users\/1"}],"replies":[{"embeddable":true,"href":"https:\/\/myspainfood.com\/fi\/wp-json\/wp\/v2\/comments?post=18512"}],"version-history":[{"count":1,"href":"https:\/\/myspainfood.com\/fi\/wp-json\/wp\/v2\/pages\/18512\/revisions"}],"predecessor-version":[{"id":18514,"href":"https:\/\/myspainfood.com\/fi\/wp-json\/wp\/v2\/pages\/18512\/revisions\/18514"}],"wp:attachment":[{"href":"https:\/\/myspainfood.com\/fi\/wp-json\/wp\/v2\/media?parent=18512"}],"curies":[{"name":"wp","href":"https:\/\/api.w.org\/{rel}","templated":true}]}}