{"id":18579,"date":"2025-04-10T15:12:12","date_gmt":"2025-04-10T13:12:12","guid":{"rendered":"https:\/\/myspainfood.com\/ostot-palautukset-ja-toimitukset\/"},"modified":"2025-05-08T09:59:49","modified_gmt":"2025-05-08T07:59:49","slug":"ostot-palautukset-ja-toimitukset","status":"publish","type":"page","link":"https:\/\/myspainfood.com\/fi\/ostot-palautukset-ja-toimitukset\/","title":{"rendered":"Ostot, palautukset ja toimitukset"},"content":{"rendered":"\n<p>T\u00e4m\u00e4 sopimus s\u00e4\u00e4ntelee SAMI SUMINISTROS HOSTELEROS, S. L. (j\u00e4ljemp\u00e4n\u00e4 MY SPAIN FOOD), jonka NIF B84614064 ja osoite c\/ Luis i 60, sotano, nave 27. 28031 Madrid, Espanja, on tarjonnut t\u00e4ll\u00e4 verkkosivustolla tarjottujen eri tuotteiden ja palveluiden yleisi\u00e4 ostoehtoja. Madrid, Espanja.<br\/>Kun ASIAKAS suorittaa rekister\u00f6intiprosessin ja ostaa mink\u00e4 tahansa tuotteemme, h\u00e4n hyv\u00e4ksyy nimenomaisesti j\u00e4ljemp\u00e4n\u00e4 m\u00e4\u00e4ritellyt lausekkeet sek\u00e4 verkkosivustomme k\u00e4ytt\u00f6ehdot ja tietosuojaperiaatteet, joihin p\u00e4\u00e4see k\u00e4siksi linkin Privacy Policy kautta.<br\/>ASIAKAS tunnustaa, ett\u00e4 h\u00e4nell\u00e4 on riitt\u00e4v\u00e4 oikeustoimikelpoisuus sopimusvelvoitteen solmimiseen.<br\/>T\u00e4m\u00e4 sopimus on pysyv\u00e4sti saatavilla verkkosivustomme oikeudellisissa ilmoituksissa.  <\/p>\n\n<p>HINNAT JA VEROT<br\/>Vastineeksi ostetusta tuotteesta TILAAJA nimenomaisesti suostuu maksamaan MY SPAIN FOODille ostohetkell\u00e4 m\u00e4\u00e4r\u00e4t, jotka on m\u00e4\u00e4ritelty verkkosivuilla https:\/\/www.myspainfood.es olevaan hinnastoon valituista tuotteista.<br\/>T\u00e4ll\u00e4 verkkosivustolla tarjottuihin tuotteisiin sovelletaan kansallista kulutusveroa, joka SIS\u00c4LT\u00c4\u00c4 kunkin tuotteen hinnan.<br\/>Kuljetuskustannukset EIV\u00c4T sis\u00e4lly tuotteiden hintaan.<br\/>Kun tuotteiden valinta on suoritettu ja ennen tilauksen vahvistamista ja maksamista, n\u00e4yt\u00f6lle ilmestyy ostoksen lopullinen hinta, joka sis\u00e4lt\u00e4\u00e4 mahdolliset verot, k\u00e4sittely-, pakkaus- ja toimituskulut, jotka n\u00e4kyv\u00e4t tilauslomakkeessa ostohetkell\u00e4 ja laskussa.<br\/>Kaikki, mit\u00e4 kuvauksessa ei ole mainittu sis\u00e4ltyv\u00e4ksi, ei sis\u00e4lly.<\/p>\n\n<p>2. OSTOMENETTELY<br\/>Vain yli 14-vuotiaat (ilman alkoholia) ja yli 18-vuotiaat (alkoholin kanssa) sek\u00e4 yritykset voivat tehd\u00e4 tilauksia t\u00e4m\u00e4n verkkosivuston kautta.<br\/>Kaikki tuotteemme on lueteltu erikseen verkkosivustolla. Verkkosivustolla ilmoitetaan ostoksen tekemist\u00e4 ja hallinnointia koskeva menettely, jossa on noudatettava seuraavia vaiheita:<br\/>a. Valitse tuote, jonka haluat ostaa.<br\/>b. Kun olet valinnut tuotteen, voit lis\u00e4t\u00e4 sen ostoskoriin ja valita, haluatko jatkaa ostoksia vai k\u00e4sitell\u00e4 tilauksen.<br\/>c. Tilauksen k\u00e4sittely\u00e4 varten sinun on t\u00e4ytett\u00e4v\u00e4 lomake, jossa on henkil\u00f6kohtaiset tietosi, jotta ostomenettely voidaan virallistaa.<br\/>d. Valitse, haluatko jatkaa ostoksia vai k\u00e4sitell\u00e4 tilauksen. T\u00e4m\u00e4n j\u00e4lkeen tilaus tarkistetaan, jolloin valitut tuotteet eritell\u00e4\u00e4n yksitellen ja lasketaan kokonaishinta.<br\/>e. Lis\u00e4ksi on ilmoitettava ostoksen laskutus- ja toimitusosoite. Voit ilmoittaa yhden laskutus- ja toimitusosoitteen.<br\/>f. Kun prosessi on suoritettu loppuun, sinun on rastitettava ruutu varmistaaksesi, ett\u00e4 olet lukenut ja hyv\u00e4ksynyt myyntiehdot.<br\/>g. Verkkosivusto tarjoaa sinulle maksumekanismit kulloinkin valitun j\u00e4rjestelm\u00e4n mukaan.<br\/>h. Kun maksutiedot on sy\u00f6tetty, tilaus on vahvistettava klikkaamalla &#8221;Osta&#8221;-painiketta.<br\/>i. Kun &#8221;Osta&#8221;-painiketta on napsautettu, maksu on suoritettu ja tuotteet ovat k\u00e4yt\u00f6ss\u00e4si.<br\/>ASIAKKAALLE ilmoitetaan, ett\u00e4 verkkosivustolla olevat valokuvat ja tuotekuvaukset ovat likim\u00e4\u00e4r\u00e4inen kuva tarjotuista tuotteista ja palveluista ja voivat siksi poiketa alkuper\u00e4isest\u00e4. T\u00e4m\u00e4n verkkosivuston kautta tarjottujen tuotteiden kuvaukset ja kuvitukset ovat ainoastaan informatiivisia.          <\/p>\n\n<p>3. SAATAVUUS JA TOIMITUS<br\/>MY SPAIN FOODin tarjoamat tuotteet ovat saatavilla ainoastaan Espanjan mantereella.<br\/>Tilaukset k\u00e4sitell\u00e4\u00e4n, kun maksu on vastaanotettu asianmukaisesti. MY SPAIN FOODin tarjoamien tuotteiden saatavuus riippuu aina saatavuudesta, joka ilmoitetaan erikseen verkkosivustollamme kunkin tuotteen kohdalla, jotta jos jotakin tuotetta ei ole saatavilla, asiakkaalle ilmoitetaan asianmukaisesti saatavuuden puutteesta. Normaalioloissa kaikki verkkosivustollamme n\u00e4kyv\u00e4t tuotteet ovat saatavilla toimitettavaksi ilmoitettujen aikojen kuluessa. Jos tilauksen tekemisen j\u00e4lkeen asiakkaan tilaama tuote on loppunut varastosta, asiakkaalle ilmoitetaan t\u00e4st\u00e4 asianmukaisesti ja h\u00e4nelle tarjotaan vaihtoehtoista tuotetta, jolla on samanlaiset ominaisuudet, sama hinta ja laatu. Jos TILAAJA ei kuitenkaan ole kiinnostunut hyv\u00e4ksym\u00e4\u00e4n ehdotettua vaihtoehtoa, MY SPAIN FOOD palauttaa jo maksetun summan ja ilmoittaa TILAAJALLE takaisinmaksua koskevat menettelyt ja m\u00e4\u00e4r\u00e4ajat. Yleiss\u00e4\u00e4nt\u00f6n\u00e4 on, ett\u00e4 toimitusaika kotiin on enint\u00e4\u00e4n 5-10 p\u00e4iv\u00e4\u00e4 ostohetkest\u00e4 ja siit\u00e4, kun olemme vahvistaneet maksunne, k\u00e4sitelless\u00e4mme tilauksia, jotka on vastaanotettu ennen klo 14:00 samana p\u00e4iv\u00e4n\u00e4 ja aina Madridin (ESPANJA) kaupungin arkip\u00e4ivin\u00e4. N\u00e4m\u00e4 toimitusajat ovat likim\u00e4\u00e4r\u00e4isi\u00e4 eiv\u00e4tk\u00e4 miss\u00e4\u00e4n tapauksessa sido MY SPAIN FOODia. Toimitukset tehd\u00e4\u00e4n arkip\u00e4ivin\u00e4 (maanantaista perjantaihin). Kotiin ostetun tuotteen toimituksen suorittaa kuljetusliike, jonka mukana toimitetaan l\u00e4hetysluettelo tilauslomakkeessa ilmoitettuun osoitteeseen, joka asiakkaan on allekirjoitettava vastaanottotodistukseksi. Asiakkaalle ilmoitetaan asianmukaisesti, jos toimitus viiv\u00e4styy tai tapahtuu jostain syyst\u00e4. Jos toimitusta ei voida toimittaa ilmoitettuun osoitteeseen vastaanottajan poissaolon vuoksi, kuljetusliike ottaa suoraan yhteytt\u00e4 TILAAJAN kanssa sopiakseen joko toimitusajasta tai paketin noutamisesta vastaavasta toimipisteest\u00e4 tai joka tapauksessa ilmoittaakseen, mit\u00e4 toimenpiteit\u00e4 on noudatettava tuotteiden saamiseksi.<br\/>M\u00e4\u00e4r\u00e4ajan p\u00e4\u00e4tytty\u00e4, jos tilausta ei ole noudettu, se palautetaan varastoon ja l\u00e4hetet\u00e4\u00e4n s\u00e4hk\u00f6postiviesti, jossa ilmoitetaan, miten toimitus lopulta suoritetaan. J\u00e4lkimm\u00e4isess\u00e4 tapauksessa TILAAJA vastaa toimituskuluista. On my\u00f6s mahdollista noutaa tilaus myym\u00e4l\u00e4st\u00e4; jos TILAAJA valitsee t\u00e4m\u00e4n vaihtoehdon, tilaus valmistellaan maksun suorittamisen j\u00e4lkeen. Kun tilaus on valmis, TILAAJA saa 24-48 tunnin kuluessa tilauksen vahvistamisesta s\u00e4hk\u00f6postiviestin, jossa h\u00e4nelle ilmoitetaan, ett\u00e4 tilaus on valmis noudettavaksi, sek\u00e4 muut tarvittavat tiedot. Jos TILAAJA valitsee t\u00e4m\u00e4n toimitustavan, h\u00e4nelle ei aiheudu l\u00e4hetys- tai kuljetuskustannuksia. Jos TILAAJA, joka on valinnut noutamisen myym\u00e4l\u00e4st\u00e4 ja joka ei noudata tilausta 48-72 tunnin kuluessa tilauksen luonteesta riippuen (helposti pilaantuvat fyysiset tuotteet), kun h\u00e4nelle on l\u00e4hetetty s\u00e4hk\u00f6posti, jossa ilmoitetaan, ett\u00e4 tilaus on valmis noudettavaksi, TILAAJA menett\u00e4\u00e4 kaikki oikeudet tehtyyn ostokseen. Jos tuotteet eiv\u00e4t ole t\u00e4llaisia, noutoaika myym\u00e4l\u00e4st\u00e4 on 7 p\u00e4iv\u00e4\u00e4, ja jos noutoa ei tapahdu, otamme yhteytt\u00e4 TILAAJAN kanssa, jotta tilauksen toimittaminen voidaan lopulta aloittaa.                 Saadaksesi aina tietoa ostoksesi hallinnoinnista, saat s\u00e4hk\u00f6postitse ilmoituksen tilauksesi ja maksun vahvistamisesta. ASIAKAS voi my\u00f6s tarkistaa tilauksensa tilan l\u00e4hett\u00e4m\u00e4ll\u00e4 s\u00e4hk\u00f6postia osoitteeseen hola@myspainfood.com. <\/p>\n\n<p>4. MAKSU JA MAKSUEHDOT<br\/>Seuraavat maksutavat hyv\u00e4ksyt\u00e4\u00e4n:<br\/>- Luotto- ja pankkikortti. Maksutapahtuma suoritetaan yhdist\u00e4m\u00e4ll\u00e4 suoraan Stripeen. <br\/>- GOOGLE PAY. Maksutapahtuma suoritetaan yhdist\u00e4m\u00e4ll\u00e4 suoraan Stripeen. <br\/>- APPLE PAY. Maksutapahtuma suoritetaan ottamalla yhteys suoraan Stripeen. <br\/>- Paypal. Suora yhteys Paypaliin. <br\/>- Pankkisiirto. Maksamalla ostoksen kokonaissumma ilmoitetulle k\u00e4ytt\u00f6tilille. Kun maksu on suoritettu, saat vahvistuksen s\u00e4hk\u00f6postitse.<br\/>MY SPAIN FOOD ei p\u00e4\u00e4se k\u00e4siksi luottokorttitietoihisi. Kaikki maksuj\u00e4rjestelm\u00e4mme ovat t\u00e4ysin turvallisia. Maksut tapahtuvat ennen tuotteen toimittamista tai palvelun tarjoamista, joten MY SPAIN FOOD ei toimita pyydetty\u00e4 tuotetta ennen kuin maksu on vastaanotettu. MY SPAIN FOOD pid\u00e4tt\u00e4\u00e4 oikeuden peruuttaa tilap\u00e4isesti tai pysyv\u00e4sti tarjotut palvelut, jos maksussa tapahtuu jokin h\u00e4iri\u00f6. ASIAKKAALLE ilmoitetaan, ett\u00e4 korttimaksujen osalta vastuuhenkil\u00f6 on k\u00e4ytetyn luotto- tai pankkikortin haltija.      <\/p>\n\n<p>5. LASKUT<br\/>Saat ostokuitin s\u00e4hk\u00f6postitse ostohetkell\u00e4. Jos haluat saada laskun, sinun on otettava yhteytt\u00e4 asiakaspalveluun (hola@myspainfood.com) ja annettava meille tarvittavat verotiedot. ASIAKKAAN vastuulla on vahvistaa ilmoitusten vastaanottaminen ja ilmoittaa meille kaikista tietoihinsa tehdyist\u00e4 muutoksista, LA MY SPAIN FOOD on vapautettu kaikesta t\u00e4st\u00e4 tilanteesta johtuvasta vastuusta.  <\/p>\n\n<p>6. TAKUU<br\/>Me MY SPAIN FOOD -yrityksess\u00e4 pyrimme tarjoamaan korkealaatuisia palveluita, mutta n\u00e4iden tuotteiden (helposti pilaantuvat tuotteet) luonteen vuoksi tarjoamme tyytyv\u00e4isyystakuun useimmille tuotteillemme. Jos jostain syyst\u00e4 et saa tuotetta tai palvelua oikein, sinun on ilmoitettava meille mahdollisimman pian ja ilmoitettava tapahtumasta, ja me pyrimme, jos virhe on todennettavissa, korjaamaan sen mahdollisimman pian.<br\/>Kaikki ei-pilaantuvat tuotteemme ovat laadunvalvonnan alaisia, ja niill\u00e4 on 2 vuoden takuu valmistusvirheiden varalta ostop\u00e4iv\u00e4st\u00e4 tai, jos se ei ole mahdollista, viimeisest\u00e4 k\u00e4ytt\u00f6p\u00e4iv\u00e4m\u00e4\u00e4r\u00e4st\u00e4 alkaen. Takuu kattaa kaikki valmistus-, suunnittelu- tai materiaalivirheet, mutta virheest\u00e4 on ilmoitettava 14 p\u00e4iv\u00e4n kuluessa sen havaitsemisesta. Takuu kattaa vain vialliset tuotteet. Se ei kata kolhuja, v\u00e4\u00e4r\u00e4nlaista k\u00e4ytt\u00f6\u00e4 tai muuta, joka ei johdu tavarantoimittajan virheest\u00e4 tai tuotteen virheest\u00e4. Takuuaikana ASIAKAS voi palauttaa tuotteen, ja me korjaamme tai vaihdamme sen. Takuuaikaisista palautuksista aiheutuvista kuljetuskustannuksista EI vastaa TILAAJA. Takuuasiakirja on ostolasku.       <\/p>\n\n<p>7. PALAUTUKSET<br\/>Seuraavia tuotteidemme palautusehtoja ei sovelleta, jos peruutusoikeutta k\u00e4ytet\u00e4\u00e4n. Tuotteiden palautukset tai vaihdot hyv\u00e4ksyt\u00e4\u00e4n vain valmistusvirheiden, kuljetusvaurioiden tai toimitusvirheiden tapauksessa. Joka tapauksessa tuotteen vastaanottamisesta ei saa kulua enemp\u00e4\u00e4 kuin 14 p\u00e4iv\u00e4\u00e4, ja pakkauksen ja lis\u00e4varusteiden on oltava mukana. Etuk\u00e4teen on tarkistettava, ett\u00e4 kyseess\u00e4 on valmistus- tai pakkausvirhe tai -poikkeama eik\u00e4 se johdu virheellisest\u00e4 tai huolimattomasta k\u00e4yt\u00f6st\u00e4, k\u00e4sittelyst\u00e4 tai varastoinnista. Niiden mukana on aina oltava vastaava l\u00e4hetysluettelo tai lasku. Sek\u00e4 valmistus- tai pakkausvirheest\u00e4 johtuvassa palautuksessa ett\u00e4 tilauksessa olevan virheen tapauksessa TILAAJALLE tarjotaan, jos mahdollista, sen korvaamista toisella vaihtoehdolla ilman lis\u00e4kustannuksia ja ilman TILAAJAN oikeutta mink\u00e4\u00e4nlaiseen korvaukseen. MY SPAIN FOOD vastaa tilauksen l\u00e4hett\u00e4misest\u00e4 aiheutuvista kustannuksista. Palautus edellytt\u00e4\u00e4 joka tapauksessa aina, ett\u00e4 MY SPAIN FOOD tutkii etuk\u00e4teen palautettavan tuotteen kunnon ja varmistaa, ett\u00e4 se t\u00e4ytt\u00e4\u00e4 n\u00e4iden myyntiehtojen vaatimukset. Kun palautus on vastaanotettu ja jos se on mahdollista, palautamme veloitetun summan enint\u00e4\u00e4n 30 p\u00e4iv\u00e4n kuluessa ja samojen aikarajojen puitteissa, joita on k\u00e4ytetty maksun suorittamiseen. MY SPAIN FOOD pid\u00e4tt\u00e4\u00e4 oikeuden kielt\u00e4yty\u00e4 palautuksista, jotka on ilmoitettu tai l\u00e4hetetty m\u00e4\u00e4r\u00e4ajan j\u00e4lkeen, tai tuotteista, jotka eiv\u00e4t ole samassa kunnossa kuin ne on vastaanotettu. Palautukset hoidetaan l\u00e4hett\u00e4m\u00e4ll\u00e4 s\u00e4hk\u00f6postia osoitteeseen hola@myspainfood.es, jossa on kuvaus palautuksen syist\u00e4 ja palautuksen perustelut. Lis\u00e4ksi on ilmoitettava etu- ja sukunimi sek\u00e4 tilauksen viitenumero. Kun pyynt\u00f6 on vastaanotettu, k\u00e4sittelemme sen nopeasti.            <\/p>\n\n<p>8. PERUUTUSOIKEUS<br\/>Ottaen huomioon tuotteen luonne (pilaantuva tuote) ja sen s\u00e4ilytysolosuhteet sek\u00e4 16. marraskuuta 2007 annetun kuninkaallisen asetuksen 1\/2007 103 artiklan d ja e kohdan mukaisesti, joka koskee kuluttajien ja k\u00e4ytt\u00e4jien suojelua, peruuttamisoikeutta ei sovelleta t\u00e4h\u00e4n sopimukseen. Jos kyseess\u00e4 on tuote, jota ei pidet\u00e4 pilaantuvana (103 artiklan d kohta) ja jos sit\u00e4 ei ole purettu (103 artiklan e kohta), sinulla on oikeus peruuttaa t\u00e4m\u00e4 sopimus 14 kalenterip\u00e4iv\u00e4n kuluessa ilman perusteluja. Peruuttamisaika p\u00e4\u00e4ttyy 14 kalenterip\u00e4iv\u00e4n kuluttua sopimuksen tekop\u00e4iv\u00e4st\u00e4. Peruuttamisoikeuden k\u00e4ytt\u00e4miseksi sinun on ilmoitettava meille osoitteeseen MY SPAIN FOOD c\/ Luis I 60, s\u00f3tano, nave 27 , 28031, Madrid, Espanja e-mail: hola@myspainfood.com, p\u00e4\u00e4t\u00f6ksest\u00e4si peruuttaa sopimus yksiselitteisell\u00e4 ilmoituksella (esim. postitse, faksilla tai s\u00e4hk\u00f6postitse l\u00e4hetetty kirje). Voit k\u00e4ytt\u00e4\u00e4 alla olevaa peruuttamislomakkeen mallia, mutta sen k\u00e4ytt\u00f6 ei ole pakollista. Peruuttamislomakkeen malli MY SPAIN FOOD c\/ Luis I 60, s\u00f3tano, nave 27 MADRID (28031) Espanja hola@myspainfood.com Ilmoitan t\u00e4ten, ett\u00e4 peruutan seuraavia tavaroita koskevan kauppasopimukseni: Vastaanotettu\/tilattu: Kuluttajan nimi: Kuluttajan allekirjoitus P\u00e4iv\u00e4ys Peruuttamisajan noudattamiseksi riitt\u00e4\u00e4, ett\u00e4 t\u00e4m\u00e4n oikeuden k\u00e4ytt\u00e4mist\u00e4 koskeva tiedonanto l\u00e4hetet\u00e4\u00e4n ennen peruuttamisajan p\u00e4\u00e4ttymist\u00e4.     <br\/>Peruuttamisen seuraukset:<br\/>Jos peruutat sopimuksen, palautamme sinulle kaikki sinulta saadut maksut ilman aiheetonta viivytyst\u00e4 ja joka tapauksessa viimeist\u00e4\u00e4n 14 kalenterip\u00e4iv\u00e4n kuluessa siit\u00e4 p\u00e4iv\u00e4st\u00e4, jona saamme tiedon p\u00e4\u00e4t\u00f6ksest\u00e4si peruuttaa sopimus. TILAAJA vastaa suoraan tavaroiden palauttamisesta aiheutuvista kustannuksista, jolloin noutokulut v\u00e4hennet\u00e4\u00e4n palautuksesta, paitsi jos kyseess\u00e4 on laatuvirhe tai meid\u00e4n puoleltamme tapahtunut kuljetusvirhe. Suoritamme palautuksen k\u00e4ytt\u00e4en samaa maksuv\u00e4linett\u00e4, jota olet k\u00e4ytt\u00e4nyt alkuper\u00e4isess\u00e4 maksutapahtumassa, ellet ole nimenomaisesti toisin m\u00e4\u00e4r\u00e4nnyt; palautuksesta ei miss\u00e4\u00e4n tapauksessa aiheudu sinulle mit\u00e4\u00e4n kuluja. Peruuttamispyynn\u00f6st\u00e4 ilmoitettaessa sinun on palautettava tai luovutettava tavarat suoraan meille ilman aiheetonta viivytyst\u00e4 ja joka tapauksessa viimeist\u00e4\u00e4n 14 kalenterip\u00e4iv\u00e4n kuluessa siit\u00e4 p\u00e4iv\u00e4st\u00e4, jona ilmoitit meille p\u00e4\u00e4t\u00f6ksest\u00e4si peruuttaa sopimus. M\u00e4\u00e4r\u00e4aika katsotaan pidetyksi, jos palautat tavarat ennen m\u00e4\u00e4r\u00e4ajan p\u00e4\u00e4ttymist\u00e4. Palautettavien tavaroiden on oltava moitteettomassa kunnossa, ne eiv\u00e4t saa olla vahingoittuneita, ep\u00e4muodostuneita tai niiss\u00e4 saa olla kulumisen merkkej\u00e4, naarmuja tai tahroja. Olet vastuussa tavaran arvon alenemisesta, joka johtuu muusta kuin tavaran luonteen, ominaisuuksien ja toiminnan selvitt\u00e4miseksi tarpeellisesta k\u00e4sittelyst\u00e4.      <\/p>\n\n<p>9. SOPIMUKSEN T\u00c4YT\u00c4NT\u00d6\u00d6NPANO JA PALVELUJEN MUUTOKSET<br\/>T\u00e4m\u00e4 sopimus tulee t\u00e4ydelliseksi, kun tuote on maksettu ja kun TILAAJALLE on l\u00e4hetetty vahvistuss\u00e4hk\u00f6posti, jossa on kuvaus tehdyst\u00e4 ostoksesta.<br\/>MY SPAIN FOOD pid\u00e4tt\u00e4\u00e4 oikeuden muuttaa palveluidensa ominaisuuksia ja ehtoja mill\u00e4 tahansa tavalla, aina niiden parantamiseksi ja TILAAJAN hy\u00f6dyksi.<\/p>\n\n<p>10. OSAPUOLTEN VELVOLLISUUDET<br\/>MY SPAIN FOOD sitoutuu toimittamaan ASIAKKAALLE sopimuksen mukaiset tuotteet ja palvelut, noudattamaan mahdollisimman suurta huolellisuutta palvelun tarjoamisessa, huolehtimaan verkon toiminnan kannalta tarpeellisten laitteistojen yll\u00e4pidosta, hankkimaan t\u00e4h\u00e4n tarkoitukseen asianmukaiset tekniset ja tietotekniset v\u00e4lineet sek\u00e4 hoitamaan logistiikkatoiminnot, kuljetuksen ja kuljetusliikkeen v\u00e4lityksell\u00e4 tehdyn ostoksen toimituksen.<br\/>ASIAKAS sitoutuu k\u00e4ytt\u00e4m\u00e4\u00e4n saatavilla olevia palveluja hyv\u00e4ss\u00e4 uskossa, rikkomatta lakia miss\u00e4\u00e4n asiassa tai loukkaamatta kolmansien osapuolten oikeuksia, sek\u00e4 maksamaan valitun tuotteen n\u00e4iss\u00e4 myyntiehdoissa m\u00e4\u00e4ritellyss\u00e4 ajassa ja tavalla ja vastaanottamaan sen toimitettavaksi ilmoitettuun paikkaan. MY SPAIN FOOD ei takaa, ett\u00e4 t\u00e4m\u00e4n sopimuksen piiriin kuuluvan palvelun saatavuus on jatkuvaa ja keskeytym\u00e4t\u00f6nt\u00e4 Internet-verkon ongelmien, tietokonelaitteiden vikojen ja muiden ennalta arvaamattomien olosuhteiden vuoksi. T\u00e4m\u00e4n vuoksi ASIAKAS sitoutuu siet\u00e4m\u00e4\u00e4n n\u00e4m\u00e4 olosuhteet kohtuullisissa rajoissa ja n\u00e4in ollen nimenomaisesti luopuu kaikesta sopimuksellisesta tai sopimuksen ulkopuolisesta vastuusta LA MY SPAIN FOODia kohtaan mahdollisista h\u00e4iri\u00f6ist\u00e4, virheist\u00e4 ja sopimuksen mukaisen palvelun k\u00e4yt\u00f6st\u00e4.  <\/p>\n\n<p>11. VIESTINT\u00c4<br\/>Kaikki osapuolten v\u00e4liset ilmoitukset tehd\u00e4\u00e4n mieluiten s\u00e4hk\u00f6postitse. ASIAKAS on vastuussa ilmoitusten vastaanottamisen vahvistamisesta ja MY SPAIN FOODin ilmoittamisesta kaikista tietoihinsa tehdyist\u00e4 muutoksista, ja on vapautettu kaikesta t\u00e4st\u00e4 tilanteesta johtuvasta vastuusta. Muutostapauksissa ASIAKKAAN on ilmoitettava MY SPAIN FOODille s\u00e4hk\u00f6postitse tai verkkosivuillamme ilmoitettuihin puhelinnumeroihin. Tietoyhteiskunnan palveluista ja s\u00e4hk\u00f6isest\u00e4 kaupank\u00e4ynnist\u00e4 annetun lain 34\/2002 21 pyk\u00e4l\u00e4n mukaisesti ilmoitamme, ett\u00e4 kaupalliset postituksemme ja verkkosivustoomme ja siell\u00e4 tarjottuihin tuotteisiin liittyv\u00e4t tiedot l\u00e4hetet\u00e4\u00e4n s\u00e4hk\u00f6postitse antamaasi s\u00e4hk\u00f6postiosoitteeseen, joka on aina peruutettavissa. Sinulla on joka tapauksessa mahdollisuus kielt\u00e4yty\u00e4 kaupallisesta viestinn\u00e4st\u00e4mme l\u00e4hett\u00e4m\u00e4ll\u00e4 s\u00e4hk\u00f6postia osoitteeseen hola@myspainfood.com ja merkitsem\u00e4ll\u00e4 aiheeseen sana UNSUBSCRIBE.    <\/p>\n\n<p>12. SITOUTUMINEN, SOPIMUKSEN HYV\u00c4KSYMINEN JA SOPIMUKSEN VOIMASSAOLO<br\/>ASIAKAS vahvistaa lukeneensa ja hyv\u00e4ksyneens\u00e4 verkkosivuston oikeudelliset k\u00e4ytt\u00f6ehdot ja tietosuojaselosteen. ASIAKAS vahvistaa, ett\u00e4 h\u00e4n on ymm\u00e4rt\u00e4nyt kaikki verkkosivustollamme tarjottuja tuotteita ja palveluita koskevat tiedot, mukaan lukien tarvittaessa toimitus, sek\u00e4 kaikki t\u00e4h\u00e4n s\u00e4hk\u00f6iseen sopimukseen sis\u00e4ltyv\u00e4t ehdot ja m\u00e4\u00e4r\u00e4ykset, ja ilmoittaa siksi, ett\u00e4 ne riitt\u00e4v\u00e4t virheiden poissulkemiseen t\u00e4m\u00e4n sopimuksen suostumuksessa, ja hyv\u00e4ksyy ne siksi t\u00e4ysin ja nimenomaisesti. ASIAKAS on t\u00e4ysin tietoinen siit\u00e4, ett\u00e4 t\u00e4m\u00e4n sopimuksen hyv\u00e4ksyminen ja toteuttaminen tapahtuu antamalla tietonsa ja klikkaamalla verkkosivustollamme ilmoitettua &#8221;Osta&#8221;-painiketta, ja se saatetaan p\u00e4\u00e4t\u00f6kseen maksamalla palvelu.  <\/p>\n\n<p>13. ALLE 18-VUOTIAAT<br\/>MY SPAIN FOOD on sitoutunut olemaan sallimatta mit\u00e4\u00e4n tapahtumia, jotka ovat laittomia tai joita luottokorttimerkit tai kortin hankkiva pankki pit\u00e4v\u00e4t sellaisina, ett\u00e4 ne voivat vahingoittaa tai voivat mahdollisesti vahingoittaa niiden hyv\u00e4\u00e4 mainetta tai vaikuttaa niihin kielteisesti. Korttimerkkien ohjelmat kielt\u00e4v\u00e4t seuraavat toimet: sellaisen tuotteen tai palvelun myynti tai tarjoaminen, joka ei ole t\u00e4ysin kaikkien korttitapahtumien vastaanottajaan, kortin my\u00f6nt\u00e4neeseen pankkiin, kauppiaaseen, kortinhaltijaan tai kortteihin sovellettavien lakien mukainen. Lis\u00e4ksi seuraavat toiminnot on nimenomaisesti kielletty: &#8221;Alkoholijuomien myynti alle 18-vuotiaille&#8221;.  <\/p>\n\n<p>14. SOVELLETTAVA LAINS\u00c4\u00c4D\u00c4NT\u00d6<br\/>T\u00e4m\u00e4 sopimus on luonteeltaan kaupallinen, ja siihen sovelletaan ja sit\u00e4 tulkitaan Espanjan lains\u00e4\u00e4d\u00e4nn\u00f6n mukaisesti. Jos osapuolten v\u00e4lill\u00e4 ilmenee sopimuksen tulkintaan, sis\u00e4lt\u00f6\u00f6n tai t\u00e4yt\u00e4nt\u00f6\u00f6npanoon liittyvi\u00e4 erimielisyyksi\u00e4 tai erimielisyyksi\u00e4, joita ei ole ratkaistu yhteisell\u00e4 sopimuksella, osapuolet alistuvat kussakin tapauksessa toimivaltaisten tuomioistuinten tai tuomioistuinten toimivaltaan, ja tapauksissa, joissa osapuolten on m\u00e4\u00e4r\u00e4 alistua johonkin oikeuspaikkaan, ne alistuvat Madridin tuomioistuinten tai tuomioistuinten toimivaltaan luopuen nimenomaisesti kaikista muista mahdollisista oikeuspaikoista, jotka voivat olla niiden toimivaltaan kuuluvia. Annamme asiakkaidemme k\u00e4ytt\u00f6\u00f6n my\u00f6s seuraavan linkin, jonka kautta p\u00e4\u00e4see Euroopan komission viralliseen verkkofoorumiin riitojen ratkaisua varten: https:\/\/ec.europa.eu\/consumers\/odr\/main\/index.cfm?event=main.home2.show&amp;lng=ES.  <\/p>\n\n<p>15. HENKIL\u00d6KOHTAISET TIEDOT<br\/>Katso tietosuojaseloste. Huomio: N\u00e4m\u00e4 yleiset k\u00e4ytt\u00f6ehdot on p\u00e4ivitetty 29.7.2021. Voimme muuttaa niit\u00e4 milloin tahansa, samoin kuin hinnastoa ja tarjottuja tuotteita. Tarkistathan julkaisup\u00e4iv\u00e4n aina, kun k\u00e4yt verkkosivuillamme, varmistaaksesi, ettei muutoksia ole tehty, jotka voivat vaikuttaa sinuun.   <\/p>\n","protected":false},"excerpt":{"rendered":"<p>T\u00e4m\u00e4 sopimus s\u00e4\u00e4ntelee SAMI SUMINISTROS HOSTELEROS, S. L. (j\u00e4ljemp\u00e4n\u00e4 MY SPAIN FOOD), jonka NIF B84614064 ja osoite c\/ Luis i 60, sotano, nave 27. 28031 Madrid, Espanja, on tarjonnut t\u00e4ll\u00e4 verkkosivustolla tarjottujen eri tuotteiden ja palveluiden yleisi\u00e4 ostoehtoja. Madrid, Espanja.Kun ASIAKAS suorittaa rekister\u00f6intiprosessin ja ostaa mink\u00e4 tahansa tuotteemme, h\u00e4n hyv\u00e4ksyy nimenomaisesti j\u00e4ljemp\u00e4n\u00e4 m\u00e4\u00e4ritellyt lausekkeet sek\u00e4 [&hellip;]<\/p>\n","protected":false},"author":1,"featured_media":0,"parent":0,"menu_order":0,"comment_status":"closed","ping_status":"closed","template":"","meta":{"_et_pb_use_builder":"","_et_pb_old_content":"","_et_gb_content_width":"","footnotes":""},"class_list":["post-18579","page","type-page","status-publish","hentry"],"_links":{"self":[{"href":"https:\/\/myspainfood.com\/fi\/wp-json\/wp\/v2\/pages\/18579","targetHints":{"allow":["GET"]}}],"collection":[{"href":"https:\/\/myspainfood.com\/fi\/wp-json\/wp\/v2\/pages"}],"about":[{"href":"https:\/\/myspainfood.com\/fi\/wp-json\/wp\/v2\/types\/page"}],"author":[{"embeddable":true,"href":"https:\/\/myspainfood.com\/fi\/wp-json\/wp\/v2\/users\/1"}],"replies":[{"embeddable":true,"href":"https:\/\/myspainfood.com\/fi\/wp-json\/wp\/v2\/comments?post=18579"}],"version-history":[{"count":1,"href":"https:\/\/myspainfood.com\/fi\/wp-json\/wp\/v2\/pages\/18579\/revisions"}],"predecessor-version":[{"id":18581,"href":"https:\/\/myspainfood.com\/fi\/wp-json\/wp\/v2\/pages\/18579\/revisions\/18581"}],"wp:attachment":[{"href":"https:\/\/myspainfood.com\/fi\/wp-json\/wp\/v2\/media?parent=18579"}],"curies":[{"name":"wp","href":"https:\/\/api.w.org\/{rel}","templated":true}]}}