{"id":17520,"date":"2025-04-10T12:05:26","date_gmt":"2025-04-10T10:05:26","guid":{"rendered":"https:\/\/myspainfood.com\/producto\/partida-de-la-abuela-tin-5kg\/"},"modified":"2026-01-29T11:28:44","modified_gmt":"2026-01-29T10:28:44","slug":"partida-de-la-abuela-tin-5kg","status":"publish","type":"product","link":"https:\/\/myspainfood.com\/fi\/producto\/partida-de-la-abuela-tin-5kg\/","title":{"rendered":"Partida de la Abuela tin 5Kg"},"content":{"rendered":"<p>Partida de la Abuela -oliivien hy\u00f6dyt 5 kg<\/p>\n<p>Iso\u00e4idin halkaistujen oliivien edut ovat lukuisat, ja niiden erinomaisen maun lis\u00e4ksi niiden ominaisuudet ovat my\u00f6s eritt\u00e4in hy\u00f6dyllisi\u00e4 terveydelle.<\/p>\n<p>Ne v\u00e4hent\u00e4v\u00e4t kolesterolia. \u00d6ljyhapon ansiosta iso\u00e4idin halkaistut oliivit auttavat pit\u00e4m\u00e4\u00e4n kolesterolin kurissa. <\/p>\n<p>Ne auttavat ruoansulatusta. Korkean kuitupitoisuutensa ansiosta oliivit auttavat poistamaan myrkkyj\u00e4 ja parantavat yleist\u00e4 ruoansulatusta. <\/p>\n<p>Ihon edut. A- ja E-vitamiinit ovat hyv\u00e4ksi iholle, ja niill\u00e4 on ik\u00e4\u00e4ntymist\u00e4 est\u00e4vi\u00e4 vaikutuksia. <\/p>\n<p>Ne tuottavat energiaa. Ne sis\u00e4lt\u00e4v\u00e4t runsaasti rautaa, joka auttaa syntetisoimaan karnitiinia ja tuottamaan energiaa. <\/p>\n<p>Osta oliivit Partida de la Abuela voi 5Kg<\/p>\n<p>Grandma&#8217;s Olives -oliivit erottuvat toisistaan makean ja intensiivisen makunsa sek\u00e4 luonnollisista mausteista koostuvan maustetyylins\u00e4 ansiosta.<\/p>\n<p>Oliivipuun hedelmi\u00e4 s\u00e4il\u00f6t\u00e4\u00e4n 5 vuoden ajan, kunnes ne ovat saavuttaneet miellytt\u00e4v\u00e4n koostumuksen <a href=\"https:\/\/latiendadesami.com\/categoria-producto\/encurtidos\/\" target=\"_blank\" rel=\"noopener noreferrer nofollow\">&#8221;Encurtidos Aceitunas de la Abuela&#8221; (iso\u00e4idin oliivisipulit<\/a> ).<\/p>\n<p>N\u00e4m\u00e4 kokonaiset, kiinte\u00e4lihaiset oliivit, jotka on murskattu kevyesti ja <a href=\"https:\/\/es.wikipedia.org\/wiki\/Aceitunas_ali%C3%B1adas\" target=\"_blank\" rel=\"noopener noreferrer nofollow\">maustettu<\/a> mummon reseptin mukaan, ovat pitk\u00e4n perinnetradition tulosta, ja ne ovat alun perin per\u00e4isin Antequerasta, Malagasta.<\/p>\n","protected":false},"excerpt":{"rendered":"<p>Partida de la Abuela -oliivien hy\u00f6dyt 5 kg Iso\u00e4idin halkaistujen oliivien edut ovat lukuisat, ja niiden erinomaisen maun lis\u00e4ksi niiden ominaisuudet ovat my\u00f6s eritt\u00e4in hy\u00f6dyllisi\u00e4 terveydelle. Ne v\u00e4hent\u00e4v\u00e4t kolesterolia. \u00d6ljyhapon ansiosta iso\u00e4idin halkaistut oliivit auttavat pit\u00e4m\u00e4\u00e4n kolesterolin kurissa. Ne auttavat ruoansulatusta. Korkean kuitupitoisuutensa ansiosta oliivit auttavat poistamaan myrkkyj\u00e4 ja parantavat yleist\u00e4 ruoansulatusta. Ihon edut. A- [&hellip;]<\/p>\n","protected":false},"featured_media":17523,"template":"","meta":{"_et_pb_use_builder":"","_et_pb_old_content":"","_et_gb_content_width":""},"product_brand":[],"product_cat":[1781,1779],"product_tag":[1784,1785],"class_list":{"0":"post-17520","1":"product","2":"type-product","3":"status-publish","4":"has-post-thumbnail","6":"product_cat-oliivit","7":"product_cat-pikkelsia","8":"product_tag-isoaiti","9":"product_tag-kohde","11":"first","12":"instock","13":"featured","14":"taxable","15":"shipping-taxable","16":"purchasable","17":"product-type-simple"},"_links":{"self":[{"href":"https:\/\/myspainfood.com\/fi\/wp-json\/wp\/v2\/product\/17520","targetHints":{"allow":["GET"]}}],"collection":[{"href":"https:\/\/myspainfood.com\/fi\/wp-json\/wp\/v2\/product"}],"about":[{"href":"https:\/\/myspainfood.com\/fi\/wp-json\/wp\/v2\/types\/product"}],"wp:featuredmedia":[{"embeddable":true,"href":"https:\/\/myspainfood.com\/fi\/wp-json\/wp\/v2\/media\/17523"}],"wp:attachment":[{"href":"https:\/\/myspainfood.com\/fi\/wp-json\/wp\/v2\/media?parent=17520"}],"wp:term":[{"taxonomy":"product_brand","embeddable":true,"href":"https:\/\/myspainfood.com\/fi\/wp-json\/wp\/v2\/product_brand?post=17520"},{"taxonomy":"product_cat","embeddable":true,"href":"https:\/\/myspainfood.com\/fi\/wp-json\/wp\/v2\/product_cat?post=17520"},{"taxonomy":"product_tag","embeddable":true,"href":"https:\/\/myspainfood.com\/fi\/wp-json\/wp\/v2\/product_tag?post=17520"}],"curies":[{"name":"wp","href":"https:\/\/api.w.org\/{rel}","templated":true}]}}