{"id":17572,"date":"2025-04-10T12:08:06","date_gmt":"2025-04-10T10:08:06","guid":{"rendered":"https:\/\/myspainfood.com\/producto\/piparras-jossa-on-cantabrianmeren-sardellia-80-yksikkoa\/"},"modified":"2026-04-24T07:46:20","modified_gmt":"2026-04-24T05:46:20","slug":"piparras-jossa-on-cantabrianmeren-sardellia-80-yksikkoa","status":"publish","type":"product","link":"https:\/\/myspainfood.com\/fi\/producto\/piparras-jossa-on-cantabrianmeren-sardellia-80-yksikkoa\/","title":{"rendered":"Piparras, jossa on Cantabrianmeren sardellia 80 yksikk\u00f6\u00e4"},"content":{"rendered":"<p>\u00d6ljy\u00e4 (85 % auringonkukka\u00f6ljy, 15 % oliivi\u00f6ljy), <strong>anjoviksella<\/strong> t\u00e4ytettyj\u00e4 oliiveja, <strong>Kantabrian anjovisfileet\u00e4<\/strong> ja piparraa.<\/p>\n","protected":false},"excerpt":{"rendered":"<p>\u00d6ljy\u00e4 (85 % auringonkukka\u00f6ljy, 15 % oliivi\u00f6ljy), anjoviksella t\u00e4ytettyj\u00e4 oliiveja, Kantabrian anjovisfileet\u00e4 ja piparraa.<\/p>\n","protected":false},"featured_media":17577,"template":"","meta":{"_et_pb_use_builder":"","_et_pb_old_content":"","_et_gb_content_width":""},"product_brand":[],"product_cat":[1872,1781,1779,1874,1873],"product_tag":[],"class_list":{"0":"post-17572","1":"product","2":"type-product","3":"status-publish","4":"has-post-thumbnail","6":"product_cat-kylma","7":"product_cat-oliivit","8":"product_cat-pikkelsia","9":"product_cat-pintxos-fi","10":"product_cat-sardellit","11":"product_shipping_class-kylmalahetys","13":"first","14":"instock","15":"taxable","16":"shipping-taxable","17":"purchasable","18":"product-type-simple"},"_links":{"self":[{"href":"https:\/\/myspainfood.com\/fi\/wp-json\/wp\/v2\/product\/17572","targetHints":{"allow":["GET"]}}],"collection":[{"href":"https:\/\/myspainfood.com\/fi\/wp-json\/wp\/v2\/product"}],"about":[{"href":"https:\/\/myspainfood.com\/fi\/wp-json\/wp\/v2\/types\/product"}],"wp:featuredmedia":[{"embeddable":true,"href":"https:\/\/myspainfood.com\/fi\/wp-json\/wp\/v2\/media\/17577"}],"wp:attachment":[{"href":"https:\/\/myspainfood.com\/fi\/wp-json\/wp\/v2\/media?parent=17572"}],"wp:term":[{"taxonomy":"product_brand","embeddable":true,"href":"https:\/\/myspainfood.com\/fi\/wp-json\/wp\/v2\/product_brand?post=17572"},{"taxonomy":"product_cat","embeddable":true,"href":"https:\/\/myspainfood.com\/fi\/wp-json\/wp\/v2\/product_cat?post=17572"},{"taxonomy":"product_tag","embeddable":true,"href":"https:\/\/myspainfood.com\/fi\/wp-json\/wp\/v2\/product_tag?post=17572"}],"curies":[{"name":"wp","href":"https:\/\/api.w.org\/{rel}","templated":true}]}}