{"id":17923,"date":"2025-04-10T12:14:40","date_gmt":"2025-04-10T10:14:40","guid":{"rendered":"https:\/\/myspainfood.com\/producto\/almejon-merimanteli-luonnollinen-estela-do-mar-111-g\/"},"modified":"2026-01-20T13:36:54","modified_gmt":"2026-01-20T12:36:54","slug":"almejon-merimanteli-luonnollinen-estela-do-mar-111-g","status":"publish","type":"product","link":"https:\/\/myspainfood.com\/fi\/producto\/almejon-merimanteli-luonnollinen-estela-do-mar-111-g\/","title":{"rendered":"Almej\u00f3n (Merimanteli) luonnollinen Estela do Mar 111 g"},"content":{"rendered":"<p>Tutustu aitoon meren makuun <strong>Estela do Mar Natural Almej\u00f3nissa<\/strong>. T\u00e4m\u00e4 111 gramman merimantelit\u00f6lkki sis\u00e4lt\u00e4\u00e4 kaiken parhaiden simpukoiden tuoreuden ja puhtauden ilman lis\u00e4- tai s\u00e4il\u00f6nt\u00e4aineita. T\u00e4ydellinen niille, jotka etsiv\u00e4t luonnollisia ja korkealaatuisia merenel\u00e4vi\u00e4, t\u00e4m\u00e4 simpukka on ihanteellinen nautittavaksi sellaisenaan tai suosikkiresepteiss\u00e4si, sill\u00e4 se tarjoaa pehme\u00e4n rakenteen ja intensiivisen maun.  <\/p>\n<p>Runsaasti proteiinia, omega-3-rasvahappoja ja v\u00e4ltt\u00e4m\u00e4tt\u00f6mi\u00e4 mineraaleja sis\u00e4lt\u00e4v\u00e4 <strong>Estela do Mar -luonnon simpukka<\/strong> on ravitseva vaihtoehto mihin tahansa ruokavalioon. Lis\u00e4\u00e4 ruokiin gourmet- ja terveellisyytt\u00e4 ja tutustu muihin vaihtoehtoihin <a target=\"_new\" rel=\"noopener\">\u00e4yri\u00e4iset-osiossamme<\/a> tai tutustu tuoreiden \u00e4yri\u00e4isten hy\u00f6tyihin esimerkiksi <a href=\"https:\/\/www.fen.org.es\" target=\"_new\" rel=\"noopener noreferrer nofollow\" target=\"_blank\">Espanjan ravitsemuss\u00e4\u00e4ti\u00f6n<\/a> sivuilla. <\/p>\n<p>Lis\u00e4\u00e4 Estela do Mar -simpukoita aterioihisi ja nauti gourmet-tunnelmasta!<\/p>\n<p><span class=\"BxUVEf ILfuVd\" lang=\"es\"><span class=\"hgKElc\"> <\/span><\/span><\/p>\n","protected":false},"excerpt":{"rendered":"<p>Tutustu aitoon meren makuun Estela do Mar Natural Almej\u00f3nissa. T\u00e4m\u00e4 111 gramman merimantelit\u00f6lkki sis\u00e4lt\u00e4\u00e4 kaiken parhaiden simpukoiden tuoreuden ja puhtauden ilman lis\u00e4- tai s\u00e4il\u00f6nt\u00e4aineita. T\u00e4ydellinen niille, jotka etsiv\u00e4t luonnollisia ja korkealaatuisia merenel\u00e4vi\u00e4, t\u00e4m\u00e4 simpukka on ihanteellinen nautittavaksi sellaisenaan tai suosikkiresepteiss\u00e4si, sill\u00e4 se tarjoaa pehme\u00e4n rakenteen ja intensiivisen maun. Runsaasti proteiinia, omega-3-rasvahappoja ja v\u00e4ltt\u00e4m\u00e4tt\u00f6mi\u00e4 mineraaleja sis\u00e4lt\u00e4v\u00e4 [&hellip;]<\/p>\n","protected":false},"featured_media":17927,"template":"","meta":{"_et_pb_use_builder":"","_et_pb_old_content":"","_et_gb_content_width":""},"product_brand":[1469],"product_cat":[1945,1946],"product_tag":[],"class_list":{"0":"post-17923","1":"product","2":"type-product","3":"status-publish","4":"has-post-thumbnail","6":"product_brand-estela-do-mar","7":"product_cat-sailyttaa","8":"product_cat-simpukat","10":"first","11":"outofstock","12":"taxable","13":"shipping-taxable","14":"product-type-variable"},"_links":{"self":[{"href":"https:\/\/myspainfood.com\/fi\/wp-json\/wp\/v2\/product\/17923","targetHints":{"allow":["GET"]}}],"collection":[{"href":"https:\/\/myspainfood.com\/fi\/wp-json\/wp\/v2\/product"}],"about":[{"href":"https:\/\/myspainfood.com\/fi\/wp-json\/wp\/v2\/types\/product"}],"wp:featuredmedia":[{"embeddable":true,"href":"https:\/\/myspainfood.com\/fi\/wp-json\/wp\/v2\/media\/17927"}],"wp:attachment":[{"href":"https:\/\/myspainfood.com\/fi\/wp-json\/wp\/v2\/media?parent=17923"}],"wp:term":[{"taxonomy":"product_brand","embeddable":true,"href":"https:\/\/myspainfood.com\/fi\/wp-json\/wp\/v2\/product_brand?post=17923"},{"taxonomy":"product_cat","embeddable":true,"href":"https:\/\/myspainfood.com\/fi\/wp-json\/wp\/v2\/product_cat?post=17923"},{"taxonomy":"product_tag","embeddable":true,"href":"https:\/\/myspainfood.com\/fi\/wp-json\/wp\/v2\/product_tag?post=17923"}],"curies":[{"name":"wp","href":"https:\/\/api.w.org\/{rel}","templated":true}]}}