{"id":18012,"date":"2025-04-10T12:05:44","date_gmt":"2025-04-10T10:05:44","guid":{"rendered":"https:\/\/myspainfood.com\/producto\/kurkkutaytteinen-kamomilla-3-8kg-kimbitos\/"},"modified":"2025-04-10T12:05:44","modified_gmt":"2025-04-10T10:05:44","slug":"kurkkutaytteinen-kamomilla-3-8kg-kimbitos","status":"publish","type":"product","link":"https:\/\/myspainfood.com\/fi\/producto\/kurkkutaytteinen-kamomilla-3-8kg-kimbitos\/","title":{"rendered":"Kurkkut\u00e4ytteinen kamomilla 3.8kg Kimbitos"},"content":{"rendered":"<p>Manzanilla t\u00e4ytetty kurkku 3,8kg Kimbitos on v\u00e4lipala, jossa on perinteisi\u00e4 <a href=\"https:\/\/www.laencajera.es\/encurtidos-de-almagro\" target=\"_blank\" rel=\"noopener noreferrer nofollow\">manzanilla-oliiveja<\/a>, jotka on t\u00e4ytetty kurkulla.<\/p>\n<p>Ihanteellinen perinteisten ruokien seuralainen.<\/p>\n<p>Kimbitos on nimi, jolla tunnemme tietyiss\u00e4 Espanjan osissa manzanilla-oliivin, jossa on suolakurkkua.<\/p>\n<p>Se on k\u00e4sity\u00f6n\u00e4 valmistettu t\u00e4m\u00e4n liiton aikaansaamiseksi.<\/p>\n<h3>Hy\u00f6dyt kurkkut\u00e4ytteisest\u00e4 kamomillasta 3.8kg Kimbitos<\/h3>\n<p>Tiesitk\u00f6 n\u00e4iden oliivien moninaisista hy\u00f6dyist\u00e4? Ne ehk\u00e4isev\u00e4t eritt\u00e4in tehokkaasti syd\u00e4n- ja verenkiertoelinten sairauksia yleens\u00e4. <\/p>\n<p>T\u00e4m\u00e4 johtuu sen korkeasta tyydyttym\u00e4tt\u00f6mien rasvojen pitoisuudesta. Lis\u00e4ksi se sis\u00e4lt\u00e4\u00e4 paljon rautaa ja kuitua ja on eritt\u00e4in kyll\u00e4inen, mik\u00e4 tekee siit\u00e4 t\u00e4ydellisen v\u00e4lipalan. <\/p>\n<p>Jos haluat ostaa oliiveja tai muita <a href=\"https:\/\/latiendadesami.com\/categoria-producto\/encurtidos\/\" rel=\"noopener noreferrer nofollow\" target=\"_blank\">suolakurkkuja<\/a>, \u00e4l\u00e4 ep\u00e4r\u00f6i tutustua verkkoluetteloomme, josta n\u00e4et laajan valikoiman <a href=\"https:\/\/latiendadesami.com\/categoria-producto\/encurtidos\/aceitunas\/\" target=\"_blank\" rel=\"noopener noreferrer nofollow\">oliiveja<\/a>.<\/p>\n<p>Alkuper\u00e4: Castilla la Mancha.<\/p>\n<p>Ainesosat: Oliivit, kurkut, vesi, suola, happamuudens\u00e4\u00e4t\u00f6aine (E-330), s\u00e4il\u00f6nt\u00e4aineet (E211, E-202, E-260), arominvahventeet (E-621, E-631, E-627), hapettumisenestoaineet (E-300) ja luonnolliset aromit. Saattaa sis\u00e4lt\u00e4\u00e4 pieni\u00e4 m\u00e4\u00e4ri\u00e4 sulfiitteja. <\/p>\n<h3>Ravitsemukselliset tiedot<\/h3>\n<p>Energiasis\u00e4lt\u00f6 132 kcal\/ 553 kj Rasva 13,4 g josta tyydyttynytt\u00e4 1,7 g Hiilihydraatti 0,8 g josta sokeria 0,09 g Ravintokuitu 0,5 g Proteiini 2,6 g Suola 2,0 g<\/p>\n","protected":false},"excerpt":{"rendered":"<p>Manzanilla t\u00e4ytetty kurkku 3,8kg Kimbitos on v\u00e4lipala, jossa on perinteisi\u00e4 manzanilla-oliiveja, jotka on t\u00e4ytetty kurkulla. Ihanteellinen perinteisten ruokien seuralainen. Kimbitos on nimi, jolla tunnemme tietyiss\u00e4 Espanjan osissa manzanilla-oliivin, jossa on suolakurkkua. Se on k\u00e4sity\u00f6n\u00e4 valmistettu t\u00e4m\u00e4n liiton aikaansaamiseksi. Hy\u00f6dyt kurkkut\u00e4ytteisest\u00e4 kamomillasta 3.8kg Kimbitos Tiesitk\u00f6 n\u00e4iden oliivien moninaisista hy\u00f6dyist\u00e4? Ne ehk\u00e4isev\u00e4t eritt\u00e4in tehokkaasti syd\u00e4n- ja verenkiertoelinten [&hellip;]<\/p>\n","protected":false},"featured_media":18018,"template":"","meta":{"_et_pb_use_builder":"","_et_pb_old_content":"","_et_gb_content_width":""},"product_brand":[],"product_cat":[2000,1781,1779],"product_tag":[2002],"class_list":{"0":"post-18012","1":"product","2":"type-product","3":"status-publish","4":"has-post-thumbnail","6":"product_cat-kurkut","7":"product_cat-oliivit","8":"product_cat-pikkelsia","9":"product_tag-kimbo-fi","11":"first","12":"instock","13":"taxable","14":"shipping-taxable","15":"purchasable","16":"product-type-simple"},"_links":{"self":[{"href":"https:\/\/myspainfood.com\/fi\/wp-json\/wp\/v2\/product\/18012","targetHints":{"allow":["GET"]}}],"collection":[{"href":"https:\/\/myspainfood.com\/fi\/wp-json\/wp\/v2\/product"}],"about":[{"href":"https:\/\/myspainfood.com\/fi\/wp-json\/wp\/v2\/types\/product"}],"wp:featuredmedia":[{"embeddable":true,"href":"https:\/\/myspainfood.com\/fi\/wp-json\/wp\/v2\/media\/18018"}],"wp:attachment":[{"href":"https:\/\/myspainfood.com\/fi\/wp-json\/wp\/v2\/media?parent=18012"}],"wp:term":[{"taxonomy":"product_brand","embeddable":true,"href":"https:\/\/myspainfood.com\/fi\/wp-json\/wp\/v2\/product_brand?post=18012"},{"taxonomy":"product_cat","embeddable":true,"href":"https:\/\/myspainfood.com\/fi\/wp-json\/wp\/v2\/product_cat?post=18012"},{"taxonomy":"product_tag","embeddable":true,"href":"https:\/\/myspainfood.com\/fi\/wp-json\/wp\/v2\/product_tag?post=18012"}],"curies":[{"name":"wp","href":"https:\/\/api.w.org\/{rel}","templated":true}]}}