{"id":18113,"date":"2025-04-10T12:10:57","date_gmt":"2025-04-10T10:10:57","guid":{"rendered":"https:\/\/myspainfood.com\/producto\/oliivi-chupadedos-aguedo-2-kg-nettopaino\/"},"modified":"2025-04-10T12:10:57","modified_gmt":"2025-04-10T10:10:57","slug":"oliivi-chupadedos-aguedo-2-kg-nettopaino","status":"publish","type":"product","link":"https:\/\/myspainfood.com\/fi\/producto\/oliivi-chupadedos-aguedo-2-kg-nettopaino\/","title":{"rendered":"Oliivi Chupadedos Aguedo 2 kg nettopaino"},"content":{"rendered":"<div>\n<p>ACEITUNAS AGUEDO takaa tuotteidemme erinomaisuuden yhdist\u00e4m\u00e4ll\u00e4 perinteet ja uudet teknologiat. Tarjoamme ammattitaitoa, joka perustuu jatkuvasti kasvavaan perheyritykseen, jonka ainoa tavoite on asiakkaidemme tyytyv\u00e4isyys. <\/p>\n<p>Valvomme kaikkia tuotantoprosesseja alusta loppuun, sill\u00e4 vain n\u00e4in saavutamme MAKSIMITUOTTEET.<\/p>\n<\/div>\n<div class=\"leo_camara_desc\">Tarjoamme asiakkaillemme terveellisint\u00e4 ja luonnollisinta v\u00e4lipalaa, jolla on erehtym\u00e4t\u00f6n maku ja korkein laatu.<\/div>\n","protected":false},"excerpt":{"rendered":"<p>ACEITUNAS AGUEDO takaa tuotteidemme erinomaisuuden yhdist\u00e4m\u00e4ll\u00e4 perinteet ja uudet teknologiat. Tarjoamme ammattitaitoa, joka perustuu jatkuvasti kasvavaan perheyritykseen, jonka ainoa tavoite on asiakkaidemme tyytyv\u00e4isyys. Valvomme kaikkia tuotantoprosesseja alusta loppuun, sill\u00e4 vain n\u00e4in saavutamme MAKSIMITUOTTEET. Tarjoamme asiakkaillemme terveellisint\u00e4 ja luonnollisinta v\u00e4lipalaa, jolla on erehtym\u00e4t\u00f6n maku ja korkein laatu.<\/p>\n","protected":false},"featured_media":18114,"template":"","meta":{"_et_pb_use_builder":"","_et_pb_old_content":"","_et_gb_content_width":""},"product_brand":[1397],"product_cat":[1781,1779],"product_tag":[2043],"class_list":{"0":"post-18113","1":"product","2":"type-product","3":"status-publish","4":"has-post-thumbnail","6":"product_brand-aguedo","7":"product_cat-oliivit","8":"product_cat-pikkelsia","9":"product_tag-kamomilla","11":"first","12":"outofstock","13":"taxable","14":"shipping-taxable","15":"purchasable","16":"product-type-simple"},"_links":{"self":[{"href":"https:\/\/myspainfood.com\/fi\/wp-json\/wp\/v2\/product\/18113","targetHints":{"allow":["GET"]}}],"collection":[{"href":"https:\/\/myspainfood.com\/fi\/wp-json\/wp\/v2\/product"}],"about":[{"href":"https:\/\/myspainfood.com\/fi\/wp-json\/wp\/v2\/types\/product"}],"wp:featuredmedia":[{"embeddable":true,"href":"https:\/\/myspainfood.com\/fi\/wp-json\/wp\/v2\/media\/18114"}],"wp:attachment":[{"href":"https:\/\/myspainfood.com\/fi\/wp-json\/wp\/v2\/media?parent=18113"}],"wp:term":[{"taxonomy":"product_brand","embeddable":true,"href":"https:\/\/myspainfood.com\/fi\/wp-json\/wp\/v2\/product_brand?post=18113"},{"taxonomy":"product_cat","embeddable":true,"href":"https:\/\/myspainfood.com\/fi\/wp-json\/wp\/v2\/product_cat?post=18113"},{"taxonomy":"product_tag","embeddable":true,"href":"https:\/\/myspainfood.com\/fi\/wp-json\/wp\/v2\/product_tag?post=18113"}],"curies":[{"name":"wp","href":"https:\/\/api.w.org\/{rel}","templated":true}]}}