{"id":18159,"date":"2025-04-10T12:05:43","date_gmt":"2025-04-10T10:05:43","guid":{"rendered":"https:\/\/myspainfood.com\/producto\/mausteinen-kurkku-banderillas-3-8-kg\/"},"modified":"2025-04-10T12:05:43","modified_gmt":"2025-04-10T10:05:43","slug":"mausteinen-kurkku-banderillas-3-8-kg","status":"publish","type":"product","link":"https:\/\/myspainfood.com\/fi\/producto\/mausteinen-kurkku-banderillas-3-8-kg\/","title":{"rendered":"Mausteinen kurkku Banderillas 3.8 kg"},"content":{"rendered":"<p>Almagron Banderillas Picantes Pepino Entero 3,8kg:n avulla voit nauttia useita <a href=\"https:\/\/www.laencajera.es\/encurtidos-de-almagro\" target=\"_blank\" rel=\"noopener noreferrer nofollow\">suolakurkkuja<\/a> samanaikaisesti.<\/p>\n<p>Virkist\u00e4v\u00e4n ja kevyen makuista banderillaa voi nauttia aterioiden v\u00e4liss\u00e4 tai yst\u00e4vien kanssa.<\/p>\n<p>Nauti mausteista yhdell\u00e4 suupalalla n\u00e4iden Banderillas Picantesin kokonaisten kurkkujen kanssa 3,8 kg. Alkuper\u00e4 on Castilla la Mancha. <\/p>\n<p>Ainesosat: Sipuli 21-23, Punainen paprika, Oliivi (oletettu koko 200-320), Kokonainen kurkku 60-80, Chilipippuri, Vesi, Suola, ja Muovikatkarapu, Arominvahventeet (E-621, E-627), Happamuudens\u00e4\u00e4t\u00f6aine E-330, Antioksidantti E-300, S\u00e4il\u00f6nt\u00e4aineet (E-211, E-202, E-270, E-260) Sis\u00e4lt\u00e4\u00e4 sulfiitteja.<\/p>\n<p>S\u00e4ilytysolosuhteet:<\/p>\n<p>S\u00e4ilyt\u00e4 viile\u00e4ss\u00e4 ja kuivassa paikassa 3\u00baC ja 10\u00baC v\u00e4lill\u00e4. S\u00e4ilyt\u00e4 poissa auringonvalolta ja voimakkailta hajuilta. <\/p>\n<p>Pid\u00e4 avattuna j\u00e4\u00e4kaapissa ja nauti 30 p\u00e4iv\u00e4n kuluessa.<\/p>\n<p>Jos haluat ostaa oliiveja tai muunlaisia <a href=\"https:\/\/latiendadesami.com\/categoria-producto\/encurtidos\/\" rel=\"noopener noreferrer nofollow\" target=\"_blank\">suolakurkkuja<\/a>, \u00e4l\u00e4 ep\u00e4r\u00f6i katsoa verkkoluetteloamme ja tutustua laajaan <a href=\"https:\/\/latiendadesami.com\/categoria-producto\/encurtidos\/berenjenas\/\" target=\"_blank\" rel=\"noopener noreferrer nofollow\">munakoisovalikoimaamme<\/a>.<\/p>\n<p>Tuotemerkki on La Encajonera, vuonna 1990 perustettu perheyritys, joka sijaitsee La Manchan syd\u00e4mess\u00e4, ALMAGROn kaupungissa Ciudad Realin maakunnassa.<\/p>\n<p>Tuotteiden valmistusprosessi alkaa samalta kasvualueelta, jossa valitaan paras laatutuote.<\/p>\n<p>Tehdas on varustettu edistyneimm\u00e4ll\u00e4 teknologialla, mutta samalla se s\u00e4ilytt\u00e4\u00e4 k\u00e4sity\u00f6l\u00e4isten perinteet ja taitotiedon.<\/p>\n","protected":false},"excerpt":{"rendered":"<p>Almagron Banderillas Picantes Pepino Entero 3,8kg:n avulla voit nauttia useita suolakurkkuja samanaikaisesti. Virkist\u00e4v\u00e4n ja kevyen makuista banderillaa voi nauttia aterioiden v\u00e4liss\u00e4 tai yst\u00e4vien kanssa. Nauti mausteista yhdell\u00e4 suupalalla n\u00e4iden Banderillas Picantesin kokonaisten kurkkujen kanssa 3,8 kg. Alkuper\u00e4 on Castilla la Mancha. Ainesosat: Sipuli 21-23, Punainen paprika, Oliivi (oletettu koko 200-320), Kokonainen kurkku 60-80, Chilipippuri, Vesi, [&hellip;]<\/p>\n","protected":false},"featured_media":18160,"template":"","meta":{"_et_pb_use_builder":"","_et_pb_old_content":"","_et_gb_content_width":""},"product_brand":[],"product_cat":[2073,2000,1779],"product_tag":[2023,2074],"class_list":{"0":"post-18159","1":"product","2":"type-product","3":"status-publish","4":"has-post-thumbnail","6":"product_cat-banderillas-fi","7":"product_cat-kurkut","8":"product_cat-pikkelsia","9":"product_tag-gherkin-fi","10":"product_tag-mausteinen","12":"first","13":"instock","14":"taxable","15":"shipping-taxable","16":"purchasable","17":"product-type-simple"},"_links":{"self":[{"href":"https:\/\/myspainfood.com\/fi\/wp-json\/wp\/v2\/product\/18159","targetHints":{"allow":["GET"]}}],"collection":[{"href":"https:\/\/myspainfood.com\/fi\/wp-json\/wp\/v2\/product"}],"about":[{"href":"https:\/\/myspainfood.com\/fi\/wp-json\/wp\/v2\/types\/product"}],"wp:featuredmedia":[{"embeddable":true,"href":"https:\/\/myspainfood.com\/fi\/wp-json\/wp\/v2\/media\/18160"}],"wp:attachment":[{"href":"https:\/\/myspainfood.com\/fi\/wp-json\/wp\/v2\/media?parent=18159"}],"wp:term":[{"taxonomy":"product_brand","embeddable":true,"href":"https:\/\/myspainfood.com\/fi\/wp-json\/wp\/v2\/product_brand?post=18159"},{"taxonomy":"product_cat","embeddable":true,"href":"https:\/\/myspainfood.com\/fi\/wp-json\/wp\/v2\/product_cat?post=18159"},{"taxonomy":"product_tag","embeddable":true,"href":"https:\/\/myspainfood.com\/fi\/wp-json\/wp\/v2\/product_tag?post=18159"}],"curies":[{"name":"wp","href":"https:\/\/api.w.org\/{rel}","templated":true}]}}