{"id":18205,"date":"2025-04-10T12:05:34","date_gmt":"2025-04-10T10:05:34","guid":{"rendered":"https:\/\/myspainfood.com\/producto\/munakoiso-20-25-kpl-dressed-45-kg\/"},"modified":"2025-04-10T12:05:34","modified_gmt":"2025-04-10T10:05:34","slug":"munakoiso-20-25-kpl-dressed-45-kg","status":"publish","type":"product","link":"https:\/\/myspainfood.com\/fi\/producto\/munakoiso-20-25-kpl-dressed-45-kg\/","title":{"rendered":"Munakoiso 20\/25 kpl Dressed 4,5 kg"},"content":{"rendered":"<p>4,5 kg:n munakoiso kastikkeen kanssa on ihanteellinen <a href=\"https:\/\/www.laencajera.es\/berenjenas-de-almagro\" target=\"_blank\" rel=\"noopener noreferrer nofollow\">alkupala<\/a>.<\/p>\n<p>K\u00e4ytet\u00e4\u00e4n my\u00f6s salaattien lis\u00e4kkeen\u00e4.<\/p>\n<p>Ne maustetaan vedell\u00e4, viinietikalla, oliivi\u00f6ljyll\u00e4, paprikalla, suolalla, kuminalla ja valkosipulilla.<\/p>\n<p>4,5 kg:n munakoisot ovat alun perin per\u00e4isin Castilla la Manchasta, Espanjasta.<\/p>\n<p>Ainesosat: S: Munakoiso &#8221;De Almagro&#8221;, vesi, suola, viinietikka, luonnolliset mausteet (valkosipuli, kumina, paprika, oliivi\u00f6ljy), arominvahventeet (E-621), happamuudens\u00e4\u00e4t\u00f6aineet (E-330), s\u00e4il\u00f6nt\u00e4aineet (E-270, E-211, E-202E-223), hapettumisenestoaine (E-300) ja luonnolliset aromit.<\/p>\n<p>S\u00e4ilyt\u00e4 viile\u00e4ss\u00e4 ja kuivassa paikassa 3\u00baC ja 10\u00baC v\u00e4lill\u00e4. S\u00e4ilyt\u00e4 poissa auringonvalolta ja voimakkailta hajuilta. <\/p>\n<p>Pid\u00e4 avattuna j\u00e4\u00e4kaapissa ja nauti 30 p\u00e4iv\u00e4n kuluessa.<\/p>\n<p>Jos haluat ostaa oliiveja tai muunlaisia <a href=\"https:\/\/latiendadesami.com\/categoria-producto\/encurtidos\/\" rel=\"noopener noreferrer nofollow\" target=\"_blank\">suolakurkkuja<\/a>, \u00e4l\u00e4 ep\u00e4r\u00f6i katsoa verkkoluetteloamme ja tutustua laajaan <a href=\"https:\/\/latiendadesami.com\/categoria-producto\/encurtidos\/berenjenas\/\" target=\"_blank\" rel=\"noopener noreferrer nofollow\">munakoisovalikoimaamme<\/a>.<\/p>\n<p>Tuotemerkki on La Encajonera, vuonna 1990 perustettu perheyritys, joka sijaitsee La Manchan syd\u00e4mess\u00e4, ALMAGROn kaupungissa Ciudad Realin maakunnassa.<\/p>\n<p>Tuotteiden valmistusprosessi alkaa samalta kasvualueelta, jossa valitaan paras laatutuote.<\/p>\n<p>Tehdas on varustettu edistyneimm\u00e4ll\u00e4 teknologialla, mutta samalla se s\u00e4ilytt\u00e4\u00e4 k\u00e4sity\u00f6l\u00e4isten perinteet ja taitotiedon.<\/p>\n","protected":false},"excerpt":{"rendered":"<p>4,5 kg:n munakoiso kastikkeen kanssa on ihanteellinen alkupala. K\u00e4ytet\u00e4\u00e4n my\u00f6s salaattien lis\u00e4kkeen\u00e4. Ne maustetaan vedell\u00e4, viinietikalla, oliivi\u00f6ljyll\u00e4, paprikalla, suolalla, kuminalla ja valkosipulilla. 4,5 kg:n munakoisot ovat alun perin per\u00e4isin Castilla la Manchasta, Espanjasta. Ainesosat: S: Munakoiso &#8221;De Almagro&#8221;, vesi, suola, viinietikka, luonnolliset mausteet (valkosipuli, kumina, paprika, oliivi\u00f6ljy), arominvahventeet (E-621), happamuudens\u00e4\u00e4t\u00f6aineet (E-330), s\u00e4il\u00f6nt\u00e4aineet (E-270, E-211, E-202E-223), [&hellip;]<\/p>\n","protected":false},"featured_media":18208,"template":"","meta":{"_et_pb_use_builder":"","_et_pb_old_content":"","_et_gb_content_width":""},"product_brand":[],"product_cat":[2113,1779],"product_tag":[2115],"class_list":{"0":"post-18205","1":"product","2":"type-product","3":"status-publish","4":"has-post-thumbnail","6":"product_cat-munakoisot","7":"product_cat-pikkelsia","8":"product_tag-alinada-fi","10":"first","11":"instock","12":"taxable","13":"shipping-taxable","14":"purchasable","15":"product-type-simple"},"_links":{"self":[{"href":"https:\/\/myspainfood.com\/fi\/wp-json\/wp\/v2\/product\/18205","targetHints":{"allow":["GET"]}}],"collection":[{"href":"https:\/\/myspainfood.com\/fi\/wp-json\/wp\/v2\/product"}],"about":[{"href":"https:\/\/myspainfood.com\/fi\/wp-json\/wp\/v2\/types\/product"}],"wp:featuredmedia":[{"embeddable":true,"href":"https:\/\/myspainfood.com\/fi\/wp-json\/wp\/v2\/media\/18208"}],"wp:attachment":[{"href":"https:\/\/myspainfood.com\/fi\/wp-json\/wp\/v2\/media?parent=18205"}],"wp:term":[{"taxonomy":"product_brand","embeddable":true,"href":"https:\/\/myspainfood.com\/fi\/wp-json\/wp\/v2\/product_brand?post=18205"},{"taxonomy":"product_cat","embeddable":true,"href":"https:\/\/myspainfood.com\/fi\/wp-json\/wp\/v2\/product_cat?post=18205"},{"taxonomy":"product_tag","embeddable":true,"href":"https:\/\/myspainfood.com\/fi\/wp-json\/wp\/v2\/product_tag?post=18205"}],"curies":[{"name":"wp","href":"https:\/\/api.w.org\/{rel}","templated":true}]}}