{"id":18254,"date":"2025-04-10T12:05:35","date_gmt":"2025-04-10T10:05:35","guid":{"rendered":"https:\/\/myspainfood.com\/producto\/munakoisolla-taytetyt-gordal-oliivit-45-kg\/"},"modified":"2025-04-10T12:05:35","modified_gmt":"2025-04-10T10:05:35","slug":"munakoisolla-taytetyt-gordal-oliivit-45-kg","status":"publish","type":"product","link":"https:\/\/myspainfood.com\/fi\/producto\/munakoisolla-taytetyt-gordal-oliivit-45-kg\/","title":{"rendered":"Munakoisolla t\u00e4ytetyt Gordal-oliivit 4,5 kg"},"content":{"rendered":"<p>Gordal-oliivit t\u00e4ytetty gordal-lajikkeen munakoisoilla, jotka on t\u00e4ytetty perinteisill\u00e4 <a href=\"https:\/\/www.laencajera.es\/aceitunas\" target=\"_blank\" rel=\"noopener noreferrer nofollow\">Almagro-munakoisoillamme<\/a>.<\/p>\n<p>Yksi suosituimmista lajikkeista. Ne sopivat erinomaisesti aperitiiviksi. <\/p>\n<p>Ainesosat: NTES: kuorettomat Gordal-oliivit, munakoiso &#8221;De Almagro&#8221;, vesi, suola, viinietikka, jauhettu kumina, paprika de la Vera, oregano, arominvahventeet (E-621, E-631, E-627), happamuudens\u00e4\u00e4t\u00f6aine (E-330), s\u00e4il\u00f6nt\u00e4aineet (E-260, E-211, E-202), hapettumisenestoaineet (E-300) ja luonnolliset esanssit (paprika-, valkosipuli- ja kuminaesanssi). Saattaa sis\u00e4lt\u00e4\u00e4 sulfiitteja. <\/p>\n<p>S\u00e4ilyt\u00e4 viile\u00e4ss\u00e4 ja kuivassa paikassa 3\u00baC ja 10\u00baC v\u00e4lill\u00e4.<\/p>\n<p>Suojaa auringonvalolta ja voimakkailta hajuilta.<\/p>\n<p>Gordal-oliivit, jotka on t\u00e4ytetty munakoisolla. Avaamisen j\u00e4lkeen s\u00e4ilytet\u00e4\u00e4n j\u00e4\u00e4kaapissa ja kulutetaan 30 p\u00e4iv\u00e4n kuluessa.<\/p>\n<p>Jos haluat ostaa oliiveja tai muunlaisia <a href=\"https:\/\/latiendadesami.com\/categoria-producto\/encurtidos\/\" rel=\"noopener noreferrer nofollow\" target=\"_blank\">suolakurkkuja<\/a>, \u00e4l\u00e4 ep\u00e4r\u00f6i katsoa verkkoluetteloamme ja tutustua laajaan <a href=\"https:\/\/latiendadesami.com\/categoria-producto\/encurtidos\/berenjenas\/\" target=\"_blank\" rel=\"noopener noreferrer nofollow\">munakoisovalikoimaamme<\/a>.<\/p>\n<p>Tuotemerkki on La Encajonera, vuonna 1990 perustettu perheyritys, joka sijaitsee La Manchan syd\u00e4mess\u00e4, ALMAGROn kaupungissa Ciudad Realin maakunnassa.<\/p>\n<p>Tuotteiden valmistusprosessi alkaa samalta kasvualueelta, jossa valitaan paras laatutuote.<\/p>\n<p>Tehdas on varustettu edistyneimm\u00e4ll\u00e4 teknologialla, mutta samalla se s\u00e4ilytt\u00e4\u00e4 k\u00e4sity\u00f6l\u00e4isten perinteet ja taitotiedon.<\/p>\n","protected":false},"excerpt":{"rendered":"<p>Gordal-oliivit t\u00e4ytetty gordal-lajikkeen munakoisoilla, jotka on t\u00e4ytetty perinteisill\u00e4 Almagro-munakoisoillamme. Yksi suosituimmista lajikkeista. Ne sopivat erinomaisesti aperitiiviksi. Ainesosat: NTES: kuorettomat Gordal-oliivit, munakoiso &#8221;De Almagro&#8221;, vesi, suola, viinietikka, jauhettu kumina, paprika de la Vera, oregano, arominvahventeet (E-621, E-631, E-627), happamuudens\u00e4\u00e4t\u00f6aine (E-330), s\u00e4il\u00f6nt\u00e4aineet (E-260, E-211, E-202), hapettumisenestoaineet (E-300) ja luonnolliset esanssit (paprika-, valkosipuli- ja kuminaesanssi). Saattaa sis\u00e4lt\u00e4\u00e4 sulfiitteja. [&hellip;]<\/p>\n","protected":false},"featured_media":18255,"template":"","meta":{"_et_pb_use_builder":"","_et_pb_old_content":"","_et_gb_content_width":""},"product_brand":[],"product_cat":[1781,1779],"product_tag":[2156,2157],"class_list":{"0":"post-18254","1":"product","2":"type-product","3":"status-publish","4":"has-post-thumbnail","6":"product_cat-oliivit","7":"product_cat-pikkelsia","8":"product_tag-munakoiso","9":"product_tag-tayta","11":"first","12":"instock","13":"taxable","14":"shipping-taxable","15":"purchasable","16":"product-type-simple"},"_links":{"self":[{"href":"https:\/\/myspainfood.com\/fi\/wp-json\/wp\/v2\/product\/18254","targetHints":{"allow":["GET"]}}],"collection":[{"href":"https:\/\/myspainfood.com\/fi\/wp-json\/wp\/v2\/product"}],"about":[{"href":"https:\/\/myspainfood.com\/fi\/wp-json\/wp\/v2\/types\/product"}],"wp:featuredmedia":[{"embeddable":true,"href":"https:\/\/myspainfood.com\/fi\/wp-json\/wp\/v2\/media\/18255"}],"wp:attachment":[{"href":"https:\/\/myspainfood.com\/fi\/wp-json\/wp\/v2\/media?parent=18254"}],"wp:term":[{"taxonomy":"product_brand","embeddable":true,"href":"https:\/\/myspainfood.com\/fi\/wp-json\/wp\/v2\/product_brand?post=18254"},{"taxonomy":"product_cat","embeddable":true,"href":"https:\/\/myspainfood.com\/fi\/wp-json\/wp\/v2\/product_cat?post=18254"},{"taxonomy":"product_tag","embeddable":true,"href":"https:\/\/myspainfood.com\/fi\/wp-json\/wp\/v2\/product_tag?post=18254"}],"curies":[{"name":"wp","href":"https:\/\/api.w.org\/{rel}","templated":true}]}}