{"id":18319,"date":"2025-04-10T12:09:16","date_gmt":"2025-04-10T10:09:16","guid":{"rendered":"https:\/\/myspainfood.com\/producto\/manzanilla-oliivi-sardellin-maku-140-160-5-kg-valutettuna\/"},"modified":"2025-04-10T12:09:16","modified_gmt":"2025-04-10T10:09:16","slug":"manzanilla-oliivi-sardellin-maku-140-160-5-kg-valutettuna","status":"publish","type":"product","link":"https:\/\/myspainfood.com\/fi\/producto\/manzanilla-oliivi-sardellin-maku-140-160-5-kg-valutettuna\/","title":{"rendered":"Manzanilla-oliivi Sardellin maku 140-160 5 kg valutettuna"},"content":{"rendered":"<p>Anjoviksella maustettu manzanilla-oliivi on markkinoiden suosituin oliivi. Sit\u00e4 arvostetaan sen hienon maun vuoksi. Sit\u00e4 k\u00e4ytet\u00e4\u00e4n p\u00e4\u00e4asiassa sy\u00f6t\u00e4v\u00e4ksi tarkoitettuna oliivina. Se on v\u00e4rilt\u00e4\u00e4n kellanvihre\u00e4, kuorellinen ja miedon makuinen. K\u00e4ytet\u00e4\u00e4n yleisesti aperitiivina ja alkupalana. Se on osa reseptej\u00e4, kuten pizzoja, salaatteja tai hienostuneempia ruokia.     <\/p>\n<p>Ainesosat: Oliivit, vesi, suola, happamuudens\u00e4\u00e4t\u00f6aine (E-330), s\u00e4il\u00f6nt\u00e4aineet.<\/p>\n<p>(E-211, E-202, E-270) Antioksidantti (E-300)<\/p>\n<p>Saattaa sis\u00e4lt\u00e4\u00e4 sulfiitteja.<\/p>\n<p>S\u00e4ilyt\u00e4 viile\u00e4ss\u00e4 ja kuivassa paikassa 3\u00baC ja 10\u00baC v\u00e4lill\u00e4.<\/p>\n<p>Suojaa auringonvalolta ja voimakkailta hajuilta.<\/p>\n<p>Jos haluat ostaa oliiveja tai muunlaisia <a href=\"https:\/\/latiendadesami.com\/categoria-producto\/encurtidos\/\" rel=\"noopener noreferrer nofollow\" target=\"_blank\">suolakurkkuja<\/a>, \u00e4l\u00e4 ep\u00e4r\u00f6i katsoa verkkoluetteloamme ja tutustua laajaan <a href=\"https:\/\/latiendadesami.com\/categoria-producto\/encurtidos\/berenjenas\/\" target=\"_blank\" rel=\"noopener noreferrer nofollow\">munakoisovalikoimaamme<\/a>.<\/p>\n<p>Tuotemerkki on La Encajera, vuonna 1990 perustettu perheyritys, joka sijaitsee La Manchan syd\u00e4mess\u00e4, ALMAGROn kaupungissa Ciudad Realin maakunnassa.<\/p>\n<p>Tuotteiden valmistusprosessi alkaa samalta kasvualueelta, jossa valitaan paras laatutuote.<\/p>\n<p>Tehdas on varustettu edistyneimm\u00e4ll\u00e4 teknologialla, mutta samalla se s\u00e4ilytt\u00e4\u00e4 k\u00e4sity\u00f6l\u00e4isten perinteet ja taitotiedon.<\/p>\n","protected":false},"excerpt":{"rendered":"<p>Anjoviksella maustettu manzanilla-oliivi on markkinoiden suosituin oliivi. Sit\u00e4 arvostetaan sen hienon maun vuoksi. Sit\u00e4 k\u00e4ytet\u00e4\u00e4n p\u00e4\u00e4asiassa sy\u00f6t\u00e4v\u00e4ksi tarkoitettuna oliivina. Se on v\u00e4rilt\u00e4\u00e4n kellanvihre\u00e4, kuorellinen ja miedon makuinen. K\u00e4ytet\u00e4\u00e4n yleisesti aperitiivina ja alkupalana. Se on osa reseptej\u00e4, kuten pizzoja, salaatteja tai hienostuneempia ruokia. Ainesosat: Oliivit, vesi, suola, happamuudens\u00e4\u00e4t\u00f6aine (E-330), s\u00e4il\u00f6nt\u00e4aineet. (E-211, E-202, E-270) Antioksidantti (E-300) Saattaa [&hellip;]<\/p>\n","protected":false},"featured_media":18321,"template":"","meta":{"_et_pb_use_builder":"","_et_pb_old_content":"","_et_gb_content_width":""},"product_brand":[],"product_cat":[1781,1779],"product_tag":[2156,2157],"class_list":{"0":"post-18319","1":"product","2":"type-product","3":"status-publish","4":"has-post-thumbnail","6":"product_cat-oliivit","7":"product_cat-pikkelsia","8":"product_tag-munakoiso","9":"product_tag-tayta","11":"first","12":"instock","13":"taxable","14":"shipping-taxable","15":"purchasable","16":"product-type-simple"},"_links":{"self":[{"href":"https:\/\/myspainfood.com\/fi\/wp-json\/wp\/v2\/product\/18319","targetHints":{"allow":["GET"]}}],"collection":[{"href":"https:\/\/myspainfood.com\/fi\/wp-json\/wp\/v2\/product"}],"about":[{"href":"https:\/\/myspainfood.com\/fi\/wp-json\/wp\/v2\/types\/product"}],"wp:featuredmedia":[{"embeddable":true,"href":"https:\/\/myspainfood.com\/fi\/wp-json\/wp\/v2\/media\/18321"}],"wp:attachment":[{"href":"https:\/\/myspainfood.com\/fi\/wp-json\/wp\/v2\/media?parent=18319"}],"wp:term":[{"taxonomy":"product_brand","embeddable":true,"href":"https:\/\/myspainfood.com\/fi\/wp-json\/wp\/v2\/product_brand?post=18319"},{"taxonomy":"product_cat","embeddable":true,"href":"https:\/\/myspainfood.com\/fi\/wp-json\/wp\/v2\/product_cat?post=18319"},{"taxonomy":"product_tag","embeddable":true,"href":"https:\/\/myspainfood.com\/fi\/wp-json\/wp\/v2\/product_tag?post=18319"}],"curies":[{"name":"wp","href":"https:\/\/api.w.org\/{rel}","templated":true}]}}