{"id":18639,"date":"2025-04-10T12:16:51","date_gmt":"2025-04-10T10:16:51","guid":{"rendered":"https:\/\/myspainfood.com\/producto\/era-3c-kantabrian-anjovisfilee-sillifileet-sillifileet-oliivien-kanssa-picarpicar-sillifileet-ja-oliivit\/"},"modified":"2026-01-13T13:55:02","modified_gmt":"2026-01-13T12:55:02","slug":"era-3c-kantabrian-anjovisfilee-sillifileet-sillifileet-oliivien-kanssa-picarpicar-sillifileet-ja-oliivit","status":"publish","type":"product","link":"https:\/\/myspainfood.com\/fi\/producto\/era-3c-kantabrian-anjovisfilee-sillifileet-sillifileet-oliivien-kanssa-picarpicar-sillifileet-ja-oliivit\/","title":{"rendered":"Er\u00e4 3C Kantabrian anjovisfilee - sillifileet - sillifileet oliivien kanssa Picar&amp;Picar - sillifileet ja oliivit"},"content":{"rendered":"<p>SIS\u00c4LT\u00d6:<\/p>\n<ul>\n<li>Biskajanlahden sardellifileet\u00e4:<\/li>\n<\/ul>\n<p>300 g:n tuubi: 1 kpl<\/p>\n<ul>\n<li>Silakkafileet:<\/li>\n<\/ul>\n<p>Tarjotin 220 gr: 1 kpl<\/p>\n<ul>\n<li>Silakkafileet oliivien kanssa:<\/li>\n<\/ul>\n<p>Tarjotin 220 gr: 1 kpl<\/p>\n","protected":false},"excerpt":{"rendered":"<p>SIS\u00c4LT\u00d6: Biskajanlahden sardellifileet\u00e4: 300 g:n tuubi: 1 kpl Silakkafileet: Tarjotin 220 gr: 1 kpl Silakkafileet oliivien kanssa: Tarjotin 220 gr: 1 kpl<\/p>\n","protected":false},"featured_media":18641,"template":"","meta":{"_et_pb_use_builder":"","_et_pb_old_content":"","_et_gb_content_width":""},"product_brand":[1127],"product_cat":[1872,1896],"product_tag":[],"class_list":{"0":"post-18639","1":"product","2":"type-product","3":"status-publish","4":"has-post-thumbnail","6":"product_brand-picarpicar","7":"product_cat-kylma","8":"product_cat-sardellit-fi","9":"product_shipping_class-kylmalahetys","11":"first","12":"outofstock","13":"taxable","14":"shipping-taxable","15":"purchasable","16":"product-type-simple"},"_links":{"self":[{"href":"https:\/\/myspainfood.com\/fi\/wp-json\/wp\/v2\/product\/18639","targetHints":{"allow":["GET"]}}],"collection":[{"href":"https:\/\/myspainfood.com\/fi\/wp-json\/wp\/v2\/product"}],"about":[{"href":"https:\/\/myspainfood.com\/fi\/wp-json\/wp\/v2\/types\/product"}],"wp:featuredmedia":[{"embeddable":true,"href":"https:\/\/myspainfood.com\/fi\/wp-json\/wp\/v2\/media\/18641"}],"wp:attachment":[{"href":"https:\/\/myspainfood.com\/fi\/wp-json\/wp\/v2\/media?parent=18639"}],"wp:term":[{"taxonomy":"product_brand","embeddable":true,"href":"https:\/\/myspainfood.com\/fi\/wp-json\/wp\/v2\/product_brand?post=18639"},{"taxonomy":"product_cat","embeddable":true,"href":"https:\/\/myspainfood.com\/fi\/wp-json\/wp\/v2\/product_cat?post=18639"},{"taxonomy":"product_tag","embeddable":true,"href":"https:\/\/myspainfood.com\/fi\/wp-json\/wp\/v2\/product_tag?post=18639"}],"curies":[{"name":"wp","href":"https:\/\/api.w.org\/{rel}","templated":true}]}}