{"id":18648,"date":"2025-04-10T12:16:51","date_gmt":"2025-04-10T10:16:51","guid":{"rendered":"https:\/\/myspainfood.com\/producto\/era-1f-sardellifilee-oljyssa-sardellifilee-etikassa-sardellifilee-valkosipuli-persiljakastikkeessa-valkosipuli-persiljakastike-chop-chop-paloiteltu-ja-paloiteltu\/"},"modified":"2026-01-13T13:54:13","modified_gmt":"2026-01-13T12:54:13","slug":"era-1f-sardellifilee-oljyssa-sardellifilee-etikassa-sardellifilee-valkosipuli-persiljakastikkeessa-valkosipuli-persiljakastike-chop-chop-paloiteltu-ja-paloiteltu","status":"publish","type":"product","link":"https:\/\/myspainfood.com\/fi\/producto\/era-1f-sardellifilee-oljyssa-sardellifilee-etikassa-sardellifilee-valkosipuli-persiljakastikkeessa-valkosipuli-persiljakastike-chop-chop-paloiteltu-ja-paloiteltu\/","title":{"rendered":"Er\u00e4 1F Sardellifilee \u00f6ljyss\u00e4-sardellifilee etikassa-sardellifilee valkosipuli-persiljakastikkeessa (valkosipuli-persiljakastike) Chop &amp; Chop (paloiteltu ja paloiteltu)"},"content":{"rendered":"<p>SIS\u00c4LT\u00d6:<\/p>\n<ul>\n<li>Sardellifilee \u00f6ljyss\u00e4:<\/li>\n<\/ul>\n<p>Tarjotin 200 gr: 3 kpl<\/p>\n<ul>\n<li>Sardellifilee etikassa:<\/li>\n<\/ul>\n<p>Tarjotin 200 gr: 3 kpl<\/p>\n<ul>\n<li>Maustettu anjovisfilee (valkosipuli ja persilja):<\/li>\n<\/ul>\n<p>Tarjotin 200 gr: 3 kpl<\/p>\n","protected":false},"excerpt":{"rendered":"<p>SIS\u00c4LT\u00d6: Sardellifilee \u00f6ljyss\u00e4: Tarjotin 200 gr: 3 kpl Sardellifilee etikassa: Tarjotin 200 gr: 3 kpl Maustettu anjovisfilee (valkosipuli ja persilja): Tarjotin 200 gr: 3 kpl<\/p>\n","protected":false},"featured_media":18649,"template":"","meta":{"_et_pb_use_builder":"","_et_pb_old_content":"","_et_gb_content_width":""},"product_brand":[1127],"product_cat":[1872,1896],"product_tag":[],"class_list":{"0":"post-18648","1":"product","2":"type-product","3":"status-publish","4":"has-post-thumbnail","6":"product_brand-picarpicar","7":"product_cat-kylma","8":"product_cat-sardellit-fi","9":"product_shipping_class-kylmalahetys","11":"first","12":"outofstock","13":"taxable","14":"shipping-taxable","15":"purchasable","16":"product-type-simple"},"_links":{"self":[{"href":"https:\/\/myspainfood.com\/fi\/wp-json\/wp\/v2\/product\/18648","targetHints":{"allow":["GET"]}}],"collection":[{"href":"https:\/\/myspainfood.com\/fi\/wp-json\/wp\/v2\/product"}],"about":[{"href":"https:\/\/myspainfood.com\/fi\/wp-json\/wp\/v2\/types\/product"}],"wp:featuredmedia":[{"embeddable":true,"href":"https:\/\/myspainfood.com\/fi\/wp-json\/wp\/v2\/media\/18649"}],"wp:attachment":[{"href":"https:\/\/myspainfood.com\/fi\/wp-json\/wp\/v2\/media?parent=18648"}],"wp:term":[{"taxonomy":"product_brand","embeddable":true,"href":"https:\/\/myspainfood.com\/fi\/wp-json\/wp\/v2\/product_brand?post=18648"},{"taxonomy":"product_cat","embeddable":true,"href":"https:\/\/myspainfood.com\/fi\/wp-json\/wp\/v2\/product_cat?post=18648"},{"taxonomy":"product_tag","embeddable":true,"href":"https:\/\/myspainfood.com\/fi\/wp-json\/wp\/v2\/product_tag?post=18648"}],"curies":[{"name":"wp","href":"https:\/\/api.w.org\/{rel}","templated":true}]}}