{"id":18763,"date":"2025-04-10T12:16:50","date_gmt":"2025-04-10T10:16:50","guid":{"rendered":"https:\/\/myspainfood.com\/producto\/era-3a-biskajanlahden-anjovisfilee-anjovisfilee-valkosipuli-persiljakastikkeessa-picarpicar\/"},"modified":"2026-01-13T13:51:34","modified_gmt":"2026-01-13T12:51:34","slug":"era-3a-biskajanlahden-anjovisfilee-anjovisfilee-valkosipuli-persiljakastikkeessa-picarpicar","status":"publish","type":"product","link":"https:\/\/myspainfood.com\/fi\/producto\/era-3a-biskajanlahden-anjovisfilee-anjovisfilee-valkosipuli-persiljakastikkeessa-picarpicar\/","title":{"rendered":"Er\u00e4 3A Biskajanlahden anjovisfilee - anjovisfilee valkosipuli-persiljakastikkeessa - Picar&amp;Picar"},"content":{"rendered":"<p>SIS\u00c4LT\u00d6:<\/p>\n<ul>\n<li>Sardellifilee:<\/li>\n<\/ul>\n<p>Tripack: 3 kpl<\/p>\n<ul>\n<li>Biskajanlahden sardellifileet\u00e4:<\/li>\n<\/ul>\n<p>Tarjotin 120 gr: 2 kpl<\/p>\n<ul>\n<li>Maustettu anjovisfilee (valkosipuli ja persilja):<\/li>\n<\/ul>\n<p>700 g amme: 1 kpl<\/p>\n<p>Gourmet-tuote.<\/p>\n","protected":false},"excerpt":{"rendered":"<p>SIS\u00c4LT\u00d6: Sardellifilee: Tripack: 3 kpl Biskajanlahden sardellifileet\u00e4: Tarjotin 120 gr: 2 kpl Maustettu anjovisfilee (valkosipuli ja persilja): 700 g amme: 1 kpl Gourmet-tuote.<\/p>\n","protected":false},"featured_media":18771,"template":"","meta":{"_et_pb_use_builder":"","_et_pb_old_content":"","_et_gb_content_width":""},"product_brand":[1127],"product_cat":[1872,1896],"product_tag":[],"class_list":{"0":"post-18763","1":"product","2":"type-product","3":"status-publish","4":"has-post-thumbnail","6":"product_brand-picarpicar","7":"product_cat-kylma","8":"product_cat-sardellit-fi","9":"product_shipping_class-kylmalahetys","11":"first","12":"outofstock","13":"taxable","14":"shipping-taxable","15":"purchasable","16":"product-type-simple"},"_links":{"self":[{"href":"https:\/\/myspainfood.com\/fi\/wp-json\/wp\/v2\/product\/18763","targetHints":{"allow":["GET"]}}],"collection":[{"href":"https:\/\/myspainfood.com\/fi\/wp-json\/wp\/v2\/product"}],"about":[{"href":"https:\/\/myspainfood.com\/fi\/wp-json\/wp\/v2\/types\/product"}],"wp:featuredmedia":[{"embeddable":true,"href":"https:\/\/myspainfood.com\/fi\/wp-json\/wp\/v2\/media\/18771"}],"wp:attachment":[{"href":"https:\/\/myspainfood.com\/fi\/wp-json\/wp\/v2\/media?parent=18763"}],"wp:term":[{"taxonomy":"product_brand","embeddable":true,"href":"https:\/\/myspainfood.com\/fi\/wp-json\/wp\/v2\/product_brand?post=18763"},{"taxonomy":"product_cat","embeddable":true,"href":"https:\/\/myspainfood.com\/fi\/wp-json\/wp\/v2\/product_cat?post=18763"},{"taxonomy":"product_tag","embeddable":true,"href":"https:\/\/myspainfood.com\/fi\/wp-json\/wp\/v2\/product_tag?post=18763"}],"curies":[{"name":"wp","href":"https:\/\/api.w.org\/{rel}","templated":true}]}}