{"id":18838,"date":"2025-04-10T12:16:46","date_gmt":"2025-04-10T10:16:46","guid":{"rendered":"https:\/\/myspainfood.com\/producto\/era-1a-sardelli-ja-anjovis-picarpicar\/"},"modified":"2026-01-13T13:56:23","modified_gmt":"2026-01-13T12:56:23","slug":"era-1a-sardelli-ja-anjovis-picarpicar","status":"publish","type":"product","link":"https:\/\/myspainfood.com\/fi\/producto\/era-1a-sardelli-ja-anjovis-picarpicar\/","title":{"rendered":"er\u00e4 1a - sardelli ja anjovis Picar&amp;Picar"},"content":{"rendered":"<p>ER\u00c4 1A: Erinomainen ensiluokkainen kalas\u00e4ilykkeiden er\u00e4, joka koostuu seuraavista aineksista: Anjovisfilee tripackissa 120gr (3 kpl), Kantabrian anjovisfilee 120gr (1 kpl), Anjovisfilee \u00f6ljyss\u00e4 200gr (1 kpl), Anjovisfilee etikassa 200gr (1 kpl), Anjovisfilee valkosipulissa ja persiljassa 200gr (1 kpl) ja Anjovislippulaatikko 220gr (1 kpl).<\/p>\n<p>SIS\u00c4LT\u00d6:<\/p>\n<ul>\n<li>Sardellifilee:<\/li>\n<\/ul>\n<p>Tripack 120 gr: 3 kpl<\/p>\n<ul>\n<li>Biskajanlahden sardellifileet\u00e4:<\/li>\n<\/ul>\n<p>Tarjotin 120 gr: 1 kpl<\/p>\n<ul>\n<li>Sardellifilee \u00f6ljyss\u00e4:<\/li>\n<\/ul>\n<p>Tarjotin 200 gr: 1 kpl<\/p>\n<ul>\n<li>Sardellifilee etikassa:<\/li>\n<\/ul>\n<p>Tarjotin 200 gr: 1 kpl<\/p>\n<ul>\n<li>Maustettu anjovisfilee (valkosipuli ja persilja):<\/li>\n<\/ul>\n<p>Tarjotin 200 gr: 1 kpl<\/p>\n<ul>\n<li>Banderilla de boquer\u00f3n:<\/li>\n<\/ul>\n<p>Tarjotin 220 gr: 1 kpl<\/p>\n","protected":false},"excerpt":{"rendered":"<p>ER\u00c4 1A: Erinomainen ensiluokkainen kalas\u00e4ilykkeiden er\u00e4, joka koostuu seuraavista aineksista: Anjovisfilee tripackissa 120gr (3 kpl), Kantabrian anjovisfilee 120gr (1 kpl), Anjovisfilee \u00f6ljyss\u00e4 200gr (1 kpl), Anjovisfilee etikassa 200gr (1 kpl), Anjovisfilee valkosipulissa ja persiljassa 200gr (1 kpl) ja Anjovislippulaatikko 220gr (1 kpl). SIS\u00c4LT\u00d6: Sardellifilee: Tripack 120 gr: 3 kpl Biskajanlahden sardellifileet\u00e4: Tarjotin 120 gr: 1 [&hellip;]<\/p>\n","protected":false},"featured_media":18840,"template":"","meta":{"_et_pb_use_builder":"","_et_pb_old_content":"","_et_gb_content_width":""},"product_brand":[1127],"product_cat":[1872,1896],"product_tag":[],"class_list":{"0":"post-18838","1":"product","2":"type-product","3":"status-publish","4":"has-post-thumbnail","6":"product_brand-picarpicar","7":"product_cat-kylma","8":"product_cat-sardellit-fi","9":"product_shipping_class-kylmalahetys","11":"first","12":"outofstock","13":"taxable","14":"shipping-taxable","15":"purchasable","16":"product-type-simple"},"_links":{"self":[{"href":"https:\/\/myspainfood.com\/fi\/wp-json\/wp\/v2\/product\/18838","targetHints":{"allow":["GET"]}}],"collection":[{"href":"https:\/\/myspainfood.com\/fi\/wp-json\/wp\/v2\/product"}],"about":[{"href":"https:\/\/myspainfood.com\/fi\/wp-json\/wp\/v2\/types\/product"}],"wp:featuredmedia":[{"embeddable":true,"href":"https:\/\/myspainfood.com\/fi\/wp-json\/wp\/v2\/media\/18840"}],"wp:attachment":[{"href":"https:\/\/myspainfood.com\/fi\/wp-json\/wp\/v2\/media?parent=18838"}],"wp:term":[{"taxonomy":"product_brand","embeddable":true,"href":"https:\/\/myspainfood.com\/fi\/wp-json\/wp\/v2\/product_brand?post=18838"},{"taxonomy":"product_cat","embeddable":true,"href":"https:\/\/myspainfood.com\/fi\/wp-json\/wp\/v2\/product_cat?post=18838"},{"taxonomy":"product_tag","embeddable":true,"href":"https:\/\/myspainfood.com\/fi\/wp-json\/wp\/v2\/product_tag?post=18838"}],"curies":[{"name":"wp","href":"https:\/\/api.w.org\/{rel}","templated":true}]}}