{"id":19075,"date":"2025-04-10T12:16:39","date_gmt":"2025-04-10T10:16:39","guid":{"rendered":"https:\/\/myspainfood.com\/producto\/kokonaiset-extra-paahdetut-piquillo-paprikat-la-joya-del-valle-320gr\/"},"modified":"2026-01-30T14:26:10","modified_gmt":"2026-01-30T13:26:10","slug":"kokonaiset-extra-paahdetut-piquillo-paprikat-la-joya-del-valle-320gr","status":"publish","type":"product","link":"https:\/\/myspainfood.com\/fi\/producto\/kokonaiset-extra-paahdetut-piquillo-paprikat-la-joya-del-valle-320gr\/","title":{"rendered":"Kokonaiset extra paahdetut piquillo paprikat La joya del valle 320gr"},"content":{"rendered":"<p>Ainesosat: <\/p>\n<p> Avattuasi s\u00e4ilyt\u00e4 j\u00e4\u00e4kaapissa ja nauti mieluiten 5 p\u00e4iv\u00e4n kuluessa<\/p>\n<p>Meill\u00e4 on parasta laatua parhaaseen hintaan.<\/p>\n<p>Kirjoita meille, jos haluat lis\u00e4tietoja tai jos sinulla on kysytt\u00e4v\u00e4\u00e4 t\u00e4st\u00e4 tai mist\u00e4 tahansa muusta tuotteesta luettelossamme. Kirjoita meille, jos haluat lis\u00e4tietoja tai jos sinulla on kysytt\u00e4v\u00e4\u00e4 t\u00e4st\u00e4 tai mist\u00e4 tahansa muusta tuotteesta luettelossamme.<\/p>\n","protected":false},"excerpt":{"rendered":"<p>Ainesosat: Avattuasi s\u00e4ilyt\u00e4 j\u00e4\u00e4kaapissa ja nauti mieluiten 5 p\u00e4iv\u00e4n kuluessa Meill\u00e4 on parasta laatua parhaaseen hintaan. Kirjoita meille, jos haluat lis\u00e4tietoja tai jos sinulla on kysytt\u00e4v\u00e4\u00e4 t\u00e4st\u00e4 tai mist\u00e4 tahansa muusta tuotteesta luettelossamme. Kirjoita meille, jos haluat lis\u00e4tietoja tai jos sinulla on kysytt\u00e4v\u00e4\u00e4 t\u00e4st\u00e4 tai mist\u00e4 tahansa muusta tuotteesta luettelossamme.<\/p>\n","protected":false},"featured_media":19083,"template":"","meta":{"_et_pb_use_builder":"","_et_pb_old_content":"","_et_gb_content_width":""},"product_brand":[1129],"product_cat":[2375,1945],"product_tag":[2376,2377],"class_list":{"0":"post-19075","1":"product","2":"type-product","3":"status-publish","4":"has-post-thumbnail","6":"product_brand-mateo","7":"product_cat-paprikat","8":"product_cat-sailyttaa","9":"product_tag-paahtopaisti","10":"product_tag-pippuri","12":"first","13":"outofstock","14":"featured","15":"taxable","16":"shipping-taxable","17":"product-type-variable"},"_links":{"self":[{"href":"https:\/\/myspainfood.com\/fi\/wp-json\/wp\/v2\/product\/19075","targetHints":{"allow":["GET"]}}],"collection":[{"href":"https:\/\/myspainfood.com\/fi\/wp-json\/wp\/v2\/product"}],"about":[{"href":"https:\/\/myspainfood.com\/fi\/wp-json\/wp\/v2\/types\/product"}],"wp:featuredmedia":[{"embeddable":true,"href":"https:\/\/myspainfood.com\/fi\/wp-json\/wp\/v2\/media\/19083"}],"wp:attachment":[{"href":"https:\/\/myspainfood.com\/fi\/wp-json\/wp\/v2\/media?parent=19075"}],"wp:term":[{"taxonomy":"product_brand","embeddable":true,"href":"https:\/\/myspainfood.com\/fi\/wp-json\/wp\/v2\/product_brand?post=19075"},{"taxonomy":"product_cat","embeddable":true,"href":"https:\/\/myspainfood.com\/fi\/wp-json\/wp\/v2\/product_cat?post=19075"},{"taxonomy":"product_tag","embeddable":true,"href":"https:\/\/myspainfood.com\/fi\/wp-json\/wp\/v2\/product_tag?post=19075"}],"curies":[{"name":"wp","href":"https:\/\/api.w.org\/{rel}","templated":true}]}}