{"id":19135,"date":"2025-04-10T12:16:39","date_gmt":"2025-04-10T10:16:39","guid":{"rendered":"https:\/\/myspainfood.com\/producto\/ekstra-neitsytoliivioljy-viejo-olivar-5-litraa-cazorla-jaen\/"},"modified":"2026-01-29T12:36:58","modified_gmt":"2026-01-29T11:36:58","slug":"ekstra-neitsytoliivioljy-viejo-olivar-5-litraa-cazorla-jaen","status":"publish","type":"product","link":"https:\/\/myspainfood.com\/fi\/producto\/ekstra-neitsytoliivioljy-viejo-olivar-5-litraa-cazorla-jaen\/","title":{"rendered":"Ekstra-neitsytoliivi\u00f6ljy Viejo Olivar 5 litraa Cazorla Ja\u00e9n"},"content":{"rendered":"<p>Ja\u00e9nin <strong>ekstra-neitsytoliivi\u00f6ljy<\/strong> on yksi espanjalaisen gastronomian t\u00e4htituotteista, ja se on my\u00f6s esittelykirjeemme kaikkialla maailmassa. Oliivi\u00f6ljyn ostaminen tarkoittaa poikkeuksellisen tuotteen hankkimista sen uskomattomien terveysvaikutusten vuoksi. Lis\u00e4ksi se on V\u00e4limeren ruokavalion perusaine, joka ei saisi puuttua yhdest\u00e4k\u00e4\u00e4n itse\u00e4\u00e4n kunnioittavasta keitti\u00f6st\u00e4.  <\/p>\n<p>Ekstra-neitsytoliivi\u00f6ljy on neitsytoliivi\u00f6ljyjen joukossa poikkeuksellisinta maun, aromin ja elimist\u00f6lle koituvien hy\u00f6tyjen vuoksi. Se sis\u00e4lt\u00e4\u00e4 runsaasti A-, D-, E- ja K-vitamiineja, ehk\u00e4isee kolesterolin kertymist\u00e4, parantaa verenpainetta ja edist\u00e4\u00e4 suoliston toimintaa. Kaikista n\u00e4ist\u00e4 syist\u00e4 ekstra-neitsytoliivi\u00f6ljyn ostaminen on aina paras vaihtoehto terveydellesi ja makusi kannalta.  <\/p>\n<p>Ja\u00e9nissa olemme ylpeit\u00e4 siit\u00e4, ett\u00e4 olemme maailman suurimpia oliivi\u00f6ljyn tuottajia, ja maamme ekstra-neitsytoliivi\u00f6ljyt ovat ep\u00e4ilem\u00e4tt\u00e4 tunnetuimpia sek\u00e4 kansallisesti ett\u00e4 kansainv\u00e4lisesti, ja ne ovat korkealaatuisimpia, joita voi ostaa.<\/p>\n","protected":false},"excerpt":{"rendered":"<p>Ja\u00e9nin ekstra-neitsytoliivi\u00f6ljy on yksi espanjalaisen gastronomian t\u00e4htituotteista, ja se on my\u00f6s esittelykirjeemme kaikkialla maailmassa. Oliivi\u00f6ljyn ostaminen tarkoittaa poikkeuksellisen tuotteen hankkimista sen uskomattomien terveysvaikutusten vuoksi. Lis\u00e4ksi se on V\u00e4limeren ruokavalion perusaine, joka ei saisi puuttua yhdest\u00e4k\u00e4\u00e4n itse\u00e4\u00e4n kunnioittavasta keitti\u00f6st\u00e4. Ekstra-neitsytoliivi\u00f6ljy on neitsytoliivi\u00f6ljyjen joukossa poikkeuksellisinta maun, aromin ja elimist\u00f6lle koituvien hy\u00f6tyjen vuoksi. Se sis\u00e4lt\u00e4\u00e4 runsaasti A-, D-, [&hellip;]<\/p>\n","protected":false},"featured_media":19143,"template":"","meta":{"_et_pb_use_builder":"","_et_pb_old_content":"","_et_gb_content_width":""},"product_brand":[1221],"product_cat":[2497,2496],"product_tag":[2498],"class_list":{"0":"post-19135","1":"product","2":"type-product","3":"status-publish","4":"has-post-thumbnail","6":"product_brand-valdezarza","7":"product_cat-ekstra-neitsytoliivi","8":"product_cat-oljy","9":"product_tag-oljy","11":"first","12":"outofstock","13":"featured","14":"taxable","15":"shipping-taxable","16":"product-type-variable"},"_links":{"self":[{"href":"https:\/\/myspainfood.com\/fi\/wp-json\/wp\/v2\/product\/19135","targetHints":{"allow":["GET"]}}],"collection":[{"href":"https:\/\/myspainfood.com\/fi\/wp-json\/wp\/v2\/product"}],"about":[{"href":"https:\/\/myspainfood.com\/fi\/wp-json\/wp\/v2\/types\/product"}],"wp:featuredmedia":[{"embeddable":true,"href":"https:\/\/myspainfood.com\/fi\/wp-json\/wp\/v2\/media\/19143"}],"wp:attachment":[{"href":"https:\/\/myspainfood.com\/fi\/wp-json\/wp\/v2\/media?parent=19135"}],"wp:term":[{"taxonomy":"product_brand","embeddable":true,"href":"https:\/\/myspainfood.com\/fi\/wp-json\/wp\/v2\/product_brand?post=19135"},{"taxonomy":"product_cat","embeddable":true,"href":"https:\/\/myspainfood.com\/fi\/wp-json\/wp\/v2\/product_cat?post=19135"},{"taxonomy":"product_tag","embeddable":true,"href":"https:\/\/myspainfood.com\/fi\/wp-json\/wp\/v2\/product_tag?post=19135"}],"curies":[{"name":"wp","href":"https:\/\/api.w.org\/{rel}","templated":true}]}}