{"id":19219,"date":"2025-04-10T12:16:41","date_gmt":"2025-04-10T10:16:41","guid":{"rendered":"https:\/\/myspainfood.com\/producto\/iberialainen-cebo-huelva-kinkku-sn-finca-6-kg-noin\/"},"modified":"2026-01-30T14:27:48","modified_gmt":"2026-01-30T13:27:48","slug":"iberialainen-cebo-huelva-kinkku-sn-finca-6-kg-noin","status":"publish","type":"product","link":"https:\/\/myspainfood.com\/fi\/producto\/iberialainen-cebo-huelva-kinkku-sn-finca-6-kg-noin\/","title":{"rendered":"Iberialainen Cebo Huelva kinkku - SN Finca - 6 kg (noin)"},"content":{"rendered":"<p>Iberialainen Cebo Huelva -kinkku - SN Finca - 6 kg on laadultaan erinomainen pala, joka on kypsytetty Huelvan luonnonkuivaamoissa perinteisell\u00e4 kuivausmenetelm\u00e4ll\u00e4, joka antaa sille tyypillisen tuoksun ja tunnetun maun. T\u00e4m\u00e4 huolellisuus tekee palasta ilahduttavan iberialaisen kinkun yst\u00e4ville.<\/p>\n<h3><strong>Iberialaisen Cebo Huelva -kinkun ominaisuudet<\/strong><\/h3>\n<ol>\n<li><strong>Provenienssi taattu<\/strong>\n<p>T\u00e4m\u00e4 kinkku valmistetaan Huelvassa, joka on maailmanlaajuisesti tunnettu kinkkujen kypsent\u00e4miseen ihanteellisesta ilmastostaan. Sierra de Huelvan vuoristo tarjoaa t\u00e4ydellisen kosteus- ja l\u00e4mp\u00f6tilatasapainon, jonka ansiosta kinkku kypsyy optimaalisesti. <\/li>\n<li><strong>Sertifioitu laatu<\/strong>\n<p>Jokainen kappale on tiukan laadunvalvonnan alainen. SN Finca takaa tuotteen, jonka alkuper\u00e4 on j\u00e4ljitett\u00e4viss\u00e4, ja varmistaa, ett\u00e4 kuluttaja saa parasta iberialaista perinnett\u00e4. <\/li>\n<li><strong>Pitk\u00e4\u00e4n kypsytetty<\/strong>\n<p>Noin 24 kuukautta kypsytetty kinkku kehitt\u00e4\u00e4 monitahoisen maun ja ainutlaatuisen aromin, joka kiehtoo aistit heti ensimm\u00e4isest\u00e4 leikkauksesta l\u00e4htien.<\/li>\n<li><strong>Ihanteellinen paino<\/strong>\n<p>T\u00e4m\u00e4 kinkku, jonka paino on <strong>6 kg (noin)<\/strong>, sopii erinomaisesti perheille ja juhliin, sill\u00e4 se tarjoaa erinomaisen laadun ja m\u00e4\u00e4r\u00e4n suhteen.<\/li>\n<li><strong>Poikkeuksellinen esitys<\/strong>\n<p>Leikkauksessa on luonteenomainen marmoroituminen, joka on erottamaton merkki sen laadusta. Rasvan ja lihan v\u00e4linen tasapaino takaa ainutlaatuisen makuel\u00e4myksen jokaisessa viipaleessa. <\/li>\n<\/ol>\n<p>Voit tutustua makkaravalikoimaamme, <a href=\"https:\/\/latiendadesami.com\/categoria-producto\/queso-embutido\/\" target=\"_blank\" rel=\"noopener noreferrer nofollow\">josta<\/a> l\u00f6yd\u00e4t gourmet-tuotteita, jotka sopivat t\u00e4ydellisesti perheen ja yst\u00e4vien kanssa nautittaviksi.<\/p>\n","protected":false},"excerpt":{"rendered":"<p>Iberialainen Cebo Huelva -kinkku - SN Finca - 6 kg on laadultaan erinomainen pala, joka on kypsytetty Huelvan luonnonkuivaamoissa perinteisell\u00e4 kuivausmenetelm\u00e4ll\u00e4, joka antaa sille tyypillisen tuoksun ja tunnetun maun. T\u00e4m\u00e4 huolellisuus tekee palasta ilahduttavan iberialaisen kinkun yst\u00e4ville. Iberialaisen Cebo Huelva -kinkun ominaisuudet Provenienssi taattu T\u00e4m\u00e4 kinkku valmistetaan Huelvassa, joka on maailmanlaajuisesti tunnettu kinkkujen kypsent\u00e4miseen ihanteellisesta [&hellip;]<\/p>\n","protected":false},"featured_media":19221,"template":"","meta":{"_et_pb_use_builder":"","_et_pb_old_content":"","_et_gb_content_width":""},"product_brand":[],"product_cat":[2184],"product_tag":[],"class_list":{"0":"post-19219","1":"product","2":"type-product","3":"status-publish","4":"has-post-thumbnail","6":"product_cat-testausluokka","8":"first","9":"outofstock","10":"taxable","11":"shipping-taxable","12":"purchasable","13":"product-type-simple"},"_links":{"self":[{"href":"https:\/\/myspainfood.com\/fi\/wp-json\/wp\/v2\/product\/19219","targetHints":{"allow":["GET"]}}],"collection":[{"href":"https:\/\/myspainfood.com\/fi\/wp-json\/wp\/v2\/product"}],"about":[{"href":"https:\/\/myspainfood.com\/fi\/wp-json\/wp\/v2\/types\/product"}],"wp:featuredmedia":[{"embeddable":true,"href":"https:\/\/myspainfood.com\/fi\/wp-json\/wp\/v2\/media\/19221"}],"wp:attachment":[{"href":"https:\/\/myspainfood.com\/fi\/wp-json\/wp\/v2\/media?parent=19219"}],"wp:term":[{"taxonomy":"product_brand","embeddable":true,"href":"https:\/\/myspainfood.com\/fi\/wp-json\/wp\/v2\/product_brand?post=19219"},{"taxonomy":"product_cat","embeddable":true,"href":"https:\/\/myspainfood.com\/fi\/wp-json\/wp\/v2\/product_cat?post=19219"},{"taxonomy":"product_tag","embeddable":true,"href":"https:\/\/myspainfood.com\/fi\/wp-json\/wp\/v2\/product_tag?post=19219"}],"curies":[{"name":"wp","href":"https:\/\/api.w.org\/{rel}","templated":true}]}}