{"id":19291,"date":"2025-04-10T12:16:47","date_gmt":"2025-04-10T10:16:47","guid":{"rendered":"https:\/\/myspainfood.com\/producto\/era-1c-anjovis-sardelli-ja-silakka-picarpicar\/"},"modified":"2026-01-13T13:55:59","modified_gmt":"2026-01-13T12:55:59","slug":"era-1c-anjovis-sardelli-ja-silakka-picarpicar","status":"publish","type":"product","link":"https:\/\/myspainfood.com\/fi\/producto\/era-1c-anjovis-sardelli-ja-silakka-picarpicar\/","title":{"rendered":"er\u00e4 1c - anjovis, sardelli ja silakka Picar&amp;Picar"},"content":{"rendered":"<p>ER\u00c4 1C: Korkealaatuiset kalas\u00e4ilykkeet, er\u00e4 koostuu seuraavista: Sardellifilee 45 g (3 kpl), Kantabrian anjovisfilee 120 g (1 kpl), Sardellifilee \u00f6ljyss\u00e4 200 g (1 kpl), Silakkafilee 220 g (1 kpl) ja Silakkafilee oliivien kanssa 220 g (1 kpl).<\/p>\n<p>SIS\u00c4LT\u00d6:<\/p>\n<ul>\n<li>Sardellifilee:<\/li>\n<\/ul>\n<p>Tripack 120 gr: 3 kpl<\/p>\n<ul>\n<li>Biskajanlahden sardellifileet\u00e4:<\/li>\n<\/ul>\n<p>Tarjotin 120 gr: 1 kpl<\/p>\n<ul>\n<li>Sardellifilee \u00f6ljyss\u00e4:<\/li>\n<\/ul>\n<p>Tarjotin 200 gr: 1 kpl<\/p>\n<ul>\n<li>Sardellifilee etikassa:<\/li>\n<\/ul>\n<p>Tarjotin 200 gr: 2 kpl<\/p>\n<ul>\n<li>Silakkafileet:<\/li>\n<\/ul>\n<p>Tarjotin 220 gr: 1 kpl<\/p>\n<ul>\n<li>Silakkafileet oliivien kanssa:<\/li>\n<\/ul>\n<p>Tarjotin 220 gr: 1 kpl<\/p>\n","protected":false},"excerpt":{"rendered":"<p>ER\u00c4 1C: Korkealaatuiset kalas\u00e4ilykkeet, er\u00e4 koostuu seuraavista: Sardellifilee 45 g (3 kpl), Kantabrian anjovisfilee 120 g (1 kpl), Sardellifilee \u00f6ljyss\u00e4 200 g (1 kpl), Silakkafilee 220 g (1 kpl) ja Silakkafilee oliivien kanssa 220 g (1 kpl). SIS\u00c4LT\u00d6: Sardellifilee: Tripack 120 gr: 3 kpl Biskajanlahden sardellifileet\u00e4: Tarjotin 120 gr: 1 kpl Sardellifilee \u00f6ljyss\u00e4: Tarjotin 200 [&hellip;]<\/p>\n","protected":false},"featured_media":19293,"template":"","meta":{"_et_pb_use_builder":"","_et_pb_old_content":"","_et_gb_content_width":""},"product_brand":[1127],"product_cat":[1872,1896],"product_tag":[],"class_list":{"0":"post-19291","1":"product","2":"type-product","3":"status-publish","4":"has-post-thumbnail","6":"product_brand-picarpicar","7":"product_cat-kylma","8":"product_cat-sardellit-fi","9":"product_shipping_class-kylmalahetys","11":"first","12":"outofstock","13":"taxable","14":"shipping-taxable","15":"purchasable","16":"product-type-simple"},"_links":{"self":[{"href":"https:\/\/myspainfood.com\/fi\/wp-json\/wp\/v2\/product\/19291","targetHints":{"allow":["GET"]}}],"collection":[{"href":"https:\/\/myspainfood.com\/fi\/wp-json\/wp\/v2\/product"}],"about":[{"href":"https:\/\/myspainfood.com\/fi\/wp-json\/wp\/v2\/types\/product"}],"wp:featuredmedia":[{"embeddable":true,"href":"https:\/\/myspainfood.com\/fi\/wp-json\/wp\/v2\/media\/19293"}],"wp:attachment":[{"href":"https:\/\/myspainfood.com\/fi\/wp-json\/wp\/v2\/media?parent=19291"}],"wp:term":[{"taxonomy":"product_brand","embeddable":true,"href":"https:\/\/myspainfood.com\/fi\/wp-json\/wp\/v2\/product_brand?post=19291"},{"taxonomy":"product_cat","embeddable":true,"href":"https:\/\/myspainfood.com\/fi\/wp-json\/wp\/v2\/product_cat?post=19291"},{"taxonomy":"product_tag","embeddable":true,"href":"https:\/\/myspainfood.com\/fi\/wp-json\/wp\/v2\/product_tag?post=19291"}],"curies":[{"name":"wp","href":"https:\/\/api.w.org\/{rel}","templated":true}]}}