{"id":19364,"date":"2025-04-10T12:16:18","date_gmt":"2025-04-10T10:16:18","guid":{"rendered":"https:\/\/myspainfood.com\/producto\/sardiinit-auringonkukkaoljyssa-rias-baixas-855-g\/"},"modified":"2026-01-30T14:37:31","modified_gmt":"2026-01-30T13:37:31","slug":"sardiinit-auringonkukkaoljyssa-rias-baixas-855-g","status":"publish","type":"product","link":"https:\/\/myspainfood.com\/fi\/producto\/sardiinit-auringonkukkaoljyssa-rias-baixas-855-g\/","title":{"rendered":"Sardiinit auringonkukka\u00f6ljyss\u00e4 - Rias Baixas - 855 g"},"content":{"rendered":"<h3><strong>Sardiinit auringonkukka\u00f6ljyss\u00e4 - R\u00edas Baixas - 855 g<\/strong><\/h3>\n<p><strong>R\u00edas Baixasista per\u00e4isin olevat auringonkukka\u00f6ljyss\u00e4 olevat sardiinit<\/strong> valitaan ja pakataan huolellisesti, jotta niiden tuoreus ja luonnollinen maku s\u00e4ilyisiv\u00e4t ja jotta voit nauttia niiden koko mausta. Ne sopivat erinomaisesti salaatteihin, alkupaloihin tai perinteisiin resepteihin, ja ne erottuvat edukseen murean rakenteensa ja hienon makunsa ansiosta suussa. <\/p>\n<p>\u00c4l\u00e4 ep\u00e4r\u00f6i ja herkuttele itsellesi parhailla sardiineilla. Tutustu valikoimaamme <a href=\"https:\/\/latiendadesami.com\/categoria-producto\/conservas\/\" target=\"_blank\" rel=\"noopener noreferrer nofollow\"><b>s\u00e4ilykkeet<\/b> <\/a>  <\/p>\n<h4><strong>Miksi valita ne<\/strong><\/h4>\n<ul>\n<li><strong>Taattu alkuper\u00e4!<\/strong>  Pyydystetty Atlantin puhtaista ja runsaista vesist\u00e4 Galician R\u00edas Baixasissa.<\/li>\n<li><strong>Ensiluokkainen auringonkukka\u00f6ljy, joka tuo<\/strong>makuun pehmeytt\u00e4 ja tasapainoa.<\/li>\n<li><strong>Formaatti<\/strong>: 855 g:n t\u00f6lkki, ihanteellinen perheille tai erityistapahtumiin.<\/li>\n<\/ul>\n","protected":false},"excerpt":{"rendered":"<p>Sardiinit auringonkukka\u00f6ljyss\u00e4 - R\u00edas Baixas - 855 g R\u00edas Baixasista per\u00e4isin olevat auringonkukka\u00f6ljyss\u00e4 olevat sardiinit valitaan ja pakataan huolellisesti, jotta niiden tuoreus ja luonnollinen maku s\u00e4ilyisiv\u00e4t ja jotta voit nauttia niiden koko mausta. Ne sopivat erinomaisesti salaatteihin, alkupaloihin tai perinteisiin resepteihin, ja ne erottuvat edukseen murean rakenteensa ja hienon makunsa ansiosta suussa. \u00c4l\u00e4 ep\u00e4r\u00f6i ja [&hellip;]<\/p>\n","protected":false},"featured_media":19370,"template":"","meta":{"_et_pb_use_builder":"","_et_pb_old_content":"","_et_gb_content_width":""},"product_brand":[],"product_cat":[1945],"product_tag":[],"class_list":{"0":"post-19364","1":"product","2":"type-product","3":"status-publish","4":"has-post-thumbnail","6":"product_cat-sailyttaa","8":"first","9":"outofstock","10":"taxable","11":"shipping-taxable","12":"product-type-variable"},"_links":{"self":[{"href":"https:\/\/myspainfood.com\/fi\/wp-json\/wp\/v2\/product\/19364","targetHints":{"allow":["GET"]}}],"collection":[{"href":"https:\/\/myspainfood.com\/fi\/wp-json\/wp\/v2\/product"}],"about":[{"href":"https:\/\/myspainfood.com\/fi\/wp-json\/wp\/v2\/types\/product"}],"wp:featuredmedia":[{"embeddable":true,"href":"https:\/\/myspainfood.com\/fi\/wp-json\/wp\/v2\/media\/19370"}],"wp:attachment":[{"href":"https:\/\/myspainfood.com\/fi\/wp-json\/wp\/v2\/media?parent=19364"}],"wp:term":[{"taxonomy":"product_brand","embeddable":true,"href":"https:\/\/myspainfood.com\/fi\/wp-json\/wp\/v2\/product_brand?post=19364"},{"taxonomy":"product_cat","embeddable":true,"href":"https:\/\/myspainfood.com\/fi\/wp-json\/wp\/v2\/product_cat?post=19364"},{"taxonomy":"product_tag","embeddable":true,"href":"https:\/\/myspainfood.com\/fi\/wp-json\/wp\/v2\/product_tag?post=19364"}],"curies":[{"name":"wp","href":"https:\/\/api.w.org\/{rel}","templated":true}]}}