{"id":19395,"date":"2025-04-10T12:16:20","date_gmt":"2025-04-10T10:16:20","guid":{"rendered":"https:\/\/myspainfood.com\/producto\/ekstra-neitsytoliivioljy-3-karaffin-pakkaus-viejo-olivas-15-l\/"},"modified":"2026-01-29T12:35:22","modified_gmt":"2026-01-29T11:35:22","slug":"ekstra-neitsytoliivioljy-3-karaffin-pakkaus-viejo-olivas-15-l","status":"publish","type":"product","link":"https:\/\/myspainfood.com\/fi\/producto\/ekstra-neitsytoliivioljy-3-karaffin-pakkaus-viejo-olivas-15-l\/","title":{"rendered":"Ekstra-neitsytoliivi\u00f6ljy - 3 karaffin pakkaus - Viejo Olivas - 15 L"},"content":{"rendered":"<h3><strong>Ekstra-neitsytoliivi\u00f6ljy - 3 karaffin pakkaus - Viejo Olivas - 15 L<\/strong><\/h3>\n<p>Tutustu V\u00e4limeren rikkaaseen makuun <strong>Viejo Olivas Extra Virgin Olive Oil Pack -paketin<\/strong> avulla, joka sis\u00e4lt\u00e4\u00e4 kolme 5 litran pulloa. T\u00e4m\u00e4 \u00f6ljy on tulosta korkealaatuisten, perinteisill\u00e4 oliivitarhoilla kasvatettujen oliivien huolellisesta valinnasta. <strong>Kylm\u00e4uuttoprosessi<\/strong> takaa, ett\u00e4 jokainen pisara s\u00e4ilytt\u00e4\u00e4 kaikki ravitsemukselliset ominaisuudet ja poikkeuksellisen maun, joka on ominaista todelliselle ekstra-neitsytoliivi\u00f6ljylle.  <\/p>\n<p>Jokainen 5 litran karahvi on suunniteltu kokkien ja ruoan yst\u00e4vien tarpeisiin. Hedelm\u00e4isen aromin ja tasapainoisen makunsa ansiosta t\u00e4m\u00e4 \u00f6ljy sopii t\u00e4ydellisesti salaattien, marinadien ja pataruokien maun parantamiseen. Ihanteellinen jokap\u00e4iv\u00e4iseen k\u00e4ytt\u00f6\u00f6n, ja sen 15 litran muoto tarjoaa huomattavia s\u00e4\u00e4st\u00f6j\u00e4 laadusta tinkim\u00e4tt\u00e4, jotta sinulla on aina t\u00e4m\u00e4 V\u00e4limeren keitti\u00f6n olennainen ainesosa k\u00e4sill\u00e4.  <\/p>\n<p><strong>Miksi valita Viejo Olivas Extra Neitsytoliivi\u00f6ljy?<\/strong><\/p>\n<ul>\n<li><strong>Ensiluokkainen laatu<\/strong>: Jokainen karahvi valmistetaan valikoiduista oliiveista, ja tuloksena on \u00f6ljy, jolla on voimakas maku ja terveelliset ominaisuudet.<\/li>\n<li><strong>Monipuolinen k\u00e4ytt\u00f6<\/strong>: T\u00e4ydellinen ruoanlaittoon, maustamiseen ja ruokien maustamiseen.<\/li>\n<li><strong>Taloudellinen tehokkuus<\/strong>: Kun ostat pakettina, saat erinomaista vastinetta rahalle, mik\u00e4 on ihanteellista perheille tai hotelli- ja ravintola-alan yrityksille.<\/li>\n<\/ul>\n<p>Jos haluat tutustua oliivi\u00f6ljyjen hy\u00f6tyihin tarkemmin, k\u00e4y <a target=\"_new\" rel=\"noopener\">oliivi\u00f6ljyn hy\u00f6dyt-osiossa<\/a> ja selvit\u00e4, miten se voi parantaa terveytt\u00e4si ja reseptej\u00e4si. Jos haluat laajemman valikoiman, tutustu <a target=\"_new\" rel=\"noopener\">\u00f6ljyjen ja etikoiden<\/a> luokkaan, josta l\u00f6yd\u00e4t muita laadukkaita tuotteita, jotka t\u00e4ydent\u00e4v\u00e4t t\u00e4ydellisesti keitti\u00f6tasi.<\/p>\n<p>Valitsemalla <strong>Viejo Olivas Extra Neitsytoliivi\u00f6ljypakkauksen<\/strong> valitset paitsi laadun ja maun, my\u00f6s tuet kest\u00e4vi\u00e4 ja vastuullisia maatalousk\u00e4yt\u00e4nt\u00f6j\u00e4. Tartu tilaisuuteen ja tuo V\u00e4limeren perinteiden parhaat puolet p\u00f6yt\u00e4\u00e4n, tilaa jo t\u00e4n\u00e4\u00e4n ja tee jokaisesta ateriasta gourmet-el\u00e4mys!  <\/p>\n","protected":false},"excerpt":{"rendered":"<p>Ekstra-neitsytoliivi\u00f6ljy - 3 karaffin pakkaus - Viejo Olivas - 15 L Tutustu V\u00e4limeren rikkaaseen makuun Viejo Olivas Extra Virgin Olive Oil Pack -paketin avulla, joka sis\u00e4lt\u00e4\u00e4 kolme 5 litran pulloa. T\u00e4m\u00e4 \u00f6ljy on tulosta korkealaatuisten, perinteisill\u00e4 oliivitarhoilla kasvatettujen oliivien huolellisesta valinnasta. Kylm\u00e4uuttoprosessi takaa, ett\u00e4 jokainen pisara s\u00e4ilytt\u00e4\u00e4 kaikki ravitsemukselliset ominaisuudet ja poikkeuksellisen maun, joka on [&hellip;]<\/p>\n","protected":false},"featured_media":19143,"template":"","meta":{"_et_pb_use_builder":"","_et_pb_old_content":"","_et_gb_content_width":""},"product_brand":[1221],"product_cat":[2497,2496],"product_tag":[2498],"class_list":{"0":"post-19395","1":"product","2":"type-product","3":"status-publish","4":"has-post-thumbnail","6":"product_brand-valdezarza","7":"product_cat-ekstra-neitsytoliivi","8":"product_cat-oljy","9":"product_tag-oljy","11":"first","12":"outofstock","13":"featured","14":"taxable","15":"shipping-taxable","16":"purchasable","17":"product-type-simple"},"_links":{"self":[{"href":"https:\/\/myspainfood.com\/fi\/wp-json\/wp\/v2\/product\/19395","targetHints":{"allow":["GET"]}}],"collection":[{"href":"https:\/\/myspainfood.com\/fi\/wp-json\/wp\/v2\/product"}],"about":[{"href":"https:\/\/myspainfood.com\/fi\/wp-json\/wp\/v2\/types\/product"}],"wp:featuredmedia":[{"embeddable":true,"href":"https:\/\/myspainfood.com\/fi\/wp-json\/wp\/v2\/media\/19143"}],"wp:attachment":[{"href":"https:\/\/myspainfood.com\/fi\/wp-json\/wp\/v2\/media?parent=19395"}],"wp:term":[{"taxonomy":"product_brand","embeddable":true,"href":"https:\/\/myspainfood.com\/fi\/wp-json\/wp\/v2\/product_brand?post=19395"},{"taxonomy":"product_cat","embeddable":true,"href":"https:\/\/myspainfood.com\/fi\/wp-json\/wp\/v2\/product_cat?post=19395"},{"taxonomy":"product_tag","embeddable":true,"href":"https:\/\/myspainfood.com\/fi\/wp-json\/wp\/v2\/product_tag?post=19395"}],"curies":[{"name":"wp","href":"https:\/\/api.w.org\/{rel}","templated":true}]}}