{"id":19460,"date":"2025-04-10T12:16:30","date_gmt":"2025-04-10T10:16:30","guid":{"rendered":"https:\/\/myspainfood.com\/producto\/100-iberialaisen-tammenterholla-ruokitun-porsaan-ulkofilee-fili-500-g\/"},"modified":"2026-01-29T13:12:24","modified_gmt":"2026-01-29T12:12:24","slug":"100-iberialaisen-tammenterholla-ruokitun-porsaan-ulkofilee-fili-500-g","status":"publish","type":"product","link":"https:\/\/myspainfood.com\/fi\/producto\/100-iberialaisen-tammenterholla-ruokitun-porsaan-ulkofilee-fili-500-g\/","title":{"rendered":"100 % iberialaisen tammenterholla ruokitun porsaan ulkofilee - FILI - 500 g"},"content":{"rendered":"<h3>100 % iberialaisen tammenterholla ruokitun sianlihan ulkofilee - FILI - 800 g<\/h3>\n<p>800 gramman <strong>100 % iberialainen tammenterholla ruokittu porsaan ulkofilee - FILI<\/strong> on gourmet-herkku, joka on valmistettu luonnossa kasvatetuista ja tammenterhoilla ruokituista puhdasrotuisista iberialaisista sioista. T\u00e4m\u00e4 k\u00e4sity\u00f6l\u00e4isprosessi ja huolellinen kypsent\u00e4minen takaavat vertaansa vailla olevan maun ja mehev\u00e4n rakenteen. T\u00e4ydellinen iberialaisten tuotteiden yst\u00e4ville ja sis\u00e4lt\u00e4\u00e4 runsaasti terveellisi\u00e4 rasvahappoja.  <\/p>\n<p>Jos haluat lis\u00e4tietoja iberialaisten tuotteiden sy\u00f6misen eduista, k\u00e4y osoitteessa <a href=\"https:\/\/www.jamonlovers.es\" target=\"_new\" rel=\"noopener noreferrer nofollow\" target=\"_blank\">Jam\u00f3n Lovers<\/a>.<\/p>\n<p>Tutustu muihin vaihtoehtoihin kategorioissamme <a href=\"https:\/\/latiendadesami.com\/categoria-producto\/queso-embutido\/\" target=\"_blank\" rel=\"noopener noreferrer nofollow\"><span style=\"color: #2ea3f2;\">Makkarat<\/span><\/a><\/p>\n","protected":false},"excerpt":{"rendered":"<p>100 % iberialaisen tammenterholla ruokitun sianlihan ulkofilee - FILI - 800 g 800 gramman 100 % iberialainen tammenterholla ruokittu porsaan ulkofilee - FILI on gourmet-herkku, joka on valmistettu luonnossa kasvatetuista ja tammenterhoilla ruokituista puhdasrotuisista iberialaisista sioista. T\u00e4m\u00e4 k\u00e4sity\u00f6l\u00e4isprosessi ja huolellinen kypsent\u00e4minen takaavat vertaansa vailla olevan maun ja mehev\u00e4n rakenteen. T\u00e4ydellinen iberialaisten tuotteiden yst\u00e4ville ja sis\u00e4lt\u00e4\u00e4 [&hellip;]<\/p>\n","protected":false},"featured_media":19462,"template":"","meta":{"_et_pb_use_builder":"","_et_pb_old_content":"","_et_gb_content_width":""},"product_brand":[1388],"product_cat":[2301,2302],"product_tag":[],"class_list":{"0":"post-19460","1":"product","2":"type-product","3":"status-publish","4":"has-post-thumbnail","6":"product_brand-fili","7":"product_cat-juustoa-ja-makkaraa","8":"product_cat-makkara","10":"first","11":"outofstock","12":"taxable","13":"shipping-taxable","14":"purchasable","15":"product-type-simple"},"_links":{"self":[{"href":"https:\/\/myspainfood.com\/fi\/wp-json\/wp\/v2\/product\/19460","targetHints":{"allow":["GET"]}}],"collection":[{"href":"https:\/\/myspainfood.com\/fi\/wp-json\/wp\/v2\/product"}],"about":[{"href":"https:\/\/myspainfood.com\/fi\/wp-json\/wp\/v2\/types\/product"}],"wp:featuredmedia":[{"embeddable":true,"href":"https:\/\/myspainfood.com\/fi\/wp-json\/wp\/v2\/media\/19462"}],"wp:attachment":[{"href":"https:\/\/myspainfood.com\/fi\/wp-json\/wp\/v2\/media?parent=19460"}],"wp:term":[{"taxonomy":"product_brand","embeddable":true,"href":"https:\/\/myspainfood.com\/fi\/wp-json\/wp\/v2\/product_brand?post=19460"},{"taxonomy":"product_cat","embeddable":true,"href":"https:\/\/myspainfood.com\/fi\/wp-json\/wp\/v2\/product_cat?post=19460"},{"taxonomy":"product_tag","embeddable":true,"href":"https:\/\/myspainfood.com\/fi\/wp-json\/wp\/v2\/product_tag?post=19460"}],"curies":[{"name":"wp","href":"https:\/\/api.w.org\/{rel}","templated":true}]}}