{"id":19467,"date":"2025-04-10T12:16:34","date_gmt":"2025-04-10T10:16:34","guid":{"rendered":"https:\/\/myspainfood.com\/producto\/50-iberialaisen-sianlihan-tammenterhottu-kylki-fili-500-g\/"},"modified":"2026-01-30T08:25:05","modified_gmt":"2026-01-30T07:25:05","slug":"50-iberialaisen-sianlihan-tammenterhottu-kylki-fili-500-g","status":"publish","type":"product","link":"https:\/\/myspainfood.com\/fi\/producto\/50-iberialaisen-sianlihan-tammenterhottu-kylki-fili-500-g\/","title":{"rendered":"Makkararuokittu 50% iberialainen porsaan ulkofilee - Fili - 500 g"},"content":{"rendered":"<p>800 grammaa <strong>Iberian Acorn-fed 50% Acorn-fed Pork Loin - FILI<\/strong> on gourmet-herkku, joka on valmistettu luonnonvaraisesti kasvatetuista ja tammenterholla ruokituista puhdasrotuisista iberialaisista sioista. T\u00e4m\u00e4 k\u00e4sity\u00f6l\u00e4isprosessi ja huolellinen kypsytys tuottavat vertaansa vailla olevan maun ja mehev\u00e4n rakenteen. T\u00e4ydellinen iberialaisten tuotteiden yst\u00e4ville ja sis\u00e4lt\u00e4\u00e4 runsaasti terveellisi\u00e4 rasvahappoja.  <\/p>\n<p>Jos haluat lis\u00e4tietoja iberialaisten tuotteiden sy\u00f6misen eduista, k\u00e4y osoitteessa <a href=\"https:\/\/www.jamonlovers.es\" target=\"_new\" rel=\"noopener noreferrer nofollow\" target=\"_blank\">Jam\u00f3n Lovers<\/a>.<\/p>\n<p>Tutustu muihin vaihtoehtoihin kategorioissamme <a href=\"https:\/\/latiendadesami.com\/categoria-producto\/queso-embutido\/\" target=\"_blank\" rel=\"noopener noreferrer nofollow\"><span style=\"color: #2ea3f2;\">Makkarat<\/span><\/a><\/p>\n","protected":false},"excerpt":{"rendered":"<p>800 grammaa Iberian Acorn-fed 50% Acorn-fed Pork Loin - FILI on gourmet-herkku, joka on valmistettu luonnonvaraisesti kasvatetuista ja tammenterholla ruokituista puhdasrotuisista iberialaisista sioista. T\u00e4m\u00e4 k\u00e4sity\u00f6l\u00e4isprosessi ja huolellinen kypsytys tuottavat vertaansa vailla olevan maun ja mehev\u00e4n rakenteen. T\u00e4ydellinen iberialaisten tuotteiden yst\u00e4ville ja sis\u00e4lt\u00e4\u00e4 runsaasti terveellisi\u00e4 rasvahappoja. Jos haluat lis\u00e4tietoja iberialaisten tuotteiden sy\u00f6misen eduista, k\u00e4y osoitteessa Jam\u00f3n [&hellip;]<\/p>\n","protected":false},"featured_media":19471,"template":"","meta":{"_et_pb_use_builder":"","_et_pb_old_content":"","_et_gb_content_width":""},"product_brand":[],"product_cat":[2301,2302],"product_tag":[],"class_list":{"0":"post-19467","1":"product","2":"type-product","3":"status-publish","4":"has-post-thumbnail","6":"product_cat-juustoa-ja-makkaraa","7":"product_cat-makkara","9":"first","10":"outofstock","11":"taxable","12":"shipping-taxable","13":"purchasable","14":"product-type-simple"},"_links":{"self":[{"href":"https:\/\/myspainfood.com\/fi\/wp-json\/wp\/v2\/product\/19467","targetHints":{"allow":["GET"]}}],"collection":[{"href":"https:\/\/myspainfood.com\/fi\/wp-json\/wp\/v2\/product"}],"about":[{"href":"https:\/\/myspainfood.com\/fi\/wp-json\/wp\/v2\/types\/product"}],"wp:featuredmedia":[{"embeddable":true,"href":"https:\/\/myspainfood.com\/fi\/wp-json\/wp\/v2\/media\/19471"}],"wp:attachment":[{"href":"https:\/\/myspainfood.com\/fi\/wp-json\/wp\/v2\/media?parent=19467"}],"wp:term":[{"taxonomy":"product_brand","embeddable":true,"href":"https:\/\/myspainfood.com\/fi\/wp-json\/wp\/v2\/product_brand?post=19467"},{"taxonomy":"product_cat","embeddable":true,"href":"https:\/\/myspainfood.com\/fi\/wp-json\/wp\/v2\/product_cat?post=19467"},{"taxonomy":"product_tag","embeddable":true,"href":"https:\/\/myspainfood.com\/fi\/wp-json\/wp\/v2\/product_tag?post=19467"}],"curies":[{"name":"wp","href":"https:\/\/api.w.org\/{rel}","templated":true}]}}