{"id":19737,"date":"2025-04-10T12:14:40","date_gmt":"2025-04-10T10:14:40","guid":{"rendered":"https:\/\/myspainfood.com\/producto\/etelan-makrillifileet-ubago-oliivioljylla-105-gr\/"},"modified":"2026-01-30T14:23:55","modified_gmt":"2026-01-30T13:23:55","slug":"etelan-makrillifileet-ubago-oliivioljylla-105-gr","status":"publish","type":"product","link":"https:\/\/myspainfood.com\/fi\/producto\/etelan-makrillifileet-ubago-oliivioljylla-105-gr\/","title":{"rendered":"Etel\u00e4n makrillifileet - Ubago - Oliivi\u00f6ljyll\u00e4- 105 gr."},"content":{"rendered":"<h3><strong>Ubagon etel\u00e4iset makrillifileet oliivi\u00f6ljyn kanssa - perinteist\u00e4 laatua ja makua<\/strong><\/h3>\n<p>Tutustu <strong> <a href=\"https:\/\/ubagogroup.com\/\" target=\"_blank\" rel=\"noopener noreferrer nofollow\">Ubagon<\/a> etel\u00e4isiin makrillifileisiin oliivi\u00f6ljyss\u00e4<\/strong>, joka on herkku, jossa on runsaasti oliivi\u00f6ljy\u00e4. <a href=\"https:\/\/nutribiotica.es\/digestivo-y-nutricion\/omega-3-para-que-sirve\/\" target=\"_blank\" rel=\"noopener noreferrer nofollow\"><strong>omega-3<\/strong><\/a> ja proteiineja. T\u00e4m\u00e4 gourmet-s\u00e4ilyke sis\u00e4lt\u00e4\u00e4 Atlantin rannikolta pyydetty\u00e4 makrillia, joka on pakattu <strong>ekstra-neitsytoliivi\u00f6ljyyn<\/strong>, mik\u00e4 lis\u00e4\u00e4 sen makua ja tuoreutta.<\/p>\n<p>Ihanteellinen terveellisten reseptien valmistukseen tai salaattien ja v\u00e4lipalojen nauttimiseen. Lue lis\u00e4\u00e4 <strong>ekstra-neitsytoliivi\u00f6ljyn<\/strong> eduista <a href=\"https:\/\/latiendadesami.com\/category\/recetas\/\" rel=\"noopener noreferrer nofollow\" target=\"_blank\">gourmet-tuotteiden blogistamme<\/a>. <\/p>\n<p><strong>Tilaa jo t\u00e4n\u00e4\u00e4n ja nauti etel\u00e4rannikon aidosta mausta.<\/strong> Jos pid\u00e4t t\u00e4st\u00e4 tuotteesta, \u00e4l\u00e4 missaa valikoimastamme seuraavia tuotteita <strong><a href=\"https:\/\/latiendadesami.com\/categoria-producto\/conservas\/\" rel=\"noopener noreferrer nofollow\" target=\"_blank\">gourmet-s\u00e4ilykkeet<\/a><\/strong> tai l\u00f6yd\u00e4 muita herkullisia <strong><a href=\"https:\/\/latiendadesami.com\/categoria-producto\/queso-embutido\/\" rel=\"noopener noreferrer nofollow\" target=\"_blank\">tyypillisi\u00e4 espanjalaisia tuotteita<\/a><\/strong> kuten \u00f6ljyt, viinit, makkarat ja paljon muuta.<\/p>\n<p>Tutustu myym\u00e4l\u00e4\u00e4mme ja tuo espanjalaisen gastronomian parhaat puolet p\u00f6yt\u00e4\u00e4nne!<\/p>\n","protected":false},"excerpt":{"rendered":"<p>Ubagon etel\u00e4iset makrillifileet oliivi\u00f6ljyn kanssa - perinteist\u00e4 laatua ja makua<\/p>\n","protected":false},"featured_media":19746,"template":"","meta":{"_et_pb_use_builder":"","_et_pb_old_content":"","_et_gb_content_width":""},"product_brand":[],"product_cat":[1945,2184],"product_tag":[],"class_list":{"0":"post-19737","1":"product","2":"type-product","3":"status-publish","4":"has-post-thumbnail","6":"product_cat-sailyttaa","7":"product_cat-testausluokka","9":"first","10":"instock","11":"taxable","12":"shipping-taxable","13":"purchasable","14":"product-type-variable"},"_links":{"self":[{"href":"https:\/\/myspainfood.com\/fi\/wp-json\/wp\/v2\/product\/19737","targetHints":{"allow":["GET"]}}],"collection":[{"href":"https:\/\/myspainfood.com\/fi\/wp-json\/wp\/v2\/product"}],"about":[{"href":"https:\/\/myspainfood.com\/fi\/wp-json\/wp\/v2\/types\/product"}],"wp:featuredmedia":[{"embeddable":true,"href":"https:\/\/myspainfood.com\/fi\/wp-json\/wp\/v2\/media\/19746"}],"wp:attachment":[{"href":"https:\/\/myspainfood.com\/fi\/wp-json\/wp\/v2\/media?parent=19737"}],"wp:term":[{"taxonomy":"product_brand","embeddable":true,"href":"https:\/\/myspainfood.com\/fi\/wp-json\/wp\/v2\/product_brand?post=19737"},{"taxonomy":"product_cat","embeddable":true,"href":"https:\/\/myspainfood.com\/fi\/wp-json\/wp\/v2\/product_cat?post=19737"},{"taxonomy":"product_tag","embeddable":true,"href":"https:\/\/myspainfood.com\/fi\/wp-json\/wp\/v2\/product_tag?post=19737"}],"curies":[{"name":"wp","href":"https:\/\/api.w.org\/{rel}","templated":true}]}}