{"id":19843,"date":"2025-04-10T12:16:17","date_gmt":"2025-04-10T10:16:17","guid":{"rendered":"https:\/\/myspainfood.com\/producto\/savustettu-norjalainen-lohi-port-faroe-600-g\/"},"modified":"2026-01-30T14:33:51","modified_gmt":"2026-01-30T13:33:51","slug":"savustettu-norjalainen-lohi-port-faroe-600-g","status":"publish","type":"product","link":"https:\/\/myspainfood.com\/fi\/producto\/savustettu-norjalainen-lohi-port-faroe-600-g\/","title":{"rendered":"Savustettu norjalainen lohi - Port Faroe - 600 g"},"content":{"rendered":"<h3><strong>Savustettu norjalainen lohi - Port Faroe - 600 g<\/strong><\/h3>\n<p><strong>  Nyt voit nauttia ensiluokkaisen lohen tuoreudesta ja laadusta.<\/strong><\/p>\n<p><strong>Savustettu norjalainen lohi - Port Faroe<\/strong> yhdist\u00e4\u00e4 perinteet ja maun, ihanteellinen gourmet-resepteihin. Se on per\u00e4isin kristallinkirkkaista vesist\u00e4, ja sen savustettu maku on mieto ja tasapainoinen. <\/p>\n<h4><strong>T\u00e4rkeimm\u00e4t edut:<\/strong><\/h4>\n<ul>\n<li><strong>Sertifioitu alkuper\u00e4<\/strong>: Puhtaat ja kest\u00e4v\u00e4t vedet Norjasta ja F\u00e4rsaarten satamasta.<\/li>\n<li><strong>Runsaasti omega-3:a<\/strong>: T\u00e4ydellinen terveelliseen ja tasapainoiseen ruokavalioon.<\/li>\n<li><strong>Helppo k\u00e4ytt\u00e4\u00e4<\/strong>: Valmis salaateille, sushille tai v\u00e4lipaloille.<\/li>\n<\/ul>\n<p><strong>Rakastatko gourmet-ruokaa? Tutustu my\u00f6s <a href=\"https:\/\/latiendadesami.com\/\" rel=\"noopener noreferrer nofollow\" target=\"_blank\">muihin premium-tuotteisiin myym\u00e4l\u00e4ss\u00e4mme<\/a>. <\/strong><\/p>\n","protected":false},"excerpt":{"rendered":"<p>Savustettu norjalainen lohi - Port Faroe - 600 g Nyt voit nauttia ensiluokkaisen lohen tuoreudesta ja laadusta. Savustettu norjalainen lohi - Port Faroe yhdist\u00e4\u00e4 perinteet ja maun, ihanteellinen gourmet-resepteihin. Se on per\u00e4isin kristallinkirkkaista vesist\u00e4, ja sen savustettu maku on mieto ja tasapainoinen. T\u00e4rkeimm\u00e4t edut: Sertifioitu alkuper\u00e4: Puhtaat ja kest\u00e4v\u00e4t vedet Norjasta ja F\u00e4rsaarten satamasta. Runsaasti [&hellip;]<\/p>\n","protected":false},"featured_media":19849,"template":"","meta":{"_et_pb_use_builder":"","_et_pb_old_content":"","_et_gb_content_width":""},"product_brand":[],"product_cat":[2184],"product_tag":[],"class_list":{"0":"post-19843","1":"product","2":"type-product","3":"status-publish","4":"has-post-thumbnail","6":"product_cat-testausluokka","8":"first","9":"outofstock","10":"taxable","11":"shipping-taxable","12":"product-type-variable"},"_links":{"self":[{"href":"https:\/\/myspainfood.com\/fi\/wp-json\/wp\/v2\/product\/19843","targetHints":{"allow":["GET"]}}],"collection":[{"href":"https:\/\/myspainfood.com\/fi\/wp-json\/wp\/v2\/product"}],"about":[{"href":"https:\/\/myspainfood.com\/fi\/wp-json\/wp\/v2\/types\/product"}],"wp:featuredmedia":[{"embeddable":true,"href":"https:\/\/myspainfood.com\/fi\/wp-json\/wp\/v2\/media\/19849"}],"wp:attachment":[{"href":"https:\/\/myspainfood.com\/fi\/wp-json\/wp\/v2\/media?parent=19843"}],"wp:term":[{"taxonomy":"product_brand","embeddable":true,"href":"https:\/\/myspainfood.com\/fi\/wp-json\/wp\/v2\/product_brand?post=19843"},{"taxonomy":"product_cat","embeddable":true,"href":"https:\/\/myspainfood.com\/fi\/wp-json\/wp\/v2\/product_cat?post=19843"},{"taxonomy":"product_tag","embeddable":true,"href":"https:\/\/myspainfood.com\/fi\/wp-json\/wp\/v2\/product_tag?post=19843"}],"curies":[{"name":"wp","href":"https:\/\/api.w.org\/{rel}","templated":true}]}}