{"id":19907,"date":"2025-04-10T12:16:17","date_gmt":"2025-04-10T10:16:17","guid":{"rendered":"https:\/\/myspainfood.com\/producto\/san-isidro-puolikypsa-juusto-3-kg-noin\/"},"modified":"2026-01-30T14:35:04","modified_gmt":"2026-01-30T13:35:04","slug":"san-isidro-puolikypsa-juusto-3-kg-noin","status":"publish","type":"product","link":"https:\/\/myspainfood.com\/fi\/producto\/san-isidro-puolikypsa-juusto-3-kg-noin\/","title":{"rendered":"Puolikuivattu juusto San Isidro - 3 kg (noin)"},"content":{"rendered":"<h3><strong>San Isidro puolivalmisteinen juusto - 3 kg<\/strong><\/h3>\n<p><strong>San Isidro Puolikuivattu juusto<\/strong> 3,4 kg on ihanteellinen valinta perinteisten juustojen yst\u00e4ville. Tasapainoisen kypsymisen, kermaisen rakenteen ja miedon maun, jossa on voimakkaita vivahteita, ansiosta se sopii t\u00e4ydellisesti kaikkiin tilaisuuksiin. <\/p>\n<h4><strong>T\u00e4rkeimm\u00e4t ominaisuudet:<\/strong><\/h4>\n<ul>\n<li><strong>Ihannepaino<\/strong>: 3,4 kg, suunniteltu jaettavaksi tai nautittavaksi suurissa tilaisuuksissa.<\/li>\n<li><strong>K\u00e4sity\u00f6l\u00e4istuotanto<\/strong>: Paikallisten juustonvalmistusperinteiden kunnioittaminen.<\/li>\n<li><strong>Ainutlaatuinen maku<\/strong>: mietoja maitomaisia s\u00e4vyj\u00e4, jotka erottuvat kypsyyspisteest\u00e4.<\/li>\n<\/ul>\n<p>Tarjoile <a href=\"https:\/\/latiendadesami.com\/categoria-producto\/queso-embutido\/\" rel=\"noopener noreferrer nofollow\" target=\"_blank\">iberialaisten suolattujen lihojen<\/a> kanssa t\u00e4ydellist\u00e4 juustolautaa varten.<\/p>\n","protected":false},"excerpt":{"rendered":"<p>San Isidro puolivalmisteinen juusto - 3 kg San Isidro Puolikuivattu juusto 3,4 kg on ihanteellinen valinta perinteisten juustojen yst\u00e4ville. Tasapainoisen kypsymisen, kermaisen rakenteen ja miedon maun, jossa on voimakkaita vivahteita, ansiosta se sopii t\u00e4ydellisesti kaikkiin tilaisuuksiin. T\u00e4rkeimm\u00e4t ominaisuudet: Ihannepaino: 3,4 kg, suunniteltu jaettavaksi tai nautittavaksi suurissa tilaisuuksissa. K\u00e4sity\u00f6l\u00e4istuotanto: Paikallisten juustonvalmistusperinteiden kunnioittaminen. Ainutlaatuinen maku: mietoja maitomaisia [&hellip;]<\/p>\n","protected":false},"featured_media":19912,"template":"","meta":{"_et_pb_use_builder":"","_et_pb_old_content":"","_et_gb_content_width":""},"product_brand":[],"product_cat":[2301,5735],"product_tag":[],"class_list":{"0":"post-19907","1":"product","2":"type-product","3":"status-publish","4":"has-post-thumbnail","6":"product_cat-juustoa-ja-makkaraa","7":"product_cat-kovettuminen-fi","9":"first","10":"instock","11":"taxable","12":"shipping-taxable","13":"purchasable","14":"product-type-variable"},"_links":{"self":[{"href":"https:\/\/myspainfood.com\/fi\/wp-json\/wp\/v2\/product\/19907","targetHints":{"allow":["GET"]}}],"collection":[{"href":"https:\/\/myspainfood.com\/fi\/wp-json\/wp\/v2\/product"}],"about":[{"href":"https:\/\/myspainfood.com\/fi\/wp-json\/wp\/v2\/types\/product"}],"wp:featuredmedia":[{"embeddable":true,"href":"https:\/\/myspainfood.com\/fi\/wp-json\/wp\/v2\/media\/19912"}],"wp:attachment":[{"href":"https:\/\/myspainfood.com\/fi\/wp-json\/wp\/v2\/media?parent=19907"}],"wp:term":[{"taxonomy":"product_brand","embeddable":true,"href":"https:\/\/myspainfood.com\/fi\/wp-json\/wp\/v2\/product_brand?post=19907"},{"taxonomy":"product_cat","embeddable":true,"href":"https:\/\/myspainfood.com\/fi\/wp-json\/wp\/v2\/product_cat?post=19907"},{"taxonomy":"product_tag","embeddable":true,"href":"https:\/\/myspainfood.com\/fi\/wp-json\/wp\/v2\/product_tag?post=19907"}],"curies":[{"name":"wp","href":"https:\/\/api.w.org\/{rel}","templated":true}]}}