{"id":20005,"date":"2025-04-10T12:16:17","date_gmt":"2025-04-10T10:16:17","guid":{"rendered":"https:\/\/myspainfood.com\/producto\/raaka-lampaanmaitojuusto-flor-esgueva-1-kg\/"},"modified":"2026-01-30T14:35:59","modified_gmt":"2026-01-30T13:35:59","slug":"raaka-lampaanmaitojuusto-flor-esgueva-1-kg","status":"publish","type":"product","link":"https:\/\/myspainfood.com\/fi\/producto\/raaka-lampaanmaitojuusto-flor-esgueva-1-kg\/","title":{"rendered":"Raaka lampaanmaitojuusto - Flor Esgueva - 1 kg"},"content":{"rendered":"<h3><strong>Raaka lampaanmaitojuusto - Flor Esgueva - 1 kg<\/strong><\/h3>\n<p><strong>Raaka lampaanmaitojuusto Flor Esgueva<\/strong> on espanjalaisten k\u00e4sity\u00f6l\u00e4isjuustojen vertailukohde. Se on valmistettu valikoitujen lampaiden raakamaidosta, ja se erottuu edukseen kiinte\u00e4n rakenteensa, voimakkaan arominsa ja makunsa ansiosta, jossa yhdistyv\u00e4t maitomaiset s\u00e4vyt ja t\u00e4ydellinen ripaus kypsyytt\u00e4. <\/p>\n<h4><strong>Miksi valita Flor Esgueva<\/strong><\/h4>\n<ul>\n<li><strong>Raaka lampaanmaito<\/strong>: Aito maku ja luonnolliset ominaisuudet s\u00e4ilyv\u00e4t.<\/li>\n<li><strong>Perinteinen kypsytys<\/strong>: kellareissa parannettu ainutlaatuisen makuprofiilin aikaansaamiseksi.<\/li>\n<li><strong>Ihanteellinen koko<\/strong>: T\u00e4ydellinen jaettavaksi tai nautittavaksi erilaisissa resepteiss\u00e4.<\/li>\n<\/ul>\n","protected":false},"excerpt":{"rendered":"<p>Raaka lampaanmaitojuusto - Flor Esgueva - 1 kg Raaka lampaanmaitojuusto Flor Esgueva on espanjalaisten k\u00e4sity\u00f6l\u00e4isjuustojen vertailukohde. Se on valmistettu valikoitujen lampaiden raakamaidosta, ja se erottuu edukseen kiinte\u00e4n rakenteensa, voimakkaan arominsa ja makunsa ansiosta, jossa yhdistyv\u00e4t maitomaiset s\u00e4vyt ja t\u00e4ydellinen ripaus kypsyytt\u00e4. Miksi valita Flor Esgueva Raaka lampaanmaito: Aito maku ja luonnolliset ominaisuudet s\u00e4ilyv\u00e4t. Perinteinen kypsytys: [&hellip;]<\/p>\n","protected":false},"featured_media":20010,"template":"","meta":{"_et_pb_use_builder":"","_et_pb_old_content":"","_et_gb_content_width":""},"product_brand":[],"product_cat":[2301],"product_tag":[],"class_list":{"0":"post-20005","1":"product","2":"type-product","3":"status-publish","4":"has-post-thumbnail","6":"product_cat-juustoa-ja-makkaraa","8":"first","9":"outofstock","10":"taxable","11":"shipping-taxable","12":"product-type-variable"},"_links":{"self":[{"href":"https:\/\/myspainfood.com\/fi\/wp-json\/wp\/v2\/product\/20005","targetHints":{"allow":["GET"]}}],"collection":[{"href":"https:\/\/myspainfood.com\/fi\/wp-json\/wp\/v2\/product"}],"about":[{"href":"https:\/\/myspainfood.com\/fi\/wp-json\/wp\/v2\/types\/product"}],"wp:featuredmedia":[{"embeddable":true,"href":"https:\/\/myspainfood.com\/fi\/wp-json\/wp\/v2\/media\/20010"}],"wp:attachment":[{"href":"https:\/\/myspainfood.com\/fi\/wp-json\/wp\/v2\/media?parent=20005"}],"wp:term":[{"taxonomy":"product_brand","embeddable":true,"href":"https:\/\/myspainfood.com\/fi\/wp-json\/wp\/v2\/product_brand?post=20005"},{"taxonomy":"product_cat","embeddable":true,"href":"https:\/\/myspainfood.com\/fi\/wp-json\/wp\/v2\/product_cat?post=20005"},{"taxonomy":"product_tag","embeddable":true,"href":"https:\/\/myspainfood.com\/fi\/wp-json\/wp\/v2\/product_tag?post=20005"}],"curies":[{"name":"wp","href":"https:\/\/api.w.org\/{rel}","templated":true}]}}