{"id":20122,"date":"2025-04-10T12:10:53","date_gmt":"2025-04-10T10:10:53","guid":{"rendered":"https:\/\/myspainfood.com\/producto\/meren-herkut-45-kpl\/"},"modified":"2025-06-24T13:06:39","modified_gmt":"2025-06-24T11:06:39","slug":"meren-herkut-45-kpl","status":"publish","type":"product","link":"https:\/\/myspainfood.com\/fi\/producto\/meren-herkut-45-kpl\/","title":{"rendered":"Meren herkut 45 kpl"},"content":{"rendered":"<p>\u00d6ljy\u00e4 (85 % auringonkukka- ja 15 % oliivi\u00f6ljy\u00e4), anjoviksella t\u00e4ytettyj\u00e4 oliiveja, keitettyj\u00e4 katkarapuja ja paprikaa.<\/p>\n","protected":false},"excerpt":{"rendered":"<p>\u00d6ljy\u00e4 (85 % auringonkukka- ja 15 % oliivi\u00f6ljy\u00e4), anjoviksella t\u00e4ytettyj\u00e4 oliiveja, keitettyj\u00e4 katkarapuja ja paprikaa.<\/p>\n","protected":false},"featured_media":20124,"template":"","meta":{"_et_pb_use_builder":"","_et_pb_old_content":"","_et_gb_content_width":""},"product_brand":[1277],"product_cat":[1872,1781,1779,1874,2815],"product_tag":[],"class_list":{"0":"post-20122","1":"product","2":"type-product","3":"status-publish","4":"has-post-thumbnail","6":"product_brand-bokeo","7":"product_cat-kylma","8":"product_cat-oliivit","9":"product_cat-pikkelsia","10":"product_cat-pintxos-fi","11":"product_cat-sardellit-fi-2","12":"product_shipping_class-kylmalahetys","14":"first","15":"outofstock","16":"taxable","17":"shipping-taxable","18":"purchasable","19":"product-type-simple"},"_links":{"self":[{"href":"https:\/\/myspainfood.com\/fi\/wp-json\/wp\/v2\/product\/20122","targetHints":{"allow":["GET"]}}],"collection":[{"href":"https:\/\/myspainfood.com\/fi\/wp-json\/wp\/v2\/product"}],"about":[{"href":"https:\/\/myspainfood.com\/fi\/wp-json\/wp\/v2\/types\/product"}],"wp:featuredmedia":[{"embeddable":true,"href":"https:\/\/myspainfood.com\/fi\/wp-json\/wp\/v2\/media\/20124"}],"wp:attachment":[{"href":"https:\/\/myspainfood.com\/fi\/wp-json\/wp\/v2\/media?parent=20122"}],"wp:term":[{"taxonomy":"product_brand","embeddable":true,"href":"https:\/\/myspainfood.com\/fi\/wp-json\/wp\/v2\/product_brand?post=20122"},{"taxonomy":"product_cat","embeddable":true,"href":"https:\/\/myspainfood.com\/fi\/wp-json\/wp\/v2\/product_cat?post=20122"},{"taxonomy":"product_tag","embeddable":true,"href":"https:\/\/myspainfood.com\/fi\/wp-json\/wp\/v2\/product_tag?post=20122"}],"curies":[{"name":"wp","href":"https:\/\/api.w.org\/{rel}","templated":true}]}}