{"id":20297,"date":"2025-04-10T12:10:56","date_gmt":"2025-04-10T10:10:56","guid":{"rendered":"https:\/\/myspainfood.com\/producto\/oliivi-sabrosita-aguedo-2-kg-nettopaino\/"},"modified":"2025-04-10T12:10:56","modified_gmt":"2025-04-10T10:10:56","slug":"oliivi-sabrosita-aguedo-2-kg-nettopaino","status":"publish","type":"product","link":"https:\/\/myspainfood.com\/fi\/producto\/oliivi-sabrosita-aguedo-2-kg-nettopaino\/","title":{"rendered":"Oliivi Sabrosita Aguedo 2 kg nettopaino"},"content":{"rendered":"<p>ACEITUNAS AGUEDO takaa tuotteidemme erinomaisuuden yhdist\u00e4m\u00e4ll\u00e4 perinteet ja uudet teknologiat. Tarjoamme ammattitaitoa, joka perustuu jatkuvasti kasvavaan perheyritykseen, jonka ainoa tavoite on asiakkaidemme tyytyv\u00e4isyys. <\/p>\n<p>Valvomme kaikkia tuotantoprosesseja alusta loppuun, sill\u00e4 vain n\u00e4in saavutamme MAKSIMITUOTTEET.<\/p>\n","protected":false},"excerpt":{"rendered":"<p>ACEITUNAS AGUEDO takaa tuotteidemme erinomaisuuden yhdist\u00e4m\u00e4ll\u00e4 perinteet ja uudet teknologiat. Tarjoamme ammattitaitoa, joka perustuu jatkuvasti kasvavaan perheyritykseen, jonka ainoa tavoite on asiakkaidemme tyytyv\u00e4isyys. Valvomme kaikkia tuotantoprosesseja alusta loppuun, sill\u00e4 vain n\u00e4in saavutamme MAKSIMITUOTTEET.<\/p>\n","protected":false},"featured_media":20299,"template":"","meta":{"_et_pb_use_builder":"","_et_pb_old_content":"","_et_gb_content_width":""},"product_brand":[],"product_cat":[1781,1779],"product_tag":[2043],"class_list":{"0":"post-20297","1":"product","2":"type-product","3":"status-publish","4":"has-post-thumbnail","6":"product_cat-oliivit","7":"product_cat-pikkelsia","8":"product_tag-kamomilla","10":"first","11":"instock","12":"taxable","13":"shipping-taxable","14":"purchasable","15":"product-type-simple"},"_links":{"self":[{"href":"https:\/\/myspainfood.com\/fi\/wp-json\/wp\/v2\/product\/20297","targetHints":{"allow":["GET"]}}],"collection":[{"href":"https:\/\/myspainfood.com\/fi\/wp-json\/wp\/v2\/product"}],"about":[{"href":"https:\/\/myspainfood.com\/fi\/wp-json\/wp\/v2\/types\/product"}],"wp:featuredmedia":[{"embeddable":true,"href":"https:\/\/myspainfood.com\/fi\/wp-json\/wp\/v2\/media\/20299"}],"wp:attachment":[{"href":"https:\/\/myspainfood.com\/fi\/wp-json\/wp\/v2\/media?parent=20297"}],"wp:term":[{"taxonomy":"product_brand","embeddable":true,"href":"https:\/\/myspainfood.com\/fi\/wp-json\/wp\/v2\/product_brand?post=20297"},{"taxonomy":"product_cat","embeddable":true,"href":"https:\/\/myspainfood.com\/fi\/wp-json\/wp\/v2\/product_cat?post=20297"},{"taxonomy":"product_tag","embeddable":true,"href":"https:\/\/myspainfood.com\/fi\/wp-json\/wp\/v2\/product_tag?post=20297"}],"curies":[{"name":"wp","href":"https:\/\/api.w.org\/{rel}","templated":true}]}}