{"id":20442,"date":"2025-04-10T12:11:01","date_gmt":"2025-04-10T10:11:01","guid":{"rendered":"https:\/\/myspainfood.com\/producto\/campo-real-oliivit-45-kg-10-kuutiota\/"},"modified":"2025-09-02T10:49:32","modified_gmt":"2025-09-02T08:49:32","slug":"campo-real-oliivit-45-kg-10-kuutiota","status":"publish","type":"product","link":"https:\/\/myspainfood.com\/fi\/producto\/campo-real-oliivit-45-kg-10-kuutiota\/","title":{"rendered":"Campo Real oliivit 4,5 kg 10 kuutiota"},"content":{"rendered":"<p>Jos Campo Realin kunta on tunnettu jostakin, se on tunnettu kuuluisista Campo Real -oliiveistaan 4,5 kg.<\/p>\n<p>Manzanilla de Campo Real- ja cacere\u00f1a-lajikkeisiin kuuluvien oliivien salaisuus piilee sadan vuoden ik\u00e4isiss\u00e4 oliivipuissa, joista ne ovat per\u00e4isin, oliivinviljelij\u00f6iden kokemuksessa ja oliivien maustamisessa.<\/p>\n<p>T\u00e4m\u00e4 oliivien ja suolakurkkujen <a href=\"https:\/\/www.google.com\/search?q=revuelto+aceitunas+s%C3%A1ngar&amp;sxsrf=APq-WBt1wkTZta0IAEDoueZPBxEuaY8Dtw:1644308614563&amp;source=lnms&amp;tbm=isch&amp;sa=X&amp;ved=2ahUKEwjouvz21u_1AhVV_rsIHacjBd0Q_AUoAXoECAEQAw&amp;biw=1577&amp;bih=780&amp;dpr=1\" target=\"_blank\" rel=\"noopener noreferrer nofollow\">yhdistelm\u00e4<\/a> mahdollistaa ly\u00f6m\u00e4tt\u00f6m\u00e4n maun nauttimisen tapaksissa tai alkupaloissa.<\/p>\n<p>Se on eritt\u00e4in terveellinen lis\u00e4 perinteiseen ravitsevaan V\u00e4limeren ruokavalioon.<\/p>\n<p>Espanjassa k\u00e4ytet\u00e4\u00e4n oliiveja, kurkkuja, almagro-munakoisoja, porkkanoita, sipuleita, hyvin perinteisi\u00e4 kapriksia, valkosipulia tai jopa niiden sekoitusta.<\/p>\n<p>Niit\u00e4 tarjoillaan usein tapaksina oluen kanssa (ei viinin, koska ne sis\u00e4lt\u00e4v\u00e4t etikkaa).<\/p>\n<p>Suolakurkkujen k\u00e4ytt\u00f6 on muuttunut ikivanhasta ruoan s\u00e4il\u00f6nt\u00e4tekniikasta kaikkialla maailmassa yhdeksi Espanjan gastronomian suosituimmista tapaksista tai alkupaloista.<\/p>\n<h3><strong>Campo Real Olive 4,5 kg:n edut<\/strong><\/h3>\n<p>Tiesitk\u00f6 Campo Real Olives 4,5 kg:n ja yleens\u00e4 suolakurkkujen hy\u00f6dyt? T\u00e4ss\u00e4 on luettelo t\u00e4rkeimmist\u00e4: <\/p>\n<ul>\n<li>Runsaasti probiootteja.<\/li>\n<li>Ne edist\u00e4v\u00e4t ruoansulatusta.<\/li>\n<li>Ne vahvistavat immuunij\u00e4rjestelm\u00e4\u00e4.<\/li>\n<li>Ne v\u00e4hent\u00e4v\u00e4t sokerinhimoa.<\/li>\n<li>Suotuisa sappirakolle.<\/li>\n<\/ul>\n<p>&nbsp;<\/p>\n<p>Jos haluat ostaa oliiveja tai muita <a href=\"https:\/\/latiendadesami.com\/categoria-producto\/encurtidos\/\" rel=\"noopener noreferrer nofollow\" target=\"_blank\">suolakurkkuja<\/a>, \u00e4l\u00e4 ep\u00e4r\u00f6i tutustua verkkoluetteloomme, josta n\u00e4et laajan valikoiman <a href=\"https:\/\/latiendadesami.com\/categoria-producto\/encurtidos\/aceitunas\/\" target=\"_blank\" rel=\"noopener noreferrer nofollow\">oliiveja<\/a>.<\/p>\n<p>Kirjoita meille saadaksesi lis\u00e4tietoja.<\/p>\n","protected":false},"excerpt":{"rendered":"<p>Jos Campo Realin kunta on tunnettu jostakin, se on tunnettu kuuluisista Campo Real -oliiveistaan 4,5 kg. Manzanilla de Campo Real- ja cacere\u00f1a-lajikkeisiin kuuluvien oliivien salaisuus piilee sadan vuoden ik\u00e4isiss\u00e4 oliivipuissa, joista ne ovat per\u00e4isin, oliivinviljelij\u00f6iden kokemuksessa ja oliivien maustamisessa. T\u00e4m\u00e4 oliivien ja suolakurkkujen yhdistelm\u00e4 mahdollistaa ly\u00f6m\u00e4tt\u00f6m\u00e4n maun nauttimisen tapaksissa tai alkupaloissa. Se on eritt\u00e4in terveellinen [&hellip;]<\/p>\n","protected":false},"featured_media":20448,"template":"","meta":{"_et_pb_use_builder":"","_et_pb_old_content":"","_et_gb_content_width":""},"product_brand":[1069],"product_cat":[3141,3003],"product_tag":[3143],"class_list":{"0":"post-20442","1":"product","2":"type-product","3":"status-publish","4":"has-post-thumbnail","6":"product_brand-sangar","7":"product_cat-pikkelsia-fi","8":"product_cat-tukku","9":"product_tag-campo-real-fi","10":"product_shipping_class-kylmalahetys","12":"first","13":"instock","14":"taxable","15":"shipping-taxable","16":"product-type-variable"},"_links":{"self":[{"href":"https:\/\/myspainfood.com\/fi\/wp-json\/wp\/v2\/product\/20442","targetHints":{"allow":["GET"]}}],"collection":[{"href":"https:\/\/myspainfood.com\/fi\/wp-json\/wp\/v2\/product"}],"about":[{"href":"https:\/\/myspainfood.com\/fi\/wp-json\/wp\/v2\/types\/product"}],"wp:featuredmedia":[{"embeddable":true,"href":"https:\/\/myspainfood.com\/fi\/wp-json\/wp\/v2\/media\/20448"}],"wp:attachment":[{"href":"https:\/\/myspainfood.com\/fi\/wp-json\/wp\/v2\/media?parent=20442"}],"wp:term":[{"taxonomy":"product_brand","embeddable":true,"href":"https:\/\/myspainfood.com\/fi\/wp-json\/wp\/v2\/product_brand?post=20442"},{"taxonomy":"product_cat","embeddable":true,"href":"https:\/\/myspainfood.com\/fi\/wp-json\/wp\/v2\/product_cat?post=20442"},{"taxonomy":"product_tag","embeddable":true,"href":"https:\/\/myspainfood.com\/fi\/wp-json\/wp\/v2\/product_tag?post=20442"}],"curies":[{"name":"wp","href":"https:\/\/api.w.org\/{rel}","templated":true}]}}