{"id":21337,"date":"2025-04-10T12:10:23","date_gmt":"2025-04-10T10:10:23","guid":{"rendered":"https:\/\/myspainfood.com\/producto\/piquillo-paprikat-salaatti-15-kg\/"},"modified":"2025-04-10T12:10:23","modified_gmt":"2025-04-10T10:10:23","slug":"piquillo-paprikat-salaatti-15-kg","status":"publish","type":"product","link":"https:\/\/myspainfood.com\/fi\/producto\/piquillo-paprikat-salaatti-15-kg\/","title":{"rendered":"Piquillo paprikat salaatti 1,5 kg"},"content":{"rendered":"<p><a href=\"https:\/\/www.alsurvegetales.com\/producto\/id\/35\/pimiento-del-piquillo\" target=\"_blank\" rel=\"noopener noreferrer nofollow\">Alsurin<\/a> piquillopippurisalaatti valmistetaan makeasta s\u00e4ilykepippurista.<\/p>\n<p>Pippuri on tunnettu korkeasta laadustaan ja hyvin erityisest\u00e4 maustaan, jossa on ripaus mausteisuutta.<\/p>\n<p>Niille on ominaista my\u00f6s niiden voimakas punainen v\u00e4ri, ainutlaatuinen rakenne, koko ja erityinen pitk\u00e4nomainen kolmion muoto.<\/p>\n<p>Ainesosat: Piquillo paprika, sipuli, vesi, sokeri, suola, etikka ja sitruunahappo.<\/p>\n<p>Ruukun nettopaino on 410 grammaa.<\/p>\n<p>S\u00e4ilyt\u00e4 viile\u00e4ss\u00e4, kuivassa paikassa. Kun olet avannut, siirr\u00e4 metallittomaan astiaan, s\u00e4ilyt\u00e4 j\u00e4\u00e4kaapissa ja kuluta 7 p\u00e4iv\u00e4n kuluessa. <\/p>\n<p>Alsur on perheyritys, jossa ruoka on p\u00e4\u00e4henkil\u00f6.<\/p>\n<h4>S\u00e4ilykkeiden t\u00e4rkeimm\u00e4t edut<\/h4>\n<ol>\n<li>Ne s\u00e4ilytt\u00e4v\u00e4t kaikki elintarvikkeen ravitsemukselliset ominaisuudet. Ruoka s\u00e4ilytt\u00e4\u00e4 tuoreutensa. <\/li>\n<li>K\u00e4ytetyt elintarvikkeet ovat terveellisi\u00e4 ja sopivat siksi optimaaliseen ruokavalioon niiden korkean vitamiini- ja proteiinipitoisuuden ansiosta.<\/li>\n<li>N\u00e4iden tuotteiden k\u00e4ytt\u00f6ik\u00e4 on pidempi (tyypillisesti 2-5 vuotta).<\/li>\n<li>S\u00e4ilykkeet ovat eritt\u00e4in helppoja s\u00e4ilytt\u00e4\u00e4, sill\u00e4 niiden pakkaukset on helppo levitt\u00e4\u00e4.<\/li>\n<\/ol>\n<p>Jos haluat ostaa paprikasalaattia tonnikalan kanssa tai mit\u00e4 tahansa muuta <a href=\"https:\/\/latiendadesami.com\/categoria-producto\/conservas\/\" rel=\"noopener noreferrer nofollow\" target=\"_blank\">s\u00e4ilykett\u00e4<\/a>, \u00e4l\u00e4 ep\u00e4r\u00f6i katsoa verkkoluetteloamme n\u00e4hd\u00e4ksesi laajan valikoiman <a href=\"https:\/\/latiendadesami.com\/categoria-producto\/conservas\/atun-y-bonito\/\" target=\"_blank\" rel=\"noopener noreferrer nofollow\">tonnikalaa<\/a>, jota meill\u00e4 on.<\/p>\n<p>Kirjoita meille saadaksesi lis\u00e4tietoja.<\/p>\n","protected":false},"excerpt":{"rendered":"<p>Alsurin piquillopippurisalaatti valmistetaan makeasta s\u00e4ilykepippurista. Pippuri on tunnettu korkeasta laadustaan ja hyvin erityisest\u00e4 maustaan, jossa on ripaus mausteisuutta. Niille on ominaista my\u00f6s niiden voimakas punainen v\u00e4ri, ainutlaatuinen rakenne, koko ja erityinen pitk\u00e4nomainen kolmion muoto. Ainesosat: Piquillo paprika, sipuli, vesi, sokeri, suola, etikka ja sitruunahappo. Ruukun nettopaino on 410 grammaa. S\u00e4ilyt\u00e4 viile\u00e4ss\u00e4, kuivassa paikassa. Kun olet [&hellip;]<\/p>\n","protected":false},"featured_media":21339,"template":"","meta":{"_et_pb_use_builder":"","_et_pb_old_content":"","_et_gb_content_width":""},"product_brand":[1196],"product_cat":[2375,1945,3730],"product_tag":[],"class_list":{"0":"post-21337","1":"product","2":"type-product","3":"status-publish","4":"has-post-thumbnail","6":"product_brand-alsur","7":"product_cat-paprikat","8":"product_cat-sailyttaa","9":"product_cat-vihannekset","11":"first","12":"outofstock","13":"taxable","14":"shipping-taxable","15":"purchasable","16":"product-type-simple"},"_links":{"self":[{"href":"https:\/\/myspainfood.com\/fi\/wp-json\/wp\/v2\/product\/21337","targetHints":{"allow":["GET"]}}],"collection":[{"href":"https:\/\/myspainfood.com\/fi\/wp-json\/wp\/v2\/product"}],"about":[{"href":"https:\/\/myspainfood.com\/fi\/wp-json\/wp\/v2\/types\/product"}],"wp:featuredmedia":[{"embeddable":true,"href":"https:\/\/myspainfood.com\/fi\/wp-json\/wp\/v2\/media\/21339"}],"wp:attachment":[{"href":"https:\/\/myspainfood.com\/fi\/wp-json\/wp\/v2\/media?parent=21337"}],"wp:term":[{"taxonomy":"product_brand","embeddable":true,"href":"https:\/\/myspainfood.com\/fi\/wp-json\/wp\/v2\/product_brand?post=21337"},{"taxonomy":"product_cat","embeddable":true,"href":"https:\/\/myspainfood.com\/fi\/wp-json\/wp\/v2\/product_cat?post=21337"},{"taxonomy":"product_tag","embeddable":true,"href":"https:\/\/myspainfood.com\/fi\/wp-json\/wp\/v2\/product_tag?post=21337"}],"curies":[{"name":"wp","href":"https:\/\/api.w.org\/{rel}","templated":true}]}}