{"id":21378,"date":"2025-04-10T12:10:26","date_gmt":"2025-04-10T10:10:26","guid":{"rendered":"https:\/\/myspainfood.com\/producto\/bocaditos-bacalao-salados\/"},"modified":"2025-06-24T13:16:06","modified_gmt":"2025-06-24T11:16:06","slug":"bocaditos-bacalao-salados","status":"publish","type":"product","link":"https:\/\/myspainfood.com\/fi\/producto\/bocaditos-bacalao-salados\/","title":{"rendered":"Bocaditos Bacalao Salados"},"content":{"rendered":"<p style=\"text-align: left\">&#8221;Turska on yleinen nimi useille Gadus-suvun kalalajeille, vaikka joillakin saman suvun kalalajeilla voi olla muitakin nimi\u00e4. Yleisin laji on Atlantin turska<strong>(Gadus morhua<\/strong> eli turska). Se on yksi maailman tunnetuimmista kaloista, ja sit\u00e4 arvostetaan sen hyv\u00e4n maun vuoksi.  <\/p>\n<h6 style=\"text-align: left\"><u>RAVINTOARVO<\/u><\/h6>\n<p>Ravitsemukselliselta kannalta turska on runsaasti proteiineja sis\u00e4lt\u00e4v\u00e4 elintarvike, jonka biologinen arvo ja sulavuus ovat korkeat ja jonka rasva- ja kaloripitoisuus on alhainen. Sen vesipitoisuus on noin 80 % (tuoreessa turskassa), ja se on hyv\u00e4 vitamiinien (l\u00e4hinn\u00e4 B-ryhm\u00e4n) ja elimist\u00f6lle v\u00e4ltt\u00e4m\u00e4tt\u00f6mien mineraalisuolojen l\u00e4hde. Korkeasta verenpaineesta k\u00e4rsiv\u00e4t voivat nauttia tuoretta tai suolatonta turskaa, sill\u00e4 sen natriumpitoisuus on alhainen ja kaliumpitoisuus korkea.  <\/p>\n","protected":false},"excerpt":{"rendered":"<p>&#8221;Turska on yleinen nimi useille Gadus-suvun kalalajeille, vaikka joillakin saman suvun kalalajeilla voi olla muitakin nimi\u00e4. Yleisin laji on Atlantin turska(Gadus morhua eli turska). Se on yksi maailman tunnetuimmista kaloista, ja sit\u00e4 arvostetaan sen hyv\u00e4n maun vuoksi. RAVINTOARVO Ravitsemukselliselta kannalta turska on runsaasti proteiineja sis\u00e4lt\u00e4v\u00e4 elintarvike, jonka biologinen arvo ja sulavuus ovat korkeat ja jonka [&hellip;]<\/p>\n","protected":false},"featured_media":21382,"template":"","meta":{"_et_pb_use_builder":"","_et_pb_old_content":"","_et_gb_content_width":""},"product_brand":[1290],"product_cat":[1872,3529],"product_tag":[],"class_list":{"0":"post-21378","1":"product","2":"type-product","3":"status-publish","4":"has-post-thumbnail","6":"product_brand-la-barajilla","7":"product_cat-kylma","8":"product_cat-turska","9":"product_shipping_class-kylmalahetys","11":"first","12":"outofstock","13":"taxable","14":"shipping-taxable","15":"purchasable","16":"product-type-simple"},"_links":{"self":[{"href":"https:\/\/myspainfood.com\/fi\/wp-json\/wp\/v2\/product\/21378","targetHints":{"allow":["GET"]}}],"collection":[{"href":"https:\/\/myspainfood.com\/fi\/wp-json\/wp\/v2\/product"}],"about":[{"href":"https:\/\/myspainfood.com\/fi\/wp-json\/wp\/v2\/types\/product"}],"wp:featuredmedia":[{"embeddable":true,"href":"https:\/\/myspainfood.com\/fi\/wp-json\/wp\/v2\/media\/21382"}],"wp:attachment":[{"href":"https:\/\/myspainfood.com\/fi\/wp-json\/wp\/v2\/media?parent=21378"}],"wp:term":[{"taxonomy":"product_brand","embeddable":true,"href":"https:\/\/myspainfood.com\/fi\/wp-json\/wp\/v2\/product_brand?post=21378"},{"taxonomy":"product_cat","embeddable":true,"href":"https:\/\/myspainfood.com\/fi\/wp-json\/wp\/v2\/product_cat?post=21378"},{"taxonomy":"product_tag","embeddable":true,"href":"https:\/\/myspainfood.com\/fi\/wp-json\/wp\/v2\/product_tag?post=21378"}],"curies":[{"name":"wp","href":"https:\/\/api.w.org\/{rel}","templated":true}]}}