{"id":21488,"date":"2025-04-10T12:10:29","date_gmt":"2025-04-10T10:10:29","guid":{"rendered":"https:\/\/myspainfood.com\/producto\/tonnikalan-vatsapalat-areoso-120gr-250-kpl\/"},"modified":"2025-09-02T10:47:31","modified_gmt":"2025-09-02T08:47:31","slug":"tonnikalan-vatsapalat-areoso-120gr-250-kpl","status":"publish","type":"product","link":"https:\/\/myspainfood.com\/fi\/producto\/tonnikalan-vatsapalat-areoso-120gr-250-kpl\/","title":{"rendered":"Tonnikalan vatsapalat Areoso 120gr 250 kpl"},"content":{"rendered":"<p>Eritelm\u00e4: Keltaev\u00e4tonnikalan (Thunnus albacares) vatsa auringonkukka\u00f6ljyss\u00e4.<\/p>\n<p>Ainesosat: 65,2%, auringonkukka\u00f6ljy 34,8%, suola, suola.<\/p>\n<p>Tuotantoprosessi: Keltaev\u00e4tonnikalan vatsa-alue on yksi arvostetuimmista sen hyv\u00e4n maun ja pehme\u00e4n rakenteen vuoksi. Tonnikalan vatsapalat saapuvat tehtaalle k\u00e4sitelt\u00e4viksi t\u00e4ysin perinteisell\u00e4 tavalla. Kypsennyksen j\u00e4lkeen ne puhdistetaan ja erotellaan k\u00e4sin ohuiksi, tasakokoisiksi viipaleiksi. Ne pakataan t\u00f6lkkeihin ja niihin lis\u00e4t\u00e4\u00e4n oliivi\u00f6ljy\u00e4 peittinesteeksi, joka ep\u00e4ilem\u00e4tt\u00e4 korostaa t\u00e4m\u00e4n eritt\u00e4in arvostetun tuotteen t\u00e4ytt\u00e4 makua. T\u00e4m\u00e4n j\u00e4lkeen t\u00f6lkit suljetaan ja steriloidaan, mik\u00e4 on tarkoin valvottu prosessi, joka takaa tuotteen laadun ja s\u00e4ilyvyyden vuosiksi ilman keinotekoisia s\u00e4il\u00f6nt\u00e4aineita.    <\/p>\n<p>Kirjoita meille saadaksesi lis\u00e4tietoja.<\/p>\n","protected":false},"excerpt":{"rendered":"<p>Eritelm\u00e4: Keltaev\u00e4tonnikalan (Thunnus albacares) vatsa auringonkukka\u00f6ljyss\u00e4. Ainesosat: 65,2%, auringonkukka\u00f6ljy 34,8%, suola, suola. Tuotantoprosessi: Keltaev\u00e4tonnikalan vatsa-alue on yksi arvostetuimmista sen hyv\u00e4n maun ja pehme\u00e4n rakenteen vuoksi. Tonnikalan vatsapalat saapuvat tehtaalle k\u00e4sitelt\u00e4viksi t\u00e4ysin perinteisell\u00e4 tavalla. Kypsennyksen j\u00e4lkeen ne puhdistetaan ja erotellaan k\u00e4sin ohuiksi, tasakokoisiksi viipaleiksi. Ne pakataan t\u00f6lkkeihin ja niihin lis\u00e4t\u00e4\u00e4n oliivi\u00f6ljy\u00e4 peittinesteeksi, joka ep\u00e4ilem\u00e4tt\u00e4 korostaa t\u00e4m\u00e4n [&hellip;]<\/p>\n","protected":false},"featured_media":21492,"template":"","meta":{"_et_pb_use_builder":"","_et_pb_old_content":"","_et_gb_content_width":""},"product_brand":[1358],"product_cat":[3289,3003],"product_tag":[],"class_list":{"0":"post-21488","1":"product","2":"type-product","3":"status-publish","4":"has-post-thumbnail","6":"product_brand-areoso","7":"product_cat-sailyttaa-fi-2","8":"product_cat-tukku","10":"first","11":"outofstock","12":"taxable","13":"shipping-taxable","14":"product-type-variable"},"_links":{"self":[{"href":"https:\/\/myspainfood.com\/fi\/wp-json\/wp\/v2\/product\/21488","targetHints":{"allow":["GET"]}}],"collection":[{"href":"https:\/\/myspainfood.com\/fi\/wp-json\/wp\/v2\/product"}],"about":[{"href":"https:\/\/myspainfood.com\/fi\/wp-json\/wp\/v2\/types\/product"}],"wp:featuredmedia":[{"embeddable":true,"href":"https:\/\/myspainfood.com\/fi\/wp-json\/wp\/v2\/media\/21492"}],"wp:attachment":[{"href":"https:\/\/myspainfood.com\/fi\/wp-json\/wp\/v2\/media?parent=21488"}],"wp:term":[{"taxonomy":"product_brand","embeddable":true,"href":"https:\/\/myspainfood.com\/fi\/wp-json\/wp\/v2\/product_brand?post=21488"},{"taxonomy":"product_cat","embeddable":true,"href":"https:\/\/myspainfood.com\/fi\/wp-json\/wp\/v2\/product_cat?post=21488"},{"taxonomy":"product_tag","embeddable":true,"href":"https:\/\/myspainfood.com\/fi\/wp-json\/wp\/v2\/product_tag?post=21488"}],"curies":[{"name":"wp","href":"https:\/\/api.w.org\/{rel}","templated":true}]}}