{"id":21565,"date":"2025-04-10T12:10:34","date_gmt":"2025-04-10T10:10:34","guid":{"rendered":"https:\/\/myspainfood.com\/producto\/iberialainen-chorizo-extra-fili-500-grammaa-salamanca\/"},"modified":"2026-01-29T11:16:42","modified_gmt":"2026-01-29T10:16:42","slug":"iberialainen-chorizo-extra-fili-500-grammaa-salamanca","status":"publish","type":"product","link":"https:\/\/myspainfood.com\/fi\/producto\/iberialainen-chorizo-extra-fili-500-grammaa-salamanca\/","title":{"rendered":"Iberialainen Chorizo Extra Fili 500 grammaa Salamanca"},"content":{"rendered":"<p>Korkealaatuinen perinteinen tuote, joka on valmistettu valikoidusta parhaasta iberialaisesta v\u00e4h\u00e4rasvaisesta lihasta, paprikasta, valkosipulista&#8230;<\/p>\n<p>Esittely: luonnollinen sianlihan kuori, tyhji\u00f6pakattu kokonaisina paloina tai puolikkaina.<\/p>\n","protected":false},"excerpt":{"rendered":"<p>Korkealaatuinen perinteinen tuote, joka on valmistettu valikoidusta parhaasta iberialaisesta v\u00e4h\u00e4rasvaisesta lihasta, paprikasta, valkosipulista&#8230; Esittely: luonnollinen sianlihan kuori, tyhji\u00f6pakattu kokonaisina paloina tai puolikkaina.<\/p>\n","protected":false},"featured_media":21571,"template":"","meta":{"_et_pb_use_builder":"","_et_pb_old_content":"","_et_gb_content_width":""},"product_brand":[1388],"product_cat":[2301,1872,2302],"product_tag":[],"class_list":{"0":"post-21565","1":"product","2":"type-product","3":"status-publish","4":"has-post-thumbnail","6":"product_brand-fili","7":"product_cat-juustoa-ja-makkaraa","8":"product_cat-kylma","9":"product_cat-makkara","10":"product_shipping_class-kylmalahetys","12":"first","13":"instock","14":"featured","15":"taxable","16":"shipping-taxable","17":"purchasable","18":"product-type-variable"},"_links":{"self":[{"href":"https:\/\/myspainfood.com\/fi\/wp-json\/wp\/v2\/product\/21565","targetHints":{"allow":["GET"]}}],"collection":[{"href":"https:\/\/myspainfood.com\/fi\/wp-json\/wp\/v2\/product"}],"about":[{"href":"https:\/\/myspainfood.com\/fi\/wp-json\/wp\/v2\/types\/product"}],"wp:featuredmedia":[{"embeddable":true,"href":"https:\/\/myspainfood.com\/fi\/wp-json\/wp\/v2\/media\/21571"}],"wp:attachment":[{"href":"https:\/\/myspainfood.com\/fi\/wp-json\/wp\/v2\/media?parent=21565"}],"wp:term":[{"taxonomy":"product_brand","embeddable":true,"href":"https:\/\/myspainfood.com\/fi\/wp-json\/wp\/v2\/product_brand?post=21565"},{"taxonomy":"product_cat","embeddable":true,"href":"https:\/\/myspainfood.com\/fi\/wp-json\/wp\/v2\/product_cat?post=21565"},{"taxonomy":"product_tag","embeddable":true,"href":"https:\/\/myspainfood.com\/fi\/wp-json\/wp\/v2\/product_tag?post=21565"}],"curies":[{"name":"wp","href":"https:\/\/api.w.org\/{rel}","templated":true}]}}